{"id":11,"date":"2019-04-14T03:09:21","date_gmt":"2019-04-14T03:09:21","guid":{"rendered":"https:\/\/www.alcatelmobile.com\/?page_id=11"},"modified":"2019-07-26T13:32:52","modified_gmt":"2019-07-26T05:32:52","slug":"tcl-communication","status":"publish","type":"page","link":"https:\/\/www.alcatelmobile.com\/mx\/tcl-communication\/","title":{"rendered":"Acerca de Nosotros"},"content":{"rendered":"\t\t<div data-elementor-type=\"post\" data-elementor-id=\"11\" class=\"elementor elementor-11\" data-elementor-settings=\"[]\">\n\t\t\t<div class=\"elementor-inner\">\n\t\t\t\t<div class=\"elementor-section-wrap\">\n\t\t\t\t\t\t\t<section class=\"elementor-element elementor-element-69b9a566 mi-no-height elementor-section-boxed elementor-section-height-default elementor-section-height-default elementor-section elementor-top-section\" data-id=\"69b9a566\" data-element_type=\"section\">\n\t\t\t\t\t\t<div class=\"elementor-container elementor-column-gap-no\">\n\t\t\t\t<div class=\"elementor-row\">\n\t\t\t\t<div class=\"elementor-element elementor-element-55626936 elementor-column elementor-col-100 elementor-top-column\" data-id=\"55626936\" data-element_type=\"column\">\n\t\t\t<div class=\"elementor-column-wrap  elementor-element-populated\">\n\t\t\t\t\t<div class=\"elementor-widget-wrap\">\n\t\t\t\t<div class=\"elementor-element elementor-element-26df0d72 elementor-widget elementor-widget-html\" data-id=\"26df0d72\" data-element_type=\"widget\" data-widget_type=\"html.default\">\n\t\t\t\t<div class=\"elementor-widget-container\">\n\t\t\t<div id=\"mi-prevent-header-double-overlay\"><\/div>\t\t<\/div>\n\t\t\t\t<\/div>\n\t\t\t\t\t\t<\/div>\n\t\t\t<\/div>\n\t\t<\/div>\n\t\t\t\t\t\t<\/div>\n\t\t\t<\/div>\n\t\t<\/section>\n\t\t\t\t<section class=\"elementor-element elementor-element-4c310b74 elementor-section-height-min-height elementor-section-content-middle mi-hero-image mi-dynamic-bg mi-force-full-width elementor-section-boxed elementor-section-height-default elementor-section-items-middle elementor-section elementor-top-section\" data-id=\"4c310b74\" data-element_type=\"section\" data-settings=\"{&quot;background_background&quot;:&quot;classic&quot;}\">\n\t\t\t\t\t\t\t<div class=\"elementor-background-overlay\"><\/div>\n\t\t\t\t\t\t\t<div class=\"elementor-container elementor-column-gap-no\">\n\t\t\t\t<div class=\"elementor-row\">\n\t\t\t\t<div class=\"elementor-element elementor-element-3dc38656 elementor-column elementor-col-100 elementor-top-column\" data-id=\"3dc38656\" data-element_type=\"column\">\n\t\t\t<div class=\"elementor-column-wrap  elementor-element-populated\">\n\t\t\t\t\t<div class=\"elementor-widget-wrap\">\n\t\t\t\t<div class=\"elementor-element elementor-element-39305b8 elementor-widget elementor-widget-heading\" data-id=\"39305b8\" data-element_type=\"widget\" data-widget_type=\"heading.default\">\n\t\t\t\t<div class=\"elementor-widget-container\">\n\t\t\t<h1 class=\"elementor-heading-title elementor-size-default\">Acerca de Nosotros<\/h1>\t\t<\/div>\n\t\t\t\t<\/div>\n\t\t\t\t<div class=\"elementor-element elementor-element-38019e6b elementor-widget elementor-widget-heading\" data-id=\"38019e6b\" data-element_type=\"widget\" data-widget_type=\"heading.default\">\n\t\t\t\t<div class=\"elementor-widget-container\">\n\t\t\t<h2 class=\"elementor-heading-title elementor-size-default\">Informaci\u00f3n sobre nosotros en un solo lugar.<\/h2>\t\t<\/div>\n\t\t\t\t<\/div>\n\t\t\t\t\t\t<\/div>\n\t\t\t<\/div>\n\t\t<\/div>\n\t\t\t\t\t\t<\/div>\n\t\t\t<\/div>\n\t\t<\/section>\n\t\t\t\t<section class=\"elementor-element elementor-element-6f5ed058 elementor-section-boxed elementor-section-height-default elementor-section-height-default elementor-section elementor-top-section\" data-id=\"6f5ed058\" data-element_type=\"section\">\n\t\t\t\t\t\t<div class=\"elementor-container elementor-column-gap-no\">\n\t\t\t\t<div class=\"elementor-row\">\n\t\t\t\t<div class=\"elementor-element elementor-element-117293fd elementor-column elementor-col-100 elementor-top-column\" data-id=\"117293fd\" data-element_type=\"column\">\n\t\t\t<div class=\"elementor-column-wrap  elementor-element-populated\">\n\t\t\t\t\t<div class=\"elementor-widget-wrap\">\n\t\t\t\t<div class=\"elementor-element elementor-element-7d30b6ad mi-general-text mi-hyperlink-blue elementor-widget elementor-widget-text-editor\" data-id=\"7d30b6ad\" data-element_type=\"widget\" data-widget_type=\"text-editor.default\">\n\t\t\t\t<div class=\"elementor-widget-container\">\n\t\t\t\t\t<div class=\"elementor-text-editor elementor-clearfix\"><p>Con base en Hong Kong, TCL Communication Technology Holdings Limited dise\u00f1a, fabrica y vende un portafolio creciente de productos y servicios m\u00f3viles en todo el mundo.<\/p>\n<p>El portafolio de productos se vende actualmente en m\u00e1s de 160 pa\u00edses de Norte Am\u00e9rica, Latinoam\u00e9rica, Europa, Medio Oriente, \u00c1frica, Asia y Ocean\u00eda. TCL fue catalogada entre los 10 fabricantes m\u00e1s grandes de tel\u00e9fonos m\u00f3viles en el primer cuarto de 2017 de acuerdo con IDC e informaci\u00f3n de la compa\u00f1\u00eda.<\/p>\n<p>Los productos comercializados por TCL con marca Alcatel entregan innovaci\u00f3n, experiencias ricas en especificaciones que hacen simple el acceso a la tecnolog\u00eda m\u00f3vil actual; entregando un portafolio variado de productos cargados de la tecnolog\u00eda que la gente hoy mas busca. Sus productos y soluciones son vistos por los millennials y la Generaci\u00f3n Z de consumidores como simples, personalizables, aut\u00e9nticos y divertidos. Combinando y entendiendo cada mercado, y con el control punta a punta del proceso de fabricaci\u00f3n, Alcatel entrega experiencias a media con productos m\u00f3viles de alta performance que permiten a los consumidores explorar y amplificar su bienestar d\u00eda a d\u00eda.TCL es una marca registrada de TCL Corporation. Todas las otras marcas son propiedad de sus due\u00f1os respectivos. Alcatel es una marca de Nokia usada bajo licencia por TCL Comunicaciones.<\/p><\/div>\n\t\t\t\t<\/div>\n\t\t\t\t<\/div>\n\t\t\t\t\t\t<\/div>\n\t\t\t<\/div>\n\t\t<\/div>\n\t\t\t\t\t\t<\/div>\n\t\t\t<\/div>\n\t\t<\/section>\n\t\t\t\t\t\t<\/div>\n\t\t\t<\/div>\n\t\t<\/div>\n\t\t","protected":false},"excerpt":{"rendered":"<p>Informaci\u00f3n sobre nosotros en un solo lugar.<\/p>\n","protected":false},"author":1,"featured_media":13132,"parent":0,"menu_order":0,"comment_status":"closed","ping_status":"closed","template":"","meta":[],"_links":{"self":[{"href":"https:\/\/www.alcatelmobile.com\/mx\/content\/wp-json\/wp\/v2\/pages\/11"}],"collection":[{"href":"https:\/\/www.alcatelmobile.com\/mx\/content\/wp-json\/wp\/v2\/pages"}],"about":[{"href":"https:\/\/www.alcatelmobile.com\/mx\/content\/wp-json\/wp\/v2\/types\/page"}],"author":[{"embeddable":true,"href":"https:\/\/www.alcatelmobile.com\/mx\/content\/wp-json\/wp\/v2\/users\/1"}],"replies":[{"embeddable":true,"href":"https:\/\/www.alcatelmobile.com\/mx\/content\/wp-json\/wp\/v2\/comments?post=11"}],"version-history":[{"count":30,"href":"https:\/\/www.alcatelmobile.com\/mx\/content\/wp-json\/wp\/v2\/pages\/11\/revisions"}],"predecessor-version":[{"id":26387,"href":"https:\/\/www.alcatelmobile.com\/mx\/content\/wp-json\/wp\/v2\/pages\/11\/revisions\/26387"}],"wp:featuredmedia":[{"embeddable":true,"href":"https:\/\/www.alcatelmobile.com\/mx\/content\/wp-json\/wp\/v2\/media\/13132"}],"wp:attachment":[{"href":"https:\/\/www.alcatelmobile.com\/mx\/content\/wp-json\/wp\/v2\/media?parent=11"}],"curies":[{"name":"wp","href":"https:\/\/api.w.org\/{rel}","templated":true}]}}