{"id":11,"date":"2019-04-14T03:09:21","date_gmt":"2019-04-14T03:09:21","guid":{"rendered":"https:\/\/www.alcatelmobile.com\/?page_id=11"},"modified":"2020-04-13T19:34:18","modified_gmt":"2020-04-13T11:34:18","slug":"tcl-communication","status":"publish","type":"page","link":"https:\/\/www.alcatelmobile.com\/north_africa\/tcl-communication\/","title":{"rendered":"\u00c0 propos"},"content":{"rendered":"\t\t<div data-elementor-type=\"post\" data-elementor-id=\"11\" class=\"elementor elementor-11\" data-elementor-settings=\"[]\">\n\t\t\t<div class=\"elementor-inner\">\n\t\t\t\t<div class=\"elementor-section-wrap\">\n\t\t\t\t\t\t\t<section class=\"elementor-element elementor-element-69b9a566 mi-no-height elementor-section-boxed elementor-section-height-default elementor-section-height-default elementor-section elementor-top-section\" data-id=\"69b9a566\" data-element_type=\"section\">\n\t\t\t\t\t\t<div class=\"elementor-container elementor-column-gap-no\">\n\t\t\t\t<div class=\"elementor-row\">\n\t\t\t\t<div class=\"elementor-element elementor-element-55626936 elementor-column elementor-col-100 elementor-top-column\" data-id=\"55626936\" data-element_type=\"column\">\n\t\t\t<div class=\"elementor-column-wrap  elementor-element-populated\">\n\t\t\t\t\t<div class=\"elementor-widget-wrap\">\n\t\t\t\t<div class=\"elementor-element elementor-element-26df0d72 elementor-widget elementor-widget-html\" data-id=\"26df0d72\" data-element_type=\"widget\" data-widget_type=\"html.default\">\n\t\t\t\t<div class=\"elementor-widget-container\">\n\t\t\t<div id=\"mi-prevent-header-double-overlay\"><\/div>\t\t<\/div>\n\t\t\t\t<\/div>\n\t\t\t\t\t\t<\/div>\n\t\t\t<\/div>\n\t\t<\/div>\n\t\t\t\t\t\t<\/div>\n\t\t\t<\/div>\n\t\t<\/section>\n\t\t\t\t<section class=\"elementor-element elementor-element-4c310b74 elementor-section-height-min-height elementor-section-content-middle mi-hero-image mi-dynamic-bg mi-force-full-width elementor-section-boxed elementor-section-height-default elementor-section-items-middle elementor-section elementor-top-section\" data-id=\"4c310b74\" data-element_type=\"section\" data-settings=\"{&quot;background_background&quot;:&quot;classic&quot;}\">\n\t\t\t\t\t\t\t<div class=\"elementor-background-overlay\"><\/div>\n\t\t\t\t\t\t\t<div class=\"elementor-container elementor-column-gap-no\">\n\t\t\t\t<div class=\"elementor-row\">\n\t\t\t\t<div class=\"elementor-element elementor-element-3dc38656 elementor-column elementor-col-100 elementor-top-column\" data-id=\"3dc38656\" data-element_type=\"column\">\n\t\t\t<div class=\"elementor-column-wrap  elementor-element-populated\">\n\t\t\t\t\t<div class=\"elementor-widget-wrap\">\n\t\t\t\t<div class=\"elementor-element elementor-element-39305b8 elementor-widget elementor-widget-heading\" data-id=\"39305b8\" data-element_type=\"widget\" data-widget_type=\"heading.default\">\n\t\t\t\t<div class=\"elementor-widget-container\">\n\t\t\t<h1 class=\"elementor-heading-title elementor-size-default\">\u00c0 propos<\/h1>\t\t<\/div>\n\t\t\t\t<\/div>\n\t\t\t\t<div class=\"elementor-element elementor-element-38019e6b elementor-widget elementor-widget-heading\" data-id=\"38019e6b\" data-element_type=\"widget\" data-widget_type=\"heading.default\">\n\t\t\t\t<div class=\"elementor-widget-container\">\n\t\t\t<h2 class=\"elementor-heading-title elementor-size-default\">Toutes les informations nous concernant en un m\u00eame endroit.<\/h2>\t\t<\/div>\n\t\t\t\t<\/div>\n\t\t\t\t\t\t<\/div>\n\t\t\t<\/div>\n\t\t<\/div>\n\t\t\t\t\t\t<\/div>\n\t\t\t<\/div>\n\t\t<\/section>\n\t\t\t\t<section class=\"elementor-element elementor-element-6f5ed058 elementor-section-boxed elementor-section-height-default elementor-section-height-default elementor-section elementor-top-section\" data-id=\"6f5ed058\" data-element_type=\"section\">\n\t\t\t\t\t\t<div class=\"elementor-container elementor-column-gap-no\">\n\t\t\t\t<div class=\"elementor-row\">\n\t\t\t\t<div class=\"elementor-element elementor-element-117293fd elementor-column elementor-col-100 elementor-top-column\" data-id=\"117293fd\" data-element_type=\"column\">\n\t\t\t<div class=\"elementor-column-wrap  elementor-element-populated\">\n\t\t\t\t\t<div class=\"elementor-widget-wrap\">\n\t\t\t\t<div class=\"elementor-element elementor-element-7d30b6ad mi-general-text mi-hyperlink-blue elementor-widget elementor-widget-text-editor\" data-id=\"7d30b6ad\" data-element_type=\"widget\" data-widget_type=\"text-editor.default\">\n\t\t\t\t<div class=\"elementor-widget-container\">\n\t\t\t\t\t<div class=\"elementor-text-editor elementor-clearfix\"><p>Bas\u00e9e \u00e0 Hong Kong, TCL Communication Technology Holdings Limited con\u00e7oit, fabrique et commercialise un catalogue croissant de produits et services mobiles et Internet dans le monde entier. Le Catalogue de produits de la soci\u00e9t\u00e9 est actuellement vendu dans plus de 160 pays, en Am\u00e9rique du Nord, en Am\u00e9rique latine, en Europe, au Moyen-Orient, en Afrique et en Asie-Pacifique. TCL Communication s&#8217;est class\u00e9e parmi les 10 premiers fabricants mondiaux de t\u00e9l\u00e9phonie portable au premier trimestre 2017, selon IDC et les donn\u00e9es de l&#8217;entreprise.<\/p>\n<p>Les appareils de la marque Alcatel de TCL Communication offrent des exp\u00e9riences innovantes et riches en fonctionnalit\u00e9s qui facilitent l&#8217;acc\u00e8s \u00e0 la technologie mobile d&#8217;aujourd&#8217;hui ; tout en offrant un catalogue diversifi\u00e9 de produits \u00e0 valeur ajout\u00e9e \u00e9quip\u00e9s de la technologie la plus demand\u00e9e par le public. Ses produits et solutions sont en ad\u00e9quation avec l\u2019approche simple, personnelle, authentique et ludique des consommateurs de la g\u00e9n\u00e9ration Y et de la g\u00e9n\u00e9ration Z. En combinant la compr\u00e9hension des march\u00e9s locaux et la ma\u00eetrise du processus de fabrication de bout en bout. La marque Alcatel offre des exp\u00e9riences utilisateur personnalis\u00e9es avec des appareils mobiles haute performance qui permettent aux consommateurs d&#8217;explorer et d&#8217;amplifier leur plaisir au quotidien.<\/p>\n<p>TCL est une marque d\u00e9pos\u00e9e de TCL Corporation. Toutes les autres marques sont la propri\u00e9t\u00e9 de leurs propri\u00e9taires respectifs. Alcatel est une marque commerciale de Nokia utilis\u00e9e sous licence par TCL Communication. Pour de plus amples informations, veuillez visiter <a href=\"https:\/\/www.alcatelmobile.com\/\">https:\/\/www.alcatelmobile.com\/<\/a><\/p><\/div>\n\t\t\t\t<\/div>\n\t\t\t\t<\/div>\n\t\t\t\t\t\t<\/div>\n\t\t\t<\/div>\n\t\t<\/div>\n\t\t\t\t\t\t<\/div>\n\t\t\t<\/div>\n\t\t<\/section>\n\t\t\t\t\t\t<\/div>\n\t\t\t<\/div>\n\t\t<\/div>\n\t\t","protected":false},"excerpt":{"rendered":"<p>Toutes les informations nous concernant en un m\u00eame endroit.<\/p>\n","protected":false},"author":1,"featured_media":13132,"parent":0,"menu_order":0,"comment_status":"closed","ping_status":"closed","template":"","meta":[],"_links":{"self":[{"href":"https:\/\/www.alcatelmobile.com\/north_africa\/content\/wp-json\/wp\/v2\/pages\/11"}],"collection":[{"href":"https:\/\/www.alcatelmobile.com\/north_africa\/content\/wp-json\/wp\/v2\/pages"}],"about":[{"href":"https:\/\/www.alcatelmobile.com\/north_africa\/content\/wp-json\/wp\/v2\/types\/page"}],"author":[{"embeddable":true,"href":"https:\/\/www.alcatelmobile.com\/north_africa\/content\/wp-json\/wp\/v2\/users\/1"}],"replies":[{"embeddable":true,"href":"https:\/\/www.alcatelmobile.com\/north_africa\/content\/wp-json\/wp\/v2\/comments?post=11"}],"version-history":[{"count":31,"href":"https:\/\/www.alcatelmobile.com\/north_africa\/content\/wp-json\/wp\/v2\/pages\/11\/revisions"}],"predecessor-version":[{"id":28836,"href":"https:\/\/www.alcatelmobile.com\/north_africa\/content\/wp-json\/wp\/v2\/pages\/11\/revisions\/28836"}],"wp:featuredmedia":[{"embeddable":true,"href":"https:\/\/www.alcatelmobile.com\/north_africa\/content\/wp-json\/wp\/v2\/media\/13132"}],"wp:attachment":[{"href":"https:\/\/www.alcatelmobile.com\/north_africa\/content\/wp-json\/wp\/v2\/media?parent=11"}],"curies":[{"name":"wp","href":"https:\/\/api.w.org\/{rel}","templated":true}]}}