{"id":26213,"date":"2019-07-10T16:37:35","date_gmt":"2019-07-10T08:37:35","guid":{"rendered":"https:\/\/www.alcatelmobile.com\/?post_type=product&#038;p=26213"},"modified":"2020-04-15T11:29:21","modified_gmt":"2020-04-15T03:29:21","slug":"linkhub-lte-cat4-home-station","status":"publish","type":"product","link":"https:\/\/www.alcatelmobile.com\/north_africa\/product\/mobile-broadband\/mobile-wifi\/linkhub-lte-cat4-home-station\/","title":{"rendered":"LINKHUB LTE Cat4 Home Station"},"content":{"rendered":"","protected":false},"excerpt":{"rendered":"<p>Borne Wi-Fi sans fil pour une connexion rapide<br \/>\nRAPIDE \u00c0 INSTALLER, FACILE \u00c0 D\u00c9PLACER<\/p>\n","protected":false},"featured_media":0,"template":"","meta":[],"_links":{"self":[{"href":"https:\/\/www.alcatelmobile.com\/north_africa\/content\/wp-json\/wp\/v2\/product\/26213"}],"collection":[{"href":"https:\/\/www.alcatelmobile.com\/north_africa\/content\/wp-json\/wp\/v2\/product"}],"about":[{"href":"https:\/\/www.alcatelmobile.com\/north_africa\/content\/wp-json\/wp\/v2\/types\/product"}],"version-history":[{"count":16,"href":"https:\/\/www.alcatelmobile.com\/north_africa\/content\/wp-json\/wp\/v2\/product\/26213\/revisions"}],"predecessor-version":[{"id":28893,"href":"https:\/\/www.alcatelmobile.com\/north_africa\/content\/wp-json\/wp\/v2\/product\/26213\/revisions\/28893"}],"wp:attachment":[{"href":"https:\/\/www.alcatelmobile.com\/north_africa\/content\/wp-json\/wp\/v2\/media?parent=26213"}],"curies":[{"name":"wp","href":"https:\/\/api.w.org\/{rel}","templated":true}]}}