{"id":284,"date":"2019-04-16T14:54:54","date_gmt":"2019-04-16T14:54:54","guid":{"rendered":"https:\/\/www.alcatelmobile.com\/?page_id=284"},"modified":"2020-04-08T10:06:00","modified_gmt":"2020-04-08T02:06:00","slug":"terms-conditions","status":"publish","type":"page","link":"https:\/\/www.alcatelmobile.com\/pe\/terms-conditions\/","title":{"rendered":"Terminos &#038; Condiciones"},"content":{"rendered":"\t\t<div data-elementor-type=\"post\" data-elementor-id=\"284\" class=\"elementor elementor-284\" data-elementor-settings=\"[]\">\n\t\t\t<div class=\"elementor-inner\">\n\t\t\t\t<div class=\"elementor-section-wrap\">\n\t\t\t\t\t\t\t<section class=\"elementor-element elementor-element-5d992c1c mi-no-height elementor-section-boxed elementor-section-height-default elementor-section-height-default elementor-section elementor-top-section\" data-id=\"5d992c1c\" data-element_type=\"section\">\n\t\t\t\t\t\t<div class=\"elementor-container elementor-column-gap-no\">\n\t\t\t\t<div class=\"elementor-row\">\n\t\t\t\t<div class=\"elementor-element elementor-element-3fc3f109 elementor-column elementor-col-100 elementor-top-column\" data-id=\"3fc3f109\" data-element_type=\"column\">\n\t\t\t<div class=\"elementor-column-wrap  elementor-element-populated\">\n\t\t\t\t\t<div class=\"elementor-widget-wrap\">\n\t\t\t\t<div class=\"elementor-element elementor-element-3ef70ce3 elementor-widget elementor-widget-html\" data-id=\"3ef70ce3\" data-element_type=\"widget\" data-widget_type=\"html.default\">\n\t\t\t\t<div class=\"elementor-widget-container\">\n\t\t\t<div id=\"mi-alternative-menu-bottom-border-color\" data-alt-class=\"mi-dark-bottom-border\"><\/div>\t\t<\/div>\n\t\t\t\t<\/div>\n\t\t\t\t\t\t<\/div>\n\t\t\t<\/div>\n\t\t<\/div>\n\t\t\t\t\t\t<\/div>\n\t\t\t<\/div>\n\t\t<\/section>\n\t\t\t\t<section class=\"elementor-element elementor-element-c4a6c6f elementor-section-boxed elementor-section-height-default elementor-section-height-default elementor-section elementor-top-section\" data-id=\"c4a6c6f\" data-element_type=\"section\">\n\t\t\t\t\t\t<div class=\"elementor-container elementor-column-gap-no\">\n\t\t\t\t<div class=\"elementor-row\">\n\t\t\t\t<div class=\"elementor-element elementor-element-400c8ab8 elementor-column elementor-col-100 elementor-top-column\" data-id=\"400c8ab8\" data-element_type=\"column\">\n\t\t\t<div class=\"elementor-column-wrap  elementor-element-populated\">\n\t\t\t\t\t<div class=\"elementor-widget-wrap\">\n\t\t\t\t<div class=\"elementor-element elementor-element-1b88705f elementor-widget elementor-widget-theme-post-title elementor-page-title elementor-widget-heading\" data-id=\"1b88705f\" data-element_type=\"widget\" data-widget_type=\"theme-post-title.default\">\n\t\t\t\t<div class=\"elementor-widget-container\">\n\t\t\t<h1 class=\"elementor-heading-title elementor-size-default\">Terminos &#038; Condiciones<\/h1>\t\t<\/div>\n\t\t\t\t<\/div>\n\t\t\t\t<div class=\"elementor-element elementor-element-318e0821 mi-general-text mi-hyperlink-blue elementor-widget elementor-widget-text-editor\" data-id=\"318e0821\" data-element_type=\"widget\" data-widget_type=\"text-editor.default\">\n\t\t\t\t<div class=\"elementor-widget-container\">\n\t\t\t\t\t<div class=\"elementor-text-editor elementor-clearfix\"><h2 style=\"font-size: 1em; font-style: normal; margin-top: 20px; margin-bottom: 10px; color: #00a0e3; line-height: 1.3em; text-transform: uppercase; font-family: Lato, Helvetica, Arial, sans-serif; text-rendering: optimizelegibility; text-align: center;\"><strong>TERMINOS DE USO<\/strong><\/h2>\n<p>Bienvenido a nuestro sitio. Estos t\u00e9rminos y condiciones rigen su uso del sitio web <a href=\"https:\/\/www.alcatelmobile.com\/\">www.alcatelmobile.com<\/a> (en adelante, el &#8220;Sitio web&#8221;) y todos los sitios web relacionados. Le proporcionamos este sitio web sujeto a estos T\u00e9rminos de uso, nuestra Pol\u00edtica de privacidad y Pol\u00edtica de cookies (en adelante, &#8220;T\u00e9rminos y condiciones&#8221;) cuidadosamente. Lea atentamente estos T\u00e9rminos y condiciones. Estos T\u00e9rminos y condiciones son un contrato entre usted y TCL Communication Technology Holdings Limited (&#8220;TCT&#8221;) y pueden modificarse peri\u00f3dicamente. Dicha modificaci\u00f3n y los t\u00e9rminos y condiciones adicionales se le comunicar\u00e1n y, si se aceptan, entrar\u00e1n en vigencia de inmediato y se incorporar\u00e1n a estos T\u00e9rminos y condiciones. En caso de que se niegue a aceptar dichos cambios, dejar\u00e1 de acceder a este sitio web de inmediato. Si no acepta los T\u00e9rminos y condiciones, no utilice este sitio web. Si utiliza este sitio web, acepta y acepta estos T\u00e9rminos y condiciones. Parte del contenido de este sitio web puede no estar adaptado para menores. Al acceder a este sitio web, usted garantiza que no es menor de edad y tiene derecho por ley de su pa\u00eds de domicilio a acceder a este sitio web.<\/p>\n<h2 style=\"font-size: 1em; font-style: normal; margin-top: 20px; margin-bottom: 10px; color: #00a0e3; line-height: 1.3em; text-transform: uppercase; font-family: Lato, Helvetica, Arial, sans-serif; text-rendering: optimizelegibility; text-align: center;\"><strong>PROPIEDAD INTELECTUAL<\/strong><\/h2>\n<p>A excepci\u00f3n del contenido generado por el usuario, si lo hay, este sitio web, incluidos todos los derechos de autor, marcas comerciales y otros derechos de propiedad intelectual, est\u00e1n protegidos por derechos de propiedad intelectual y son propiedad de TCT o de un tercero. No puede reproducir, distribuir, modificar o crear obras derivadas de, mostrar p\u00fablicamente (incluso enmarcando cualquier contenido), o explotar comercialmente cualquier parte de este sitio web, excepto cuando sea necesario para ver el contenido y crear un n\u00famero razonable de copias de porciones de dicho contenido (sin modificaci\u00f3n) para su uso personal, no comercial. Si cree que cualquier contenido de este sitio web viola los derechos de propiedad intelectual de terceros, cont\u00e1ctenos de inmediato. Tan pronto como recibamos su notificaci\u00f3n, tomaremos las medidas necesarias para detener cualquier violaci\u00f3n y eliminar cualquier contenido il\u00edcito de nuestro sitio web. Las marcas comerciales de Alcatel, TCL, Blackberry, los logotipos asociados y cualquier otra marca comercial, marca de servicio, gr\u00e1ficos y logotipos utilizados en relaci\u00f3n con este sitio web son marcas comerciales o marcas comerciales registradas de TCT o sus licenciantes. Otras marcas comerciales, marcas de servicio, gr\u00e1ficos y logotipos utilizados en relaci\u00f3n con este sitio web pueden ser marcas comerciales de sus respectivos propietarios. No se le otorga ning\u00fan derecho o licencia con respecto a ninguna de las marcas comerciales mencionadas y el uso de dichas marcas comerciales. En caso de cualquier violaci\u00f3n de lo anterior, TCT se reserva el derecho de pedirle que detenga o rectifique inmediatamente el uso ilegal, o, si el uso ilegal y \/ o la violaci\u00f3n contin\u00faan, TCT se reserva el derecho de presentar un reclamo en su contra.<\/p>\n<h2 style=\"font-size: 1em; font-style: normal; margin-top: 20px; margin-bottom: 10px; color: #00a0e3; line-height: 1.3em; text-transform: uppercase; font-family: Lato, Helvetica, Arial, sans-serif; text-rendering: optimizelegibility; text-align: center;\"><strong>LICENCIAS Y ACCESO AL SITIO<\/strong><\/h2>\n<p>Le otorgamos una licencia limitada para acceder y hacer uso personal de este sitio web. Este sitio web o cualquier parte de este sitio web no puede reproducirse, duplicarse, copiarse, venderse, revenderse, visitarse ni explotarse de ninguna otra manera para ning\u00fan fin comercial sin nuestro consentimiento expreso por escrito. No puede enmarcar ni utilizar t\u00e9cnicas de enmarcado para adjuntar ninguna marca registrada, logotipo u otra informaci\u00f3n de propiedad (incluidas im\u00e1genes, texto, dise\u00f1o de p\u00e1gina o formulario) sin nuestro consentimiento expreso por escrito. No puede utilizar ninguna meta-etiqueta ni ning\u00fan otro &#8220;texto oculto&#8221; que utilice nuestro nombre o marcas comerciales sin nuestro consentimiento expreso por escrito. Cualquier uso no autorizado causar\u00e1 la terminaci\u00f3n de esta licencia otorgada autom\u00e1ticamente.<\/p>\n<h2 style=\"font-size: 1em; font-style: normal; margin-top: 20px; margin-bottom: 10px; color: #00a0e3; line-height: 1.3em; text-transform: uppercase; font-family: Lato, Helvetica, Arial, sans-serif; text-rendering: optimizelegibility; text-align: center;\"><strong>AVISOS DE GARANT\u00cdA; LIMITACI\u00d3N DE RESPONSABILIDADES<\/strong><\/h2>\n<p>TCT proporciona este sitio web &#8220;tal cual&#8221;. En la m\u00e1xima medida permitida por la ley aplicable, ni TCT ni sus socios, proveedores o afiliados hacen ninguna declaraci\u00f3n o garant\u00eda de ning\u00fan tipo, expresa o impl\u00edcita, sobre el funcionamiento de este sitio web, sus contenidos o cualquier informaci\u00f3n disponible por o a trav\u00e9s de este sitio web. Adem\u00e1s, TCT y sus socios renuncian a todas las garant\u00edas con respecto a este sitio web, expresas o impl\u00edcitas, incluidas, entre otras, las garant\u00edas impl\u00edcitas de comerciabilidad, t\u00edtulo, idoneidad para un prop\u00f3sito particular y no infracci\u00f3n. Adem\u00e1s, TCT no garantiza que el uso de este sitio web sea ininterrumpido, est\u00e9 disponible en cualquier momento o desde cualquier lugar en particular, sea seguro o libre de errores, que los defectos se corrijan o que este sitio web est\u00e9 libre de virus u otros componentes potencialmente da\u00f1inos. . Usted ser\u00e1 responsable de hacer una copia de seguridad de su propio sistema. TCT no hace ninguna otra promesa o garant\u00eda sobre este sitio web y, en particular, no garantiza y no ser\u00e1 responsable de ning\u00fan reclamo que resulte de una decisi\u00f3n tomada por TCT de eliminar o negarse a procesar cualquier informaci\u00f3n o contenido, para advertirle a usted, a suspender o finalizar su acceso a este sitio web, o tomar cualquier otra acci\u00f3n durante la investigaci\u00f3n de una presunta violaci\u00f3n o como resultado de la conclusi\u00f3n de TCT de que se ha producido una violaci\u00f3n de estos T\u00e9rminos y condiciones; o se relaciona con la p\u00e9rdida de ingresos, negocios o ganancias, o cualquier p\u00e9rdida de datos o corrupci\u00f3n de datos en relaci\u00f3n con su uso de la aplicaci\u00f3n o este sitio web. En ning\u00fan caso TCT aceptar\u00e1 responsabilidad por cualquier descripci\u00f3n, incluida la responsabilidad por negligencia (excepto por lesiones personales o muerte), por cualquier da\u00f1o o p\u00e9rdida (incluyendo, entre otros, p\u00e9rdida de negocios, ingresos, ganancias o p\u00e9rdidas consecuentes) como resultado del uso o la imposibilidad de usar este sitio web. Si incumple estos T\u00e9rminos y condiciones, ser\u00e1 responsable ante TCT, sus directores, funcionarios, empleados, afiliados, agentes, contratistas y otorgantes de licencias por cualquier reclamo que surja de su incumplimiento. Tambi\u00e9n ser\u00e1 responsable de cualquier acci\u00f3n tomada por TCT como parte de su investigaci\u00f3n de una presunta violaci\u00f3n de estos T\u00e9rminos y condiciones, o como resultado de sus hallazgos o decisi\u00f3n de que ha ocurrido una violaci\u00f3n de estos T\u00e9rminos y condiciones<\/p>\n<h2 style=\"font-size: 1em; font-style: normal; margin-top: 20px; margin-bottom: 10px; color: #00a0e3; line-height: 1.3em; text-transform: uppercase; font-family: Lato, Helvetica, Arial, sans-serif; text-rendering: optimizelegibility; text-align: center;\"><strong>PROTECCI\u00d3N DE DATOS Y PRIVACIDAD<\/strong><\/h2>\n<p>Cualquier informaci\u00f3n que nos proporcione a partir de la cual TCT pueda identificarlo se retiene y procesa de acuerdo con nuestra Pol\u00edtica de privacidad. En relaci\u00f3n con su uso de este sitio web, puede compartir con nosotros su direcci\u00f3n de correo electr\u00f3nico para una mayor comunicaci\u00f3n entre usted y TCT. Antes de dar su direcci\u00f3n de correo electr\u00f3nico, revise nuestra Pol\u00edtica de privacidad para comprender c\u00f3mo recopilamos y usamos su informaci\u00f3n cuando accede, visita o usa este sitio web. Su informaci\u00f3n personal se recopilar\u00e1, almacenar\u00e1 y procesar\u00e1 de acuerdo con nuestra Pol\u00edtica de privacidad, que deber\u00e1 leer y acordar antes de proporcionar su informaci\u00f3n personal mientras utiliza este sitio web.<\/p>\n<h2 style=\"font-size: 1em; font-style: normal; margin-top: 20px; margin-bottom: 10px; color: #00a0e3; line-height: 1.3em; text-transform: uppercase; font-family: Lato, Helvetica, Arial, sans-serif; text-rendering: optimizelegibility; text-align: center;\"><strong>ENLACES A SITIOS DE TERCEROS<\/strong><\/h2>\n<p>Este sitio web tambi\u00e9n puede contener enlaces a otros sitios web que no est\u00e1n bajo el control o mantenimiento de TCT. TCT no es responsable del contenido de esos sitios. TCT proporciona estos enlaces solo para su conveniencia y no necesariamente respalda el material en estos sitios. El uso que usted haga de estos sitios web de terceros crea una relaci\u00f3n directa entre usted y dichos terceros. Por lo tanto, es su responsabilidad leer y cumplir con las pol\u00edticas de privacidad de dichos terceros y sus t\u00e9rminos y condiciones que se aplican a sus sitios web. Todas y cada una de las reclamaciones con respecto a dichos sitios web de terceros o contenido encontrado en sitios web se dirigir\u00e1n a dichos terceros.<\/p>\n<h2 style=\"font-size: 1em; font-style: normal; margin-top: 20px; margin-bottom: 10px; color: #00a0e3; line-height: 1.3em; text-transform: uppercase; font-family: Lato, Helvetica, Arial, sans-serif; text-rendering: optimizelegibility; text-align: center;\"><strong>LEY APLICABLE Y JURISDICCI\u00d3N<\/strong><\/h2>\n<p>Este sitio web es controlado y operado por las oficinas de TCT con sede en Hong Kong. Al acceder a este sitio web, acepta que las leyes de la Regi\u00f3n Administrativa Especial de Hong Kong de la Rep\u00fablica Popular de China se aplicar\u00e1n a los asuntos relacionados con el uso de este sitio web, sin tener en cuenta los principios de conflictos de leyes. En el caso de una disputa, desacuerdo entre TCT y usted que surja de o en relaci\u00f3n con el uso de este sitio web, las partes intentar\u00e1n, de inmediato y de buena fe, resolver dicha disputa. Si no podemos resolver dicha disputa dentro de un tiempo razonable (que no exceda los treinta (30) d\u00edas), cualquiera de las partes puede presentar dicha controversia o disputa a los tribunales competentes de Hong Kong.<\/p><\/div>\n\t\t\t\t<\/div>\n\t\t\t\t<\/div>\n\t\t\t\t\t\t<\/div>\n\t\t\t<\/div>\n\t\t<\/div>\n\t\t\t\t\t\t<\/div>\n\t\t\t<\/div>\n\t\t<\/section>\n\t\t\t\t\t\t<\/div>\n\t\t\t<\/div>\n\t\t<\/div>\n\t\t","protected":false},"excerpt":{"rendered":"<p>TERMINOS DE USO Bienvenido a nuestro sitio. Estos t\u00e9rminos y condiciones rigen su uso del sitio web www.alcatelmobile.com (en adelante, el &#8220;Sitio web&#8221;) y todos los sitios web relacionados. Le proporcionamos este sitio web sujeto a estos T\u00e9rminos de uso, nuestra Pol\u00edtica de privacidad y Pol\u00edtica de cookies (en adelante, &#8220;T\u00e9rminos y condiciones&#8221;) cuidadosamente. Lea &hellip;<\/p>\n<p class=\"read-more\"> <a class=\"\" href=\"https:\/\/www.alcatelmobile.com\/pe\/terms-conditions\/\"> <span class=\"screen-reader-text\">Terminos &#038; Condiciones<\/span> Read More &raquo;<\/a><\/p>\n","protected":false},"author":1,"featured_media":0,"parent":0,"menu_order":0,"comment_status":"closed","ping_status":"closed","template":"","meta":[],"_links":{"self":[{"href":"https:\/\/www.alcatelmobile.com\/pe\/content\/wp-json\/wp\/v2\/pages\/284"}],"collection":[{"href":"https:\/\/www.alcatelmobile.com\/pe\/content\/wp-json\/wp\/v2\/pages"}],"about":[{"href":"https:\/\/www.alcatelmobile.com\/pe\/content\/wp-json\/wp\/v2\/types\/page"}],"author":[{"embeddable":true,"href":"https:\/\/www.alcatelmobile.com\/pe\/content\/wp-json\/wp\/v2\/users\/1"}],"replies":[{"embeddable":true,"href":"https:\/\/www.alcatelmobile.com\/pe\/content\/wp-json\/wp\/v2\/comments?post=284"}],"version-history":[{"count":12,"href":"https:\/\/www.alcatelmobile.com\/pe\/content\/wp-json\/wp\/v2\/pages\/284\/revisions"}],"predecessor-version":[{"id":26550,"href":"https:\/\/www.alcatelmobile.com\/pe\/content\/wp-json\/wp\/v2\/pages\/284\/revisions\/26550"}],"wp:attachment":[{"href":"https:\/\/www.alcatelmobile.com\/pe\/content\/wp-json\/wp\/v2\/media?parent=284"}],"curies":[{"name":"wp","href":"https:\/\/api.w.org\/{rel}","templated":true}]}}