{"id":26275,"date":"2019-07-11T10:58:53","date_gmt":"2019-07-11T02:58:53","guid":{"rendered":"https:\/\/www.alcatelmobile.com\/?page_id=26275"},"modified":"2021-07-07T15:25:00","modified_gmt":"2021-07-07T07:25:00","slug":"cookie-policy","status":"publish","type":"page","link":"https:\/\/www.alcatelmobile.com\/pl\/cookie-policy\/","title":{"rendered":"Polityka plik\u00f3w \u201ecookie\u201d"},"content":{"rendered":"\t\t<div data-elementor-type=\"post\" data-elementor-id=\"26275\" class=\"elementor elementor-26275\" data-elementor-settings=\"[]\">\n\t\t\t<div class=\"elementor-inner\">\n\t\t\t\t<div class=\"elementor-section-wrap\">\n\t\t\t\t\t\t\t<section class=\"elementor-element elementor-element-4862f035 mi-no-height elementor-section-boxed elementor-section-height-default elementor-section-height-default elementor-section elementor-top-section\" data-id=\"4862f035\" data-element_type=\"section\">\n\t\t\t\t\t\t<div class=\"elementor-container elementor-column-gap-no\">\n\t\t\t\t<div class=\"elementor-row\">\n\t\t\t\t<div class=\"elementor-element elementor-element-7a0bfd04 elementor-column elementor-col-100 elementor-top-column\" data-id=\"7a0bfd04\" data-element_type=\"column\">\n\t\t\t<div class=\"elementor-column-wrap  elementor-element-populated\">\n\t\t\t\t\t<div class=\"elementor-widget-wrap\">\n\t\t\t\t<div class=\"elementor-element elementor-element-6765cc07 elementor-widget elementor-widget-html\" data-id=\"6765cc07\" data-element_type=\"widget\" data-widget_type=\"html.default\">\n\t\t\t\t<div class=\"elementor-widget-container\">\n\t\t\t<div id=\"mi-alternative-menu-bottom-border-color\" data-alt-class=\"mi-dark-bottom-border\"><\/div>\t\t<\/div>\n\t\t\t\t<\/div>\n\t\t\t\t\t\t<\/div>\n\t\t\t<\/div>\n\t\t<\/div>\n\t\t\t\t\t\t<\/div>\n\t\t\t<\/div>\n\t\t<\/section>\n\t\t\t\t<section class=\"elementor-element elementor-element-1deda77d elementor-section-boxed elementor-section-height-default elementor-section-height-default elementor-section elementor-top-section\" data-id=\"1deda77d\" data-element_type=\"section\">\n\t\t\t\t\t\t<div class=\"elementor-container elementor-column-gap-no\">\n\t\t\t\t<div class=\"elementor-row\">\n\t\t\t\t<div class=\"elementor-element elementor-element-16052129 elementor-column elementor-col-100 elementor-top-column\" data-id=\"16052129\" data-element_type=\"column\">\n\t\t\t<div class=\"elementor-column-wrap  elementor-element-populated\">\n\t\t\t\t\t<div class=\"elementor-widget-wrap\">\n\t\t\t\t<div class=\"elementor-element elementor-element-133c6fc4 elementor-widget elementor-widget-theme-post-title elementor-page-title elementor-widget-heading\" data-id=\"133c6fc4\" data-element_type=\"widget\" data-widget_type=\"theme-post-title.default\">\n\t\t\t\t<div class=\"elementor-widget-container\">\n\t\t\t<h1 class=\"elementor-heading-title elementor-size-default\">Polityka plik\u00f3w \u201ecookie\u201d<\/h1>\t\t<\/div>\n\t\t\t\t<\/div>\n\t\t\t\t<div class=\"elementor-element elementor-element-75a7ef72 mi-general-text mi-hyperlink-blue elementor-widget elementor-widget-text-editor\" data-id=\"75a7ef72\" data-element_type=\"widget\" data-widget_type=\"text-editor.default\">\n\t\t\t\t<div class=\"elementor-widget-container\">\n\t\t\t\t\t<div class=\"elementor-text-editor elementor-clearfix\"><p>Wykorzystujemy pliki \u201ecookie\u201d oraz podobne technologie sieciowe, w tym znaczniki pikseli i znaczniki nawigacyjne (\u201eZautomatyzowane narz\u0119dzia rejestruj\u0105ce\u201d) do obs\u0142ugi okre\u015blonych funkcji konta Alcatel oraz innych zarz\u0105dzanych przez nas stron internetowych i aplikacji. Zautomatyzowane narz\u0119dzia to fragmenty kodu umieszczane na Pa\u0144stwa urz\u0105dzeniu. Zautomatyzowane narz\u0119dzia rejestruj\u0105ce pozwalaj\u0105 stronie internetowej rozpozna\u0107 Pa\u0144stwa przegl\u0105dark\u0119 lub urz\u0105dzenie podczas wizyty na stronie internetowej \/ w aplikacji Alcatel lub w przypadku powrotu do nich. Wykorzystujemy nast\u0119puj\u0105ce rodzaje zautomatyzowanych narz\u0119dzi:<\/p>\n<p><u>Kategoria 1 \u2013 niezb\u0119dne narz\u0119dzia:<\/u><\/p>\n<p>Wykorzystujemy szereg Zautomatyzowanych narz\u0119dzi rejestruj\u0105cych, kt\u00f3re s\u0105 niezb\u0119dne do dzia\u0142ania Materia\u0142\u00f3w Alcatel i umo\u017cliwiaj\u0105 dostarczenie okre\u015blonych, \u017c\u0105danych przez Pa\u0144stwa us\u0142ug. Tego typu Zautomatyzowane narz\u0119dzia rejestruj\u0105ce pozwalaj\u0105 nam na:<\/p>\n<ul>\n<li>rejestrowanie faktu zalogowania na konto;<\/li>\n<li>rejestrowanie wyra\u017cenia przez Pa\u0144stwa zgody na wykorzystywanie przez nas Zautomatyzowanych narz\u0119dzi rejestruj\u0105cych tam, gdzie to konieczne;<\/li>\n<li>dostarczanie Pa\u0144stwu produkt\u00f3w i us\u0142ug oraz zarz\u0105dzanie transakcjami, w tym zapewnienie mo\u017cliwo\u015bci, by strony internetowe lub inne Materia\u0142y Alcatel zapami\u0119tywa\u0142y produkty dodane do koszyka b\u0105d\u017a informacje podane w formularzach;<\/li>\n<li>wy\u015bwietlanie przes\u0142anych przez Pa\u0144stwa recenzji produkt\u00f3w;<\/li>\n<li>zapewnienie niezb\u0119dnego bezpiecze\u0144stwa wymaganego podczas korzystania z Materia\u0142\u00f3w Alcatel, na przyk\u0142ad monitorowanie ruchu i wizyt w celu ostrze\u017cenia nas przed potencjalnymi zagro\u017ceniami (<em>np.<\/em> w przypadku nietypowo du\u017cego lub szybkiego ruchu);<\/li>\n<li>oraz umo\u017cliwienie szybszego wczytywania \u017c\u0105danych przez Pa\u0144stwa tre\u015bci Materia\u0142\u00f3w Alcatel.<\/li>\n<\/ul>\n<p>Bez tych Zautomatyzowanych narz\u0119dzi rejestruj\u0105cych nie jest mo\u017cliwe zapewnienie wymaganych przez Pa\u0144stwa us\u0142ug.<\/p>\n<p>Pragniemy przybli\u017cy\u0107 spos\u00f3b dzia\u0142ania tych niezb\u0119dnych Zautomatyzowanych narz\u0119dzi rejestruj\u0105cych i konieczno\u015b\u0107 ich stosowania, lecz Pa\u0144stwa zgoda nie jest wymagana do ich stosowania, poniewa\u017c wykorzystujemy je wy\u0142\u0105cznie do zapewnienia \u017c\u0105danych przez Pa\u0144stwa us\u0142ug.<\/p>\n<p><u>Kategoria 2 \u2013 narz\u0119dzia zwi\u0105zane z wydajno\u015bci\u0105:<\/u><\/p>\n<p>Te Zautomatyzowane narz\u0119dzia rejestruj\u0105ce gromadz\u0105 informacje o sposobie korzystania przez Pa\u0144stwa z Materia\u0142\u00f3w Alcatel. Pozwalaj\u0105 nam one zrozumie\u0107:<\/p>\n<ul>\n<li>z jakiego urz\u0105dzenia i\/lub strony internetowej uzyskuj\u0105 Pa\u0144stwo dost\u0119p;<\/li>\n<li>z kt\u00f3rych Materia\u0142\u00f3w Alcatel i ich funkcji korzystaj\u0105 Pa\u0144stwo najcz\u0119\u015bciej, dzi\u0119ki czemu mo\u017cemy usprawni\u0107 ich funkcjonalno\u015b\u0107;<\/li>\n<li>Pa\u0144stwa preferencje, pozwalaj\u0105c dostarczy\u0107 najbardziej odpowiedni\u0105 tre\u015b\u0107 strony internetowej \/ aplikacji (w tym tre\u015bci reklamowe); oraz<\/li>\n<li>przypadki wyst\u0105pienia komunikat\u00f3w b\u0142\u0119d\u00f3w.<\/li>\n<\/ul>\n<p>Zgromadzone informacje s\u0105 wykorzystywane wy\u0142\u0105cznie do usprawnienia dzia\u0142ania Materia\u0142\u00f3w Alcatel.<\/p>\n<p>Ponadto j\u0119zyk programowania wykorzystany do napisania strony internetowej Alcatel wykorzystuje Zautomatyzowane narz\u0119dzia rejestruj\u0105ce, kt\u00f3re s\u0105 usuwane po zamkni\u0119ciu sesji przegl\u0105darki. S\u0105 one usuwane po ka\u017cdym zamkni\u0119ciu przegl\u0105darki. Narz\u0119dzia te nie przechowuj\u0105 \u017cadnych informacji o odwiedzaj\u0105cym, gdy przegl\u0105darka zostanie zamkni\u0119ta.<\/p>\n<p>Niekt\u00f3re z tych Zautomatyzowanych narz\u0119dzi rejestruj\u0105cych s\u0105 dostarczane przez nast\u0119puj\u0105ce strony trzecie:<\/p>\n<table width=\"640\">\n<thead>\n<tr>\n<td>\n<p><strong>Nazwa<\/strong><\/p>\n<\/td>\n<td>\n<p><strong>Dostawca<\/strong><\/p>\n<\/td>\n<td>\n<p><strong>Cel<\/strong><\/p>\n<\/td>\n<td>\n<p><strong>Okres wyga\u015bni\u0119cia<\/strong><\/p>\n<\/td>\n<td>\n<p><strong>Typ<\/strong><\/p>\n<\/td>\n<\/tr>\n<\/thead>\n<tbody>\n<tr>\n<td>\n<p>no_more_select_country<\/p>\n<\/td>\n<td>\n<p>Alcatel<\/p>\n<\/td>\n<td>\n<p>Pomijanie wy\u015bwietlania okna wyboru kraju.<\/p>\n<\/td>\n<td>\n<p>365 dni<\/p>\n<\/td>\n<td>\n<p>html<\/p>\n<\/td>\n<\/tr>\n<tr>\n<td>\n<p>no_show_gdpr<\/p>\n<\/td>\n<td>\n<p>Alcatel<\/p>\n<\/td>\n<td>\n<p>Pomijanie wy\u015bwietlania okna z powiadomieniem o RODO.<\/p>\n<\/td>\n<td>\n<p>365 dni<\/p>\n<\/td>\n<td>\n<p>html<\/p>\n<\/td>\n<\/tr>\n<tr>\n<td>\n<p>gdpr_preference<\/p>\n<\/td>\n<td>\n<p>Alcatel<\/p>\n<\/td>\n<td>\n<p>Zapami\u0119tywanie preferencji dla strony.<\/p>\n<\/td>\n<td>\n<p>365 dni<\/p>\n<\/td>\n<td>\n<p>html<\/p>\n<\/td>\n<\/tr>\n<tr>\n<td>\n<p>gdpr_tracking<\/p>\n<\/td>\n<td>\n<p>Alcatel<\/p>\n<\/td>\n<td>\n<p>Zapami\u0119tywanie statystyk jest w\u0142\u0105czone.<\/p>\n<\/td>\n<td>\n<p>365 dni<\/p>\n<\/td>\n<td>\n<p>html<\/p>\n<\/td>\n<\/tr>\n<\/tbody>\n<\/table>\n<ul>\n<li>Google Analytics (wi\u0119cej informacji mo\u017cna znale\u017a\u0107 w\u00a0<a href=\"https:\/\/policies.google.com\/privacy?hl=en\">polityce prywatno\u015bci<\/a>\u00a0Google oraz na <a href=\"https:\/\/developers.google.com\/analytics\/devguides\/collection\/analyticsjs\/cookie-usage\">stronie internetowej<\/a>)<\/li>\n<\/ul>\n<p>Wykorzystujemy Google Analytics, narz\u0119dzie do analizy statystyk strony, pomagaj\u0105ce nam zrozumie\u0107 spos\u00f3b korzystania przez u\u017cytkownik\u00f3w z konta Alcatel oraz innych stron internetowych \/ aplikacji Alcatel. Google Analytics \u015bledzi Pa\u0144stwa ruch w naszej witrynie internetowej (np. odwiedzane strony i klikni\u0119te linki) i pomaga nam oceni\u0107 Pa\u0144stwa interakcj\u0119 z zapewnianymi przez nas tre\u015bciami. Informacje te s\u0105 wykorzystywane do sporz\u0105dzania raport\u00f3w i pomagaj\u0105 nam ulepszy\u0107 konto Alcatel oraz inne strony internetowe \/ aplikacje Alcatel. Raporty zawieraj\u0105 trendy dla strony internetowej bez informacji identyfikuj\u0105cych poszczeg\u00f3lnych u\u017cytkownik\u00f3w. Mo\u017cliwe jest wy\u0142\u0105czenie opcji Google Analytics bez wp\u0142ywu na u\u017cytkowanie strony. Wi\u0119cej informacji dotycz\u0105cych wy\u0142\u0105czenia opcji Google Analytics na wszystkich odwiedzanych stronach internetowych mog\u0105 Pa\u0144stwo znale\u017a\u0107 pod adresem:\u00a0<a href=\"https:\/\/tools.google.com\/dlpage\/gaoptout\">https:\/\/tools.google.com\/dlpage\/gaoptout<\/a>.<\/p>\n<p>Te zautomatyzowane narz\u0119dzia ulegaj\u0105 wyga\u015bni\u0119ciu po 1 roku, o ile nie zostan\u0105 wcze\u015bniej usuni\u0119te przy pomocy ustawie\u0144 przegl\u0105darki lub telefonu.<\/p>\n<p><u>Kategoria 3 \u2013 funkcjonalno\u015b\u0107<\/u><\/p>\n<p>Te Zautomatyzowane narz\u0119dzia rejestruj\u0105ce pozwalaj\u0105 Materia\u0142om Alcatel zapami\u0119ta\u0107 Pa\u0144stwa wybory. Pozwalaj\u0105 na zapami\u0119tanie nazwy u\u017cytkownika, j\u0119zyka oraz zmian w r\u00f3\u017cnych elementach naszych us\u0142ug, kt\u00f3re mo\u017cna dostosowywa\u0107 do indywidualnych potrzeb.<\/p>\n<p>Te Zautomatyzowane narz\u0119dzia rejestruj\u0105ce maj\u0105 na celu zapewnienie Pa\u0144stwu bardziej osobistego do\u015bwiadczenia, dzi\u0119ki czemu nie trzeba ustawia\u0107 swoich preferencji przy ka\u017cdej wizycie na naszej stronie internetowej.<\/p>\n<p>Wykorzystujemy tak\u017ce Zautomatyzowane narz\u0119dzia rejestruj\u0105ce zwi\u0105zane z funkcjonalno\u015bci\u0105 do umo\u017cliwienia Pa\u0144stwu zamieszczania komentarzy w dyskusji na forum lub udost\u0119pnienia zaawansowanych us\u0142ug, takich jak mo\u017cliwo\u015b\u0107 ogl\u0105dania wideo na naszej stronie internetowej.<\/p>\n<p>Niekt\u00f3re z tych Zautomatyzowanych narz\u0119dzi rejestruj\u0105cych s\u0105 dostarczane przez nast\u0119puj\u0105ce strony trzecie:<\/p>\n<table width=\"640\">\n<thead>\n<tr>\n<td>\n<p><strong>Nazwa<\/strong><\/p>\n<\/td>\n<td>\n<p><strong>Dostawca<\/strong><\/p>\n<\/td>\n<td>\n<p><strong>Cel<\/strong><\/p>\n<\/td>\n<td>\n<p><strong>Okres wyga\u015bni\u0119cia<\/strong><\/p>\n<\/td>\n<td>\n<p><strong>Typ<\/strong><\/p>\n<\/td>\n<\/tr>\n<\/thead>\n<tbody>\n<tr>\n<td>\n<p>_ga<\/p>\n<\/td>\n<td>\n<p><a href=\"https:\/\/policies.google.com\/privacy\">Mened\u017cer tag\u00f3w Google<\/a><\/p>\n<\/td>\n<td>\n<p>Rejestruje unikalny identyfikator wykorzystywany do generowania danych statystycznych w zakresie sposobu korzystania ze strony internetowej przez u\u017cytkownika.<\/p>\n<\/td>\n<td>\n<p>365 dni<\/p>\n<\/td>\n<td>\n<p>http<\/p>\n<\/td>\n<\/tr>\n<tr>\n<td>\n<p>_gat_gtag_UA_107287510_1<\/p>\n<\/td>\n<td>\n<p><a href=\"https:\/\/policies.google.com\/privacy\">Mened\u017cer tag\u00f3w Google<\/a><\/p>\n<\/td>\n<td>\n<p>Wykorzystywany przez Google Analytics do ograniczenia szybko\u015bci nap\u0142ywania zapyta\u0144.<\/p>\n<\/td>\n<td>\n<p>1 dzie\u0144<\/p>\n<\/td>\n<td>\n<p>http<\/p>\n<\/td>\n<\/tr>\n<tr>\n<td>\n<p>_gid<\/p>\n<\/td>\n<td>\n<p><a href=\"https:\/\/policies.google.com\/privacy\">Mened\u017cer tag\u00f3w Google<\/a><\/p>\n<\/td>\n<td>\n<p>Rejestruje unikalny identyfikator wykorzystywany do generowania danych statystycznych w zakresie sposobu korzystania ze strony internetowej przez u\u017cytkownika.<\/p>\n<\/td>\n<td>\n<p>1 dzie\u0144<\/p>\n<\/td>\n<td>\n<p>http<\/p>\n<\/td>\n<\/tr>\n<\/tbody>\n<\/table>\n<p>Te zautomatyzowane narz\u0119dzia ulegaj\u0105 wyga\u015bni\u0119ciu po 1 roku, o ile nie zostan\u0105 wcze\u015bniej usuni\u0119te przy pomocy ustawie\u0144 przegl\u0105darki lub telefonu.<\/p>\n<p><u>Spos\u00f3b zarz\u0105dzania Zautomatyzowanymi narz\u0119dziami rejestruj\u0105cymi<\/u><\/p>\n<p>Je\u015bli nie chc\u0105 otrzymywa\u0107 Pa\u0144stwo plik\u00f3w cookie, mo\u017cliwe jest ustawienie przegl\u0105darki na odrzucanie ich lub powiadamianie u\u017cytkownika, gdy zostan\u0105 one zapisane na Pa\u0144stwa urz\u0105dzeniu. Mo\u017cliwe jest r\u00f3wnie\u017c usuni\u0119cie plik\u00f3w cookie niezw\u0142ocznie po opuszczeniu konta Alcatel lub innej strony internetowej \/ aplikacji Alcatel. Cho\u0107 nie jest konieczne zaakceptowanie plik\u00f3w cookie podczas wizyty na koncie Alcatel, w przypadku ustawienia przegl\u0105darki na odrzucanie tych plik\u00f3w mog\u0105 nie by\u0107 Pa\u0144stwo w stanie korzysta\u0107 z wszystkich opcji i funkcjonalno\u015bci konta Alcatel oraz innych stron internetowych \/ aplikacji Alcatel.<\/p>\n<p>Przyk\u0142adowo, w opcji Pomocy na pasku narz\u0119dzi wi\u0119kszo\u015bci przegl\u0105darek internetowych mo\u017cna znale\u017a\u0107 informacj\u0119, jak uniemo\u017cliwi\u0107 zapisywanie nowych plik\u00f3w cookie, jak ustawi\u0107 powiadomienia o nowych Zautomatyzowanych narz\u0119dziach rejestruj\u0105cych oraz jak je ca\u0142kowicie wy\u0142\u0105czy\u0107. W przypadku popularnych przegl\u0105darek wi\u0119cej informacji mo\u017cna uzyska\u0107, klikaj\u0105c na stosowny link:\u00a0<a href=\"https:\/\/support.google.com\/accounts\/answer\/61416?co=GENIE.Platform%3DDesktop&amp;hl=en\">Google Chrome<\/a>;\u00a0<a href=\"https:\/\/privacy.microsoft.com\/en-us\/windows-10-microsoft-edge-and-privacy\">Microsoft Edge<\/a>;\u00a0<a href=\"https:\/\/support.mozilla.org\/en-US\/kb\/enable-and-disable-cookies-website-preferences\">Mozilla<\/a>\u00a0Firefox;\u00a0<a href=\"https:\/\/support.microsoft.com\/en-gb\/help\/17442\/windows-internet-explorer-delete-manage-cookies\">Microsoft Internet Explorer<\/a>;\u00a0<a href=\"https:\/\/www.opera.com\/help\/tutorials\/security\/privacy\/\">Opera<\/a>\u00a0oraz\u00a0<a href=\"https:\/\/support.apple.com\/kb\/ph21411?locale=en_US\">Apple Safari<\/a>.<\/p>\n<p>W przypadkach wymaganych prawnie przy pierwszej wizycie na naszej stronie internetowej \/ w aplikacji zostanie wy\u015bwietlony baner obja\u015bniaj\u0105cy, jakiego rodzaju Zautomatyzowane narz\u0119dzia rejestruj\u0105ce wykorzystujemy oraz prosz\u0105cy o wyra\u017cenie zgody na u\u017cywanie niekt\u00f3rych z tych narz\u0119dzi.<\/p>\n<p><u>Dane osobowe gromadzone przez Zautomatyzowane narz\u0119dzia rejestruj\u0105ce<\/u><\/p>\n<p>Dane osobowe zgromadzone przy pomocy Zautomatyzowanych narz\u0119dzi rejestruj\u0105cych wykorzystujemy w celach okre\u015blonych w naszej Polityce prywatno\u015bci <em>[<\/em><a href=\"https:\/\/www.alcatelmobile.com\/privacy\/\">https:\/\/www.alcatelmobile.com\/privacy\/<\/a><em>]<\/em>.\u00a0W przypadku tych plik\u00f3w cookie, dla kt\u00f3rych prosimy o Pa\u0144stwa zgod\u0119 na ich wykorzystywanie, zgoda ta stanowi r\u00f3wnie\u017c podstaw\u0119 prawn\u0105 do przetwarzania danych osobowych zgromadzonych przez te pliki cookie.<\/p>\n<p><u>Zmiany w tej polityce plik\u00f3w \u201ecookie\u201d<\/u><\/p>\n<p>Mo\u017cemy okazjonalnie wprowadza\u0107 aktualizacje do niniejszej polityki plik\u00f3w \u201ecookie\u201d. W przypadku wprowadzenia jakichkolwiek istotnych zmian w tre\u015bci tej polityki plik\u00f3w \u201ecookie\u201d powiadomimy Pa\u0144stwa o tym, publikuj\u0105c komunikat na naszej stronie internetowej, wysy\u0142aj\u0105c e-mail lub wykorzystuj\u0105c inny spos\u00f3b dozwolony na mocy obowi\u0105zuj\u0105cych przepis\u00f3w.<\/p>\n<ul>\n<li>rejestrowanie faktu zalogowania na konto;<\/li>\n<li>rejestrowanie wyra\u017cenia przez Pa\u0144stwa zgody na wykorzystywanie przez nas Zautomatyzowanych narz\u0119dzi rejestruj\u0105cych tam, gdzie to konieczne;<\/li>\n<li>dostarczanie Pa\u0144stwu produkt\u00f3w i us\u0142ug oraz zarz\u0105dzanie transakcjami, w tym zapewnienie mo\u017cliwo\u015bci, by strony internetowe lub inne Materia\u0142y Alcatel zapami\u0119tywa\u0142y produkty dodane do koszyka b\u0105d\u017a informacje podane w formularzach;<\/li>\n<li>wy\u015bwietlanie przes\u0142anych przez Pa\u0144stwa recenzji produkt\u00f3w;<\/li>\n<li>zapewnienie niezb\u0119dnego bezpiecze\u0144stwa wymaganego podczas korzystania z Materia\u0142\u00f3w Alcatel, na przyk\u0142ad monitorowanie ruchu i wizyt w celu ostrze\u017cenia nas przed potencjalnymi zagro\u017ceniami (<em>np.<\/em> w przypadku nietypowo du\u017cego lub szybkiego ruchu);<\/li>\n<li>oraz umo\u017cliwienie szybszego wczytywania \u017c\u0105danych przez Pa\u0144stwa tre\u015bci Materia\u0142\u00f3w Alcatel.<\/li>\n<\/ul><\/div>\n\t\t\t\t<\/div>\n\t\t\t\t<\/div>\n\t\t\t\t\t\t<\/div>\n\t\t\t<\/div>\n\t\t<\/div>\n\t\t\t\t\t\t<\/div>\n\t\t\t<\/div>\n\t\t<\/section>\n\t\t\t\t\t\t<\/div>\n\t\t\t<\/div>\n\t\t<\/div>\n\t\t","protected":false},"excerpt":{"rendered":"<p>Wykorzystujemy pliki \u201ecookie\u201d oraz podobne technologie sieciowe, w tym znaczniki pikseli i znaczniki nawigacyjne (\u201eZautomatyzowane narz\u0119dzia rejestruj\u0105ce\u201d) do obs\u0142ugi okre\u015blonych funkcji konta Alcatel oraz innych zarz\u0105dzanych przez nas stron internetowych i aplikacji. Zautomatyzowane narz\u0119dzia to fragmenty kodu umieszczane na Pa\u0144stwa urz\u0105dzeniu. Zautomatyzowane narz\u0119dzia rejestruj\u0105ce pozwalaj\u0105 stronie internetowej rozpozna\u0107 Pa\u0144stwa przegl\u0105dark\u0119 lub urz\u0105dzenie podczas wizyty na &hellip;<\/p>\n<p class=\"read-more\"> <a class=\"\" href=\"https:\/\/www.alcatelmobile.com\/pl\/cookie-policy\/\"> <span class=\"screen-reader-text\">Polityka plik\u00f3w \u201ecookie\u201d<\/span> Read More &raquo;<\/a><\/p>\n","protected":false},"author":1,"featured_media":0,"parent":0,"menu_order":0,"comment_status":"closed","ping_status":"closed","template":"","meta":[],"_links":{"self":[{"href":"https:\/\/www.alcatelmobile.com\/pl\/content\/wp-json\/wp\/v2\/pages\/26275"}],"collection":[{"href":"https:\/\/www.alcatelmobile.com\/pl\/content\/wp-json\/wp\/v2\/pages"}],"about":[{"href":"https:\/\/www.alcatelmobile.com\/pl\/content\/wp-json\/wp\/v2\/types\/page"}],"author":[{"embeddable":true,"href":"https:\/\/www.alcatelmobile.com\/pl\/content\/wp-json\/wp\/v2\/users\/1"}],"replies":[{"embeddable":true,"href":"https:\/\/www.alcatelmobile.com\/pl\/content\/wp-json\/wp\/v2\/comments?post=26275"}],"version-history":[{"count":4,"href":"https:\/\/www.alcatelmobile.com\/pl\/content\/wp-json\/wp\/v2\/pages\/26275\/revisions"}],"predecessor-version":[{"id":31722,"href":"https:\/\/www.alcatelmobile.com\/pl\/content\/wp-json\/wp\/v2\/pages\/26275\/revisions\/31722"}],"wp:attachment":[{"href":"https:\/\/www.alcatelmobile.com\/pl\/content\/wp-json\/wp\/v2\/media?parent=26275"}],"curies":[{"name":"wp","href":"https:\/\/api.w.org\/{rel}","templated":true}]}}