{"id":27838,"date":"2019-11-29T16:47:46","date_gmt":"2019-11-29T08:47:46","guid":{"rendered":"https:\/\/www.alcatelmobile.com\/pl\/?page_id=27838"},"modified":"2019-12-23T17:08:17","modified_gmt":"2019-12-23T09:08:17","slug":"enviroment","status":"publish","type":"page","link":"https:\/\/www.alcatelmobile.com\/pl\/about-us\/enviroment\/","title":{"rendered":"\u015arodowisko"},"content":{"rendered":"\t\t<div data-elementor-type=\"post\" data-elementor-id=\"27838\" class=\"elementor elementor-27838\" data-elementor-settings=\"[]\">\n\t\t\t<div class=\"elementor-inner\">\n\t\t\t\t<div class=\"elementor-section-wrap\">\n\t\t\t\t\t\t\t<section class=\"elementor-element elementor-element-10083857 mi-no-height elementor-section-boxed elementor-section-height-default elementor-section-height-default elementor-section elementor-top-section\" data-id=\"10083857\" data-element_type=\"section\">\n\t\t\t\t\t\t<div class=\"elementor-container elementor-column-gap-no\">\n\t\t\t\t<div class=\"elementor-row\">\n\t\t\t\t<div class=\"elementor-element elementor-element-6cc72fee elementor-column elementor-col-100 elementor-top-column\" data-id=\"6cc72fee\" data-element_type=\"column\">\n\t\t\t<div class=\"elementor-column-wrap  elementor-element-populated\">\n\t\t\t\t\t<div class=\"elementor-widget-wrap\">\n\t\t\t\t<div class=\"elementor-element elementor-element-35edfb6f elementor-widget elementor-widget-html\" data-id=\"35edfb6f\" data-element_type=\"widget\" data-widget_type=\"html.default\">\n\t\t\t\t<div class=\"elementor-widget-container\">\n\t\t\t<div id=\"mi-prevent-header-double-overlay\"><\/div>\t\t<\/div>\n\t\t\t\t<\/div>\n\t\t\t\t\t\t<\/div>\n\t\t\t<\/div>\n\t\t<\/div>\n\t\t\t\t\t\t<\/div>\n\t\t\t<\/div>\n\t\t<\/section>\n\t\t\t\t<section class=\"elementor-element elementor-element-7d1915c5 elementor-section-height-min-height elementor-section-content-middle mi-hero-image mi-dynamic-bg mi-force-full-width elementor-section-boxed elementor-section-height-default elementor-section-items-middle elementor-section elementor-top-section\" data-id=\"7d1915c5\" data-element_type=\"section\" data-settings=\"{&quot;background_background&quot;:&quot;classic&quot;}\">\n\t\t\t\t\t\t\t<div class=\"elementor-background-overlay\"><\/div>\n\t\t\t\t\t\t\t<div class=\"elementor-container elementor-column-gap-no\">\n\t\t\t\t<div class=\"elementor-row\">\n\t\t\t\t<div class=\"elementor-element elementor-element-748dabc4 elementor-column elementor-col-100 elementor-top-column\" data-id=\"748dabc4\" data-element_type=\"column\">\n\t\t\t<div class=\"elementor-column-wrap  elementor-element-populated\">\n\t\t\t\t\t<div class=\"elementor-widget-wrap\">\n\t\t\t\t<div class=\"elementor-element elementor-element-fb59cb7 elementor-widget elementor-widget-heading\" data-id=\"fb59cb7\" data-element_type=\"widget\" data-widget_type=\"heading.default\">\n\t\t\t\t<div class=\"elementor-widget-container\">\n\t\t\t<h1 class=\"elementor-heading-title elementor-size-default\">\u015arodowisko<\/h1>\t\t<\/div>\n\t\t\t\t<\/div>\n\t\t\t\t<div class=\"elementor-element elementor-element-3e38f5f0 elementor-widget elementor-widget-heading\" data-id=\"3e38f5f0\" data-element_type=\"widget\" data-widget_type=\"heading.default\">\n\t\t\t\t<div class=\"elementor-widget-container\">\n\t\t\t<h2 class=\"elementor-heading-title elementor-size-default\">Pe\u0142na mobilizacja w d\u0105\u017ceniu do 1,5\u00b0C!<\/h2>\t\t<\/div>\n\t\t\t\t<\/div>\n\t\t\t\t\t\t<\/div>\n\t\t\t<\/div>\n\t\t<\/div>\n\t\t\t\t\t\t<\/div>\n\t\t\t<\/div>\n\t\t<\/section>\n\t\t\t\t<section class=\"elementor-element elementor-element-1ccc95c elementor-section-height-min-height elementor-section-boxed elementor-section-height-default elementor-section-items-middle elementor-section elementor-top-section\" data-id=\"1ccc95c\" data-element_type=\"section\" data-settings=\"{&quot;background_background&quot;:&quot;classic&quot;}\">\n\t\t\t\t\t\t<div class=\"elementor-container elementor-column-gap-no\">\n\t\t\t\t<div class=\"elementor-row\">\n\t\t\t\t<div class=\"elementor-element elementor-element-6cefd350 elementor-column elementor-col-50 elementor-top-column\" data-id=\"6cefd350\" data-element_type=\"column\">\n\t\t\t<div class=\"elementor-column-wrap  elementor-element-populated\">\n\t\t\t\t\t<div class=\"elementor-widget-wrap\">\n\t\t\t\t<div class=\"elementor-element elementor-element-39de5270 elementor-widget elementor-widget-heading\" data-id=\"39de5270\" data-element_type=\"widget\" data-widget_type=\"heading.default\">\n\t\t\t\t<div class=\"elementor-widget-container\">\n\t\t\t<h2 class=\"elementor-heading-title elementor-size-default\">CERTYFIKAT ISO 14001<\/h2>\t\t<\/div>\n\t\t\t\t<\/div>\n\t\t\t\t<div class=\"elementor-element elementor-element-7f8cab56 elementor-widget__width-auto elementor-widget-tablet__width-inherit elementor-widget elementor-widget-text-editor\" data-id=\"7f8cab56\" data-element_type=\"widget\" data-widget_type=\"text-editor.default\">\n\t\t\t\t<div class=\"elementor-widget-container\">\n\t\t\t\t\t<div class=\"elementor-text-editor elementor-clearfix\"><p>TCT uzyska\u0142 certyfikat ISO 14001 za system zarz\u0105dzania \u015brodowiskowego. Certyfikat ten potwierdza zgodno\u015b\u0107 z nasz\u0105 polityk\u0105 \u015brodowiskow\u0105 oraz najwy\u017cszymi standardami ekologicznymi.<\/p><\/div>\n\t\t\t\t<\/div>\n\t\t\t\t<\/div>\n\t\t\t\t\t\t<\/div>\n\t\t\t<\/div>\n\t\t<\/div>\n\t\t\t\t<div class=\"elementor-element elementor-element-582e4d12 elementor-column elementor-col-50 elementor-top-column\" data-id=\"582e4d12\" data-element_type=\"column\">\n\t\t\t<div class=\"elementor-column-wrap  elementor-element-populated\">\n\t\t\t\t\t<div class=\"elementor-widget-wrap\">\n\t\t\t\t<div class=\"elementor-element elementor-element-8daf2a8 elementor-widget elementor-widget-heading\" data-id=\"8daf2a8\" data-element_type=\"widget\" data-widget_type=\"heading.default\">\n\t\t\t\t<div class=\"elementor-widget-container\">\n\t\t\t<h2 class=\"elementor-heading-title elementor-size-default\">2015<br>\nCSR<br>\nRAPORT<br><\/h2>\t\t<\/div>\n\t\t\t\t<\/div>\n\t\t\t\t<div class=\"elementor-element elementor-element-5089be32 elementor-align-center mi-explore-button elementor-widget elementor-widget-button\" data-id=\"5089be32\" data-element_type=\"widget\" data-widget_type=\"button.default\">\n\t\t\t\t<div class=\"elementor-widget-container\">\n\t\t\t\t\t<div class=\"elementor-button-wrapper\">\n\t\t\t<a href=\"https:\/\/www.alcatelmobile.com\/gb\/wp-content\/uploads\/2019\/11\/2015_Sustainability_report_v6.0.pdf\" class=\"elementor-button-link elementor-button elementor-size-sm\" role=\"button\">\n\t\t\t\t\t\t<span class=\"elementor-button-content-wrapper\">\n\t\t\t\t\t\t<span class=\"elementor-button-text\">Pobierz<\/span>\n\t\t<\/span>\n\t\t\t\t\t<\/a>\n\t\t<\/div>\n\t\t\t\t<\/div>\n\t\t\t\t<\/div>\n\t\t\t\t\t\t<\/div>\n\t\t\t<\/div>\n\t\t<\/div>\n\t\t\t\t\t\t<\/div>\n\t\t\t<\/div>\n\t\t<\/section>\n\t\t\t\t<section class=\"elementor-element elementor-element-4a55dbe6 elementor-section-height-min-height elementor-section-boxed elementor-section-height-default elementor-section-items-middle elementor-section elementor-top-section\" data-id=\"4a55dbe6\" data-element_type=\"section\">\n\t\t\t\t\t\t<div class=\"elementor-container elementor-column-gap-default\">\n\t\t\t\t<div class=\"elementor-row\">\n\t\t\t\t<div class=\"elementor-element elementor-element-2ae92d30 elementor-column elementor-col-50 elementor-top-column\" data-id=\"2ae92d30\" data-element_type=\"column\">\n\t\t\t<div class=\"elementor-column-wrap  elementor-element-populated\">\n\t\t\t\t\t<div class=\"elementor-widget-wrap\">\n\t\t\t\t<div class=\"elementor-element elementor-element-2afb980f elementor-widget elementor-widget-heading\" data-id=\"2afb980f\" data-element_type=\"widget\" data-widget_type=\"heading.default\">\n\t\t\t\t<div class=\"elementor-widget-container\">\n\t\t\t<h2 class=\"elementor-heading-title elementor-size-default\">CZY WIESZ, \u017bE?<\/h2>\t\t<\/div>\n\t\t\t\t<\/div>\n\t\t\t\t<div class=\"elementor-element elementor-element-7e82714c elementor-widget__width-auto elementor-widget-tablet__width-inherit elementor-widget elementor-widget-text-editor\" data-id=\"7e82714c\" data-element_type=\"widget\" data-widget_type=\"text-editor.default\">\n\t\t\t\t<div class=\"elementor-widget-container\">\n\t\t\t\t\t<div class=\"elementor-text-editor elementor-clearfix\"><p>Tw\u00f3j telefon sk\u0142ada si\u0119 w ponad 60% z element\u00f3w z recyclingu! Opakowanie pochodzi z recyclingu a\u017c w 90%! Przypominamy:<\/p>\n<p>&#8211; Zu\u017cyty sprz\u0119t elektryczny, elektroniczny i baterie nale\u017cy oddawa\u0107 do punkt\u00f3w zbi\u00f3rki.<br \/>&#8211; Opakowanie po smartfonie nale\u017cy wyrzuci\u0107 do pojemnik\u00f3w na odpady segregowane.<\/p><\/div>\n\t\t\t\t<\/div>\n\t\t\t\t<\/div>\n\t\t\t\t\t\t<\/div>\n\t\t\t<\/div>\n\t\t<\/div>\n\t\t\t\t<div class=\"elementor-element elementor-element-75adb264 elementor-column elementor-col-50 elementor-top-column\" data-id=\"75adb264\" data-element_type=\"column\">\n\t\t\t<div class=\"elementor-column-wrap  elementor-element-populated\">\n\t\t\t\t\t<div class=\"elementor-widget-wrap\">\n\t\t\t\t<div class=\"elementor-element elementor-element-2c3413d elementor-widget elementor-widget-text-editor\" data-id=\"2c3413d\" data-element_type=\"widget\" data-widget_type=\"text-editor.default\">\n\t\t\t\t<div class=\"elementor-widget-container\">\n\t\t\t\t\t<div class=\"elementor-text-editor elementor-clearfix\"><p>Dowiedz si\u0119 o naszym sposobie zarz\u0105dzania ZSEE i recyclingu opakowa\u0144.<\/p><\/div>\n\t\t\t\t<\/div>\n\t\t\t\t<\/div>\n\t\t\t\t<div class=\"elementor-element elementor-element-41892853 elementor-align-center mi-explore-button elementor-widget elementor-widget-button\" data-id=\"41892853\" data-element_type=\"widget\" data-widget_type=\"button.default\">\n\t\t\t\t<div class=\"elementor-widget-container\">\n\t\t\t\t\t<div class=\"elementor-button-wrapper\">\n\t\t\t<a href=\"https:\/\/www.alcatelmobile.com\/gb\/wp-content\/uploads\/2019\/11\/weee-en.pdf\" class=\"elementor-button-link elementor-button elementor-size-sm\" role=\"button\">\n\t\t\t\t\t\t<span class=\"elementor-button-content-wrapper\">\n\t\t\t\t\t\t<span class=\"elementor-button-text\">Pobierz<\/span>\n\t\t<\/span>\n\t\t\t\t\t<\/a>\n\t\t<\/div>\n\t\t\t\t<\/div>\n\t\t\t\t<\/div>\n\t\t\t\t\t\t<\/div>\n\t\t\t<\/div>\n\t\t<\/div>\n\t\t\t\t\t\t<\/div>\n\t\t\t<\/div>\n\t\t<\/section>\n\t\t\t\t<section class=\"elementor-element elementor-element-c1c41b7 elementor-section-height-min-height elementor-section-boxed elementor-section-height-default elementor-section-items-middle elementor-section elementor-top-section\" data-id=\"c1c41b7\" data-element_type=\"section\" data-settings=\"{&quot;background_background&quot;:&quot;classic&quot;}\">\n\t\t\t\t\t\t<div class=\"elementor-container elementor-column-gap-no\">\n\t\t\t\t<div class=\"elementor-row\">\n\t\t\t\t<div class=\"elementor-element elementor-element-7b897ad0 elementor-column elementor-col-100 elementor-top-column\" data-id=\"7b897ad0\" data-element_type=\"column\">\n\t\t\t<div class=\"elementor-column-wrap  elementor-element-populated\">\n\t\t\t\t\t<div class=\"elementor-widget-wrap\">\n\t\t\t\t<div class=\"elementor-element elementor-element-2297518b elementor-widget elementor-widget-heading\" data-id=\"2297518b\" data-element_type=\"widget\" data-widget_type=\"heading.default\">\n\t\t\t\t<div class=\"elementor-widget-container\">\n\t\t\t<h2 class=\"elementor-heading-title elementor-size-default\">CEL 1,5\u00b0C!<\/h2>\t\t<\/div>\n\t\t\t\t<\/div>\n\t\t\t\t<div class=\"elementor-element elementor-element-41f64f87 elementor-widget__width-auto elementor-widget-tablet__width-inherit elementor-widget elementor-widget-text-editor\" data-id=\"41f64f87\" data-element_type=\"widget\" data-widget_type=\"text-editor.default\">\n\t\t\t\t<div class=\"elementor-widget-container\">\n\t\t\t\t\t<div class=\"elementor-text-editor elementor-clearfix\"><p style=\"text-align: center;\">Najnowsze dzia\u0142anie:<br \/>Zgodnie z norm\u0105 ISO 14064 sp\u00f3\u0142ka TCT rozpocz\u0119\u0142a obliczenia emisji gaz\u00f3w cieplarnianych, co pozwoli jej \u015bledzi\u0107 rezultaty i post\u0119py w redukcji emisji i\/lub zwi\u0119kszonego ich usuwania. Proces ten pomo\u017ce r\u00f3wnie\u017c okre\u015bli\u0107 zagro\u017cenia i obowi\u0105zki zwi\u0105zane z emisj\u0105 gaz\u00f3w cieplarnianych<\/p><\/div>\n\t\t\t\t<\/div>\n\t\t\t\t<\/div>\n\t\t\t\t\t\t<\/div>\n\t\t\t<\/div>\n\t\t<\/div>\n\t\t\t\t\t\t<\/div>\n\t\t\t<\/div>\n\t\t<\/section>\n\t\t\t\t<section class=\"elementor-element elementor-element-756ffd72 elementor-section-height-min-height elementor-section-boxed elementor-section-height-default elementor-section-items-middle elementor-section elementor-top-section\" data-id=\"756ffd72\" data-element_type=\"section\">\n\t\t\t\t\t\t<div class=\"elementor-container elementor-column-gap-default\">\n\t\t\t\t<div class=\"elementor-row\">\n\t\t\t\t<div class=\"elementor-element elementor-element-7e370879 elementor-column elementor-col-50 elementor-top-column\" data-id=\"7e370879\" data-element_type=\"column\">\n\t\t\t<div class=\"elementor-column-wrap  elementor-element-populated\">\n\t\t\t\t\t<div class=\"elementor-widget-wrap\">\n\t\t\t\t<div class=\"elementor-element elementor-element-72880b71 mi-description elementor-widget elementor-widget-heading\" data-id=\"72880b71\" data-element_type=\"widget\" data-widget_type=\"heading.default\">\n\t\t\t\t<div class=\"elementor-widget-container\">\n\t\t\t<h3 class=\"elementor-heading-title elementor-size-default\">INICJATYWA \u201eSAVE TREES\u201d<\/h3>\t\t<\/div>\n\t\t\t\t<\/div>\n\t\t\t\t<div class=\"elementor-element elementor-element-37e2d462 elementor-widget elementor-widget-text-editor\" data-id=\"37e2d462\" data-element_type=\"widget\" data-widget_type=\"text-editor.default\">\n\t\t\t\t<div class=\"elementor-widget-container\">\n\t\t\t\t\t<div class=\"elementor-text-editor elementor-clearfix\"><p>TCL realizuje inicjatyw\u0119 ratowania drzew \u201eSAVE TREES\u201d. Z tego powodu od 2016 roku ograniczymy liczb\u0119 drukowanych dokument\u00f3w dodawanych do niekt\u00f3rych produkt\u00f3w. Nasza instrukcja obs\u0142ugi ju\u017c teraz zosta\u0142a zredukowana do ulotki ze skr\u00f3con\u0105 instrukcj\u0105 konfiguracji. Pe\u0142n\u0105 instrukcj\u0119 obs\u0142ugi znajdziesz na naszej stronie. Zanim wydrukujesz, pomy\u015bl o drzewach!<\/p><\/div>\n\t\t\t\t<\/div>\n\t\t\t\t<\/div>\n\t\t\t\t\t\t<\/div>\n\t\t\t<\/div>\n\t\t<\/div>\n\t\t\t\t<div class=\"elementor-element elementor-element-3f04481c elementor-column elementor-col-50 elementor-top-column\" data-id=\"3f04481c\" data-element_type=\"column\">\n\t\t\t<div class=\"elementor-column-wrap  elementor-element-populated\">\n\t\t\t\t\t<div class=\"elementor-widget-wrap\">\n\t\t\t\t<div class=\"elementor-element elementor-element-550139ad mi-description elementor-widget elementor-widget-heading\" data-id=\"550139ad\" data-element_type=\"widget\" data-widget_type=\"heading.default\">\n\t\t\t\t<div class=\"elementor-widget-container\">\n\t\t\t<h3 class=\"elementor-heading-title elementor-size-default\">TELEFON BEZ \u0141ADOWARKI:<\/h3>\t\t<\/div>\n\t\t\t\t<\/div>\n\t\t\t\t<div class=\"elementor-element elementor-element-76447f38 elementor-widget elementor-widget-text-editor\" data-id=\"76447f38\" data-element_type=\"widget\" data-widget_type=\"text-editor.default\">\n\t\t\t\t<div class=\"elementor-widget-container\">\n\t\t\t\t\t<div class=\"elementor-text-editor elementor-clearfix\"><p>\u0142adowarki stanowi\u0105 du\u017cy odsetek elektro-\u015bmieci, kt\u00f3rych ilo\u015b\u0107 dochodzi do 51 000 ton rocznie. Aby zredukowa\u0107 ilo\u015b\u0107 odpad\u00f3w, postanowili\u015bmy sprzedawa\u0107 niekt\u00f3re smartfony bez \u0142adowarek sieciowych. Inicjatywa zosta\u0142a wdro\u017cona najpierw w Wielkiej Brytanii. Teraz zach\u0119camy naszych partner\u00f3w i klient\u00f3w do wsparcia tego pomys\u0142u! Czy masz ju\u017c w domu \u0142adowark\u0119? Kup kolejny telefon bez \u0142adowarki!<\/p><\/div>\n\t\t\t\t<\/div>\n\t\t\t\t<\/div>\n\t\t\t\t\t\t<\/div>\n\t\t\t<\/div>\n\t\t<\/div>\n\t\t\t\t\t\t<\/div>\n\t\t\t<\/div>\n\t\t<\/section>\n\t\t\t\t\t\t<\/div>\n\t\t\t<\/div>\n\t\t<\/div>\n\t\t","protected":false},"excerpt":{"rendered":"<p>Pe\u0142na mobilizacja w d\u0105\u017ceniu do 1,5\u00b0C! CERTYFIKAT ISO 14001 TCT uzyska\u0142 certyfikat ISO 14001 za system zarz\u0105dzania \u015brodowiskowego. Certyfikat ten potwierdza zgodno\u015b\u0107 z nasz\u0105 polityk\u0105 \u015brodowiskow\u0105 oraz najwy\u017cszymi standardami ekologicznymi. 2015 CSR RAPORT Pobierz CZY WIESZ, \u017bE? Tw\u00f3j telefon sk\u0142ada si\u0119 w ponad 60% z element\u00f3w z recyclingu! Opakowanie pochodzi z recyclingu a\u017c w 90%! &hellip;<\/p>\n<p class=\"read-more\"> <a class=\"\" href=\"https:\/\/www.alcatelmobile.com\/pl\/about-us\/enviroment\/\"> <span class=\"screen-reader-text\">\u015arodowisko<\/span> Read More &raquo;<\/a><\/p>\n","protected":false},"author":1,"featured_media":0,"parent":27802,"menu_order":0,"comment_status":"closed","ping_status":"closed","template":"","meta":[],"_links":{"self":[{"href":"https:\/\/www.alcatelmobile.com\/pl\/content\/wp-json\/wp\/v2\/pages\/27838"}],"collection":[{"href":"https:\/\/www.alcatelmobile.com\/pl\/content\/wp-json\/wp\/v2\/pages"}],"about":[{"href":"https:\/\/www.alcatelmobile.com\/pl\/content\/wp-json\/wp\/v2\/types\/page"}],"author":[{"embeddable":true,"href":"https:\/\/www.alcatelmobile.com\/pl\/content\/wp-json\/wp\/v2\/users\/1"}],"replies":[{"embeddable":true,"href":"https:\/\/www.alcatelmobile.com\/pl\/content\/wp-json\/wp\/v2\/comments?post=27838"}],"version-history":[{"count":7,"href":"https:\/\/www.alcatelmobile.com\/pl\/content\/wp-json\/wp\/v2\/pages\/27838\/revisions"}],"predecessor-version":[{"id":28034,"href":"https:\/\/www.alcatelmobile.com\/pl\/content\/wp-json\/wp\/v2\/pages\/27838\/revisions\/28034"}],"up":[{"embeddable":true,"href":"https:\/\/www.alcatelmobile.com\/pl\/content\/wp-json\/wp\/v2\/pages\/27802"}],"wp:attachment":[{"href":"https:\/\/www.alcatelmobile.com\/pl\/content\/wp-json\/wp\/v2\/media?parent=27838"}],"curies":[{"name":"wp","href":"https:\/\/api.w.org\/{rel}","templated":true}]}}