{"id":13321,"date":"2019-06-27T17:49:13","date_gmt":"2019-06-27T09:49:13","guid":{"rendered":"https:\/\/www.alcatelmobile.com\/?post_type=product&#038;p=13321"},"modified":"2019-12-23T17:38:11","modified_gmt":"2019-12-23T09:38:11","slug":"alcatel-3","status":"publish","type":"product","link":"https:\/\/www.alcatelmobile.com\/pl\/product\/smartphone\/alcatel3\/alcatel-3\/","title":{"rendered":"Alcatel 3"},"content":{"rendered":"","protected":false},"excerpt":{"rendered":"<p>Wykorzystaj ka\u017cd\u0105 chwil\u0119 z kompaktowym wy\u015bwietlaczem Full View 18:9<\/p>\n","protected":false},"featured_media":25673,"template":"","meta":[],"_links":{"self":[{"href":"https:\/\/www.alcatelmobile.com\/pl\/content\/wp-json\/wp\/v2\/product\/13321"}],"collection":[{"href":"https:\/\/www.alcatelmobile.com\/pl\/content\/wp-json\/wp\/v2\/product"}],"about":[{"href":"https:\/\/www.alcatelmobile.com\/pl\/content\/wp-json\/wp\/v2\/types\/product"}],"version-history":[{"count":9,"href":"https:\/\/www.alcatelmobile.com\/pl\/content\/wp-json\/wp\/v2\/product\/13321\/revisions"}],"predecessor-version":[{"id":28038,"href":"https:\/\/www.alcatelmobile.com\/pl\/content\/wp-json\/wp\/v2\/product\/13321\/revisions\/28038"}],"wp:featuredmedia":[{"embeddable":true,"href":"https:\/\/www.alcatelmobile.com\/pl\/content\/wp-json\/wp\/v2\/media\/25673"}],"wp:attachment":[{"href":"https:\/\/www.alcatelmobile.com\/pl\/content\/wp-json\/wp\/v2\/media?parent=13321"}],"curies":[{"name":"wp","href":"https:\/\/api.w.org\/{rel}","templated":true}]}}