{"id":13351,"date":"2019-06-27T20:59:55","date_gmt":"2019-06-27T12:59:55","guid":{"rendered":"https:\/\/www.alcatelmobile.com\/?post_type=product&#038;p=13351"},"modified":"2020-09-03T20:56:49","modified_gmt":"2020-09-03T12:56:49","slug":"alcatel-1s","status":"publish","type":"product","link":"https:\/\/www.alcatelmobile.com\/pl\/product\/smartphone\/alcatel1\/alcatel-1s\/","title":{"rendered":"Alcatel 1S"},"content":{"rendered":"","protected":false},"excerpt":{"rendered":"<p>P\u0142ynno\u015b\u0107 i szybko\u015b\u0107 dzia\u0142ania sprawia, \u017ce mo\u017cesz wi\u0119cej<\/p>\n","protected":false},"featured_media":25617,"template":"","meta":[],"_links":{"self":[{"href":"https:\/\/www.alcatelmobile.com\/pl\/content\/wp-json\/wp\/v2\/product\/13351"}],"collection":[{"href":"https:\/\/www.alcatelmobile.com\/pl\/content\/wp-json\/wp\/v2\/product"}],"about":[{"href":"https:\/\/www.alcatelmobile.com\/pl\/content\/wp-json\/wp\/v2\/types\/product"}],"version-history":[{"count":16,"href":"https:\/\/www.alcatelmobile.com\/pl\/content\/wp-json\/wp\/v2\/product\/13351\/revisions"}],"predecessor-version":[{"id":28285,"href":"https:\/\/www.alcatelmobile.com\/pl\/content\/wp-json\/wp\/v2\/product\/13351\/revisions\/28285"}],"wp:featuredmedia":[{"embeddable":true,"href":"https:\/\/www.alcatelmobile.com\/pl\/content\/wp-json\/wp\/v2\/media\/25617"}],"wp:attachment":[{"href":"https:\/\/www.alcatelmobile.com\/pl\/content\/wp-json\/wp\/v2\/media?parent=13351"}],"curies":[{"name":"wp","href":"https:\/\/api.w.org\/{rel}","templated":true}]}}