{"id":13446,"date":"2019-07-01T11:28:14","date_gmt":"2019-07-01T03:28:14","guid":{"rendered":"https:\/\/www.alcatelmobile.com\/?post_type=product&#038;p=13446"},"modified":"2019-12-23T19:11:49","modified_gmt":"2019-12-23T11:11:49","slug":"linkzone-cat4-mobile-wi-fi","status":"publish","type":"product","link":"https:\/\/www.alcatelmobile.com\/pl\/product\/mobile-broadband\/mobile-wifi\/linkzone-cat4-mobile-wi-fi\/","title":{"rendered":"LINKZONE 4G LTE Cat4 Mobile Wi-Fi"},"content":{"rendered":"","protected":false},"excerpt":{"rendered":"<p>Szybkie przeno\u015bne Wi-Fi, kt\u00f3re podr\u00f3\u017cuje razem z Tob\u0105<br \/>\n4G LTE Cat4 Mobile Wi-Fi<\/p>\n","protected":false},"featured_media":26145,"template":"","meta":[],"_links":{"self":[{"href":"https:\/\/www.alcatelmobile.com\/pl\/content\/wp-json\/wp\/v2\/product\/13446"}],"collection":[{"href":"https:\/\/www.alcatelmobile.com\/pl\/content\/wp-json\/wp\/v2\/product"}],"about":[{"href":"https:\/\/www.alcatelmobile.com\/pl\/content\/wp-json\/wp\/v2\/types\/product"}],"version-history":[{"count":8,"href":"https:\/\/www.alcatelmobile.com\/pl\/content\/wp-json\/wp\/v2\/product\/13446\/revisions"}],"predecessor-version":[{"id":28084,"href":"https:\/\/www.alcatelmobile.com\/pl\/content\/wp-json\/wp\/v2\/product\/13446\/revisions\/28084"}],"wp:featuredmedia":[{"embeddable":true,"href":"https:\/\/www.alcatelmobile.com\/pl\/content\/wp-json\/wp\/v2\/media\/26145"}],"wp:attachment":[{"href":"https:\/\/www.alcatelmobile.com\/pl\/content\/wp-json\/wp\/v2\/media?parent=13446"}],"curies":[{"name":"wp","href":"https:\/\/api.w.org\/{rel}","templated":true}]}}