{"id":13664,"date":"2019-07-02T13:54:13","date_gmt":"2019-07-02T05:54:13","guid":{"rendered":"https:\/\/www.alcatelmobile.com\/?post_type=product&#038;p=13664"},"modified":"2019-12-23T19:00:12","modified_gmt":"2019-12-23T11:00:12","slug":"movetime-watch","status":"publish","type":"product","link":"https:\/\/www.alcatelmobile.com\/pl\/product\/smartwatch\/move-time\/movetime-watch\/","title":{"rendered":"MOVETIME Watch"},"content":{"rendered":"","protected":false},"excerpt":{"rendered":"<p>Zegarek z \u0142\u0105czno\u015bci\u0105 2G \u2013 komfort dla rodzic\u00f3w<\/p>\n","protected":false},"featured_media":13712,"template":"","meta":[],"_links":{"self":[{"href":"https:\/\/www.alcatelmobile.com\/pl\/content\/wp-json\/wp\/v2\/product\/13664"}],"collection":[{"href":"https:\/\/www.alcatelmobile.com\/pl\/content\/wp-json\/wp\/v2\/product"}],"about":[{"href":"https:\/\/www.alcatelmobile.com\/pl\/content\/wp-json\/wp\/v2\/types\/product"}],"version-history":[{"count":4,"href":"https:\/\/www.alcatelmobile.com\/pl\/content\/wp-json\/wp\/v2\/product\/13664\/revisions"}],"predecessor-version":[{"id":28077,"href":"https:\/\/www.alcatelmobile.com\/pl\/content\/wp-json\/wp\/v2\/product\/13664\/revisions\/28077"}],"wp:featuredmedia":[{"embeddable":true,"href":"https:\/\/www.alcatelmobile.com\/pl\/content\/wp-json\/wp\/v2\/media\/13712"}],"wp:attachment":[{"href":"https:\/\/www.alcatelmobile.com\/pl\/content\/wp-json\/wp\/v2\/media?parent=13664"}],"curies":[{"name":"wp","href":"https:\/\/api.w.org\/{rel}","templated":true}]}}