{"id":25798,"date":"2019-07-09T09:55:09","date_gmt":"2019-07-09T01:55:09","guid":{"rendered":"https:\/\/www.alcatelmobile.com\/?post_type=product&#038;p=25798"},"modified":"2019-12-23T17:33:14","modified_gmt":"2019-12-23T09:33:14","slug":"alcatel-3c","status":"publish","type":"product","link":"https:\/\/www.alcatelmobile.com\/pl\/product\/smartphone\/alcatel3\/alcatel-3c\/","title":{"rendered":"Alcatel 3C"},"content":{"rendered":"","protected":false},"excerpt":{"rendered":"<p>Tw\u00f3j \u015bwiat w Twojej d\u0142oni z 6-calowym wy\u015bwietlaczem FullView 18:9<\/p>\n","protected":false},"featured_media":27938,"template":"","meta":[],"_links":{"self":[{"href":"https:\/\/www.alcatelmobile.com\/pl\/content\/wp-json\/wp\/v2\/product\/25798"}],"collection":[{"href":"https:\/\/www.alcatelmobile.com\/pl\/content\/wp-json\/wp\/v2\/product"}],"about":[{"href":"https:\/\/www.alcatelmobile.com\/pl\/content\/wp-json\/wp\/v2\/types\/product"}],"version-history":[{"count":6,"href":"https:\/\/www.alcatelmobile.com\/pl\/content\/wp-json\/wp\/v2\/product\/25798\/revisions"}],"predecessor-version":[{"id":28037,"href":"https:\/\/www.alcatelmobile.com\/pl\/content\/wp-json\/wp\/v2\/product\/25798\/revisions\/28037"}],"wp:featuredmedia":[{"embeddable":true,"href":"https:\/\/www.alcatelmobile.com\/pl\/content\/wp-json\/wp\/v2\/media\/27938"}],"wp:attachment":[{"href":"https:\/\/www.alcatelmobile.com\/pl\/content\/wp-json\/wp\/v2\/media?parent=25798"}],"curies":[{"name":"wp","href":"https:\/\/api.w.org\/{rel}","templated":true}]}}