{"id":25852,"date":"2019-07-09T10:31:05","date_gmt":"2019-07-09T02:31:05","guid":{"rendered":"https:\/\/www.alcatelmobile.com\/?post_type=product&#038;p=25852"},"modified":"2019-12-23T18:02:49","modified_gmt":"2019-12-23T10:02:49","slug":"alcatel-3l","status":"publish","type":"product","link":"https:\/\/www.alcatelmobile.com\/pl\/product\/smartphone\/alcatel3\/alcatel-3l\/","title":{"rendered":"Alcatel 3L"},"content":{"rendered":"","protected":false},"excerpt":{"rendered":"<p>Poszerz swoj\u0105 perspektyw\u0119 z panoramicznym wy\u015bwietlaczem Full View 18:9<\/p>\n","protected":false},"featured_media":28044,"template":"","meta":[],"_links":{"self":[{"href":"https:\/\/www.alcatelmobile.com\/pl\/content\/wp-json\/wp\/v2\/product\/25852"}],"collection":[{"href":"https:\/\/www.alcatelmobile.com\/pl\/content\/wp-json\/wp\/v2\/product"}],"about":[{"href":"https:\/\/www.alcatelmobile.com\/pl\/content\/wp-json\/wp\/v2\/types\/product"}],"version-history":[{"count":8,"href":"https:\/\/www.alcatelmobile.com\/pl\/content\/wp-json\/wp\/v2\/product\/25852\/revisions"}],"predecessor-version":[{"id":28062,"href":"https:\/\/www.alcatelmobile.com\/pl\/content\/wp-json\/wp\/v2\/product\/25852\/revisions\/28062"}],"wp:featuredmedia":[{"embeddable":true,"href":"https:\/\/www.alcatelmobile.com\/pl\/content\/wp-json\/wp\/v2\/media\/28044"}],"wp:attachment":[{"href":"https:\/\/www.alcatelmobile.com\/pl\/content\/wp-json\/wp\/v2\/media?parent=25852"}],"curies":[{"name":"wp","href":"https:\/\/api.w.org\/{rel}","templated":true}]}}