{"id":26213,"date":"2019-07-10T16:37:35","date_gmt":"2019-07-10T08:37:35","guid":{"rendered":"https:\/\/www.alcatelmobile.com\/?post_type=product&#038;p=26213"},"modified":"2019-12-21T12:12:47","modified_gmt":"2019-12-21T04:12:47","slug":"linkhub-hh40v","status":"publish","type":"product","link":"https:\/\/www.alcatelmobile.com\/pl\/product\/mobile-broadband\/mobile-wifi\/linkhub-hh40v\/","title":{"rendered":"LINKHUB HH40V"},"content":{"rendered":"<p>Bezprzewodowe WiFi dla szybkiego po\u0142\u0105czenia<\/p>\n","protected":false},"excerpt":{"rendered":"<p>Bezprzewodowe WiFi dla szybkiego po\u0142\u0105czenia<\/p>\n<p>SZYBKA INSTALACJA, \u0141ATWO\u015a\u0106 PRZENOSZENIA<\/p>\n<div id=\"gtx-trans\" style=\"position: absolute; left: -89px; top: -2.375px;\">\n<div class=\"gtx-trans-icon\">\u00a0<\/div>\n<\/div>\n","protected":false},"featured_media":13684,"template":"","meta":[],"_links":{"self":[{"href":"https:\/\/www.alcatelmobile.com\/pl\/content\/wp-json\/wp\/v2\/product\/26213"}],"collection":[{"href":"https:\/\/www.alcatelmobile.com\/pl\/content\/wp-json\/wp\/v2\/product"}],"about":[{"href":"https:\/\/www.alcatelmobile.com\/pl\/content\/wp-json\/wp\/v2\/types\/product"}],"version-history":[{"count":4,"href":"https:\/\/www.alcatelmobile.com\/pl\/content\/wp-json\/wp\/v2\/product\/26213\/revisions"}],"predecessor-version":[{"id":27997,"href":"https:\/\/www.alcatelmobile.com\/pl\/content\/wp-json\/wp\/v2\/product\/26213\/revisions\/27997"}],"wp:featuredmedia":[{"embeddable":true,"href":"https:\/\/www.alcatelmobile.com\/pl\/content\/wp-json\/wp\/v2\/media\/13684"}],"wp:attachment":[{"href":"https:\/\/www.alcatelmobile.com\/pl\/content\/wp-json\/wp\/v2\/media?parent=26213"}],"curies":[{"name":"wp","href":"https:\/\/api.w.org\/{rel}","templated":true}]}}