{"id":28078,"date":"2019-12-23T19:05:31","date_gmt":"2019-12-23T11:05:31","guid":{"rendered":"https:\/\/www.alcatelmobile.com\/pl\/?post_type=product&#038;p=28078"},"modified":"2019-12-23T19:05:31","modified_gmt":"2019-12-23T11:05:31","slug":"movetime-family-watch-mt40","status":"publish","type":"product","link":"https:\/\/www.alcatelmobile.com\/pl\/product\/smartwatch\/move-time\/movetime-family-watch-mt40\/","title":{"rendered":"MOVETIME Family Watch MT40"},"content":{"rendered":"","protected":false},"excerpt":{"rendered":"<p>Pomaga Twojej rodzinie pozosta\u0107 blisko i zaj\u015b\u0107 daleko<\/p>\n","protected":false},"featured_media":0,"template":"","meta":[],"_links":{"self":[{"href":"https:\/\/www.alcatelmobile.com\/pl\/content\/wp-json\/wp\/v2\/product\/28078"}],"collection":[{"href":"https:\/\/www.alcatelmobile.com\/pl\/content\/wp-json\/wp\/v2\/product"}],"about":[{"href":"https:\/\/www.alcatelmobile.com\/pl\/content\/wp-json\/wp\/v2\/types\/product"}],"version-history":[{"count":1,"href":"https:\/\/www.alcatelmobile.com\/pl\/content\/wp-json\/wp\/v2\/product\/28078\/revisions"}],"predecessor-version":[{"id":28082,"href":"https:\/\/www.alcatelmobile.com\/pl\/content\/wp-json\/wp\/v2\/product\/28078\/revisions\/28082"}],"wp:attachment":[{"href":"https:\/\/www.alcatelmobile.com\/pl\/content\/wp-json\/wp\/v2\/media?parent=28078"}],"curies":[{"name":"wp","href":"https:\/\/api.w.org\/{rel}","templated":true}]}}