{"id":28127,"date":"2020-04-15T17:32:41","date_gmt":"2020-04-15T09:32:41","guid":{"rendered":"https:\/\/www.alcatelmobile.com\/pl\/?post_type=product&#038;p=28127"},"modified":"2020-07-28T14:04:22","modified_gmt":"2020-07-28T06:04:22","slug":"alcatel-1b-2020","status":"publish","type":"product","link":"https:\/\/www.alcatelmobile.com\/pl\/product\/smartphone\/alcatel1\/alcatel-1b-2020\/","title":{"rendered":"Alcatel 1B (2020)"},"content":{"rendered":"","protected":false},"excerpt":{"rendered":"<p>Odkryj niezwyk\u0142\u0105 p\u0142ynno\u015b\u0107<\/p>\n","protected":false},"featured_media":28130,"template":"","meta":[],"_links":{"self":[{"href":"https:\/\/www.alcatelmobile.com\/pl\/content\/wp-json\/wp\/v2\/product\/28127"}],"collection":[{"href":"https:\/\/www.alcatelmobile.com\/pl\/content\/wp-json\/wp\/v2\/product"}],"about":[{"href":"https:\/\/www.alcatelmobile.com\/pl\/content\/wp-json\/wp\/v2\/types\/product"}],"version-history":[{"count":3,"href":"https:\/\/www.alcatelmobile.com\/pl\/content\/wp-json\/wp\/v2\/product\/28127\/revisions"}],"predecessor-version":[{"id":28277,"href":"https:\/\/www.alcatelmobile.com\/pl\/content\/wp-json\/wp\/v2\/product\/28127\/revisions\/28277"}],"wp:featuredmedia":[{"embeddable":true,"href":"https:\/\/www.alcatelmobile.com\/pl\/content\/wp-json\/wp\/v2\/media\/28130"}],"wp:attachment":[{"href":"https:\/\/www.alcatelmobile.com\/pl\/content\/wp-json\/wp\/v2\/media?parent=28127"}],"curies":[{"name":"wp","href":"https:\/\/api.w.org\/{rel}","templated":true}]}}