{"id":28157,"date":"2020-04-15T17:57:59","date_gmt":"2020-04-15T09:57:59","guid":{"rendered":"https:\/\/www.alcatelmobile.com\/pl\/?post_type=product&#038;p=28157"},"modified":"2020-07-28T14:03:46","modified_gmt":"2020-07-28T06:03:46","slug":"alcatel-1s-2020","status":"publish","type":"product","link":"https:\/\/www.alcatelmobile.com\/pl\/product\/smartphone\/alcatel1\/alcatel-1s-2020\/","title":{"rendered":"Alcatel 1S (2020)"},"content":{"rendered":"","protected":false},"excerpt":{"rendered":"<p>Wi\u0119ksze mo\u017cliwo\u015bci fotograficzne, dzi\u0119ki inteligentnemu, potr\u00f3jnemu aparatowi<\/p>\n","protected":false},"featured_media":28160,"template":"","meta":[],"_links":{"self":[{"href":"https:\/\/www.alcatelmobile.com\/pl\/content\/wp-json\/wp\/v2\/product\/28157"}],"collection":[{"href":"https:\/\/www.alcatelmobile.com\/pl\/content\/wp-json\/wp\/v2\/product"}],"about":[{"href":"https:\/\/www.alcatelmobile.com\/pl\/content\/wp-json\/wp\/v2\/types\/product"}],"version-history":[{"count":3,"href":"https:\/\/www.alcatelmobile.com\/pl\/content\/wp-json\/wp\/v2\/product\/28157\/revisions"}],"predecessor-version":[{"id":28276,"href":"https:\/\/www.alcatelmobile.com\/pl\/content\/wp-json\/wp\/v2\/product\/28157\/revisions\/28276"}],"wp:featuredmedia":[{"embeddable":true,"href":"https:\/\/www.alcatelmobile.com\/pl\/content\/wp-json\/wp\/v2\/media\/28160"}],"wp:attachment":[{"href":"https:\/\/www.alcatelmobile.com\/pl\/content\/wp-json\/wp\/v2\/media?parent=28157"}],"curies":[{"name":"wp","href":"https:\/\/api.w.org\/{rel}","templated":true}]}}