{"id":26275,"date":"2019-07-11T10:58:53","date_gmt":"2019-07-11T02:58:53","guid":{"rendered":"https:\/\/www.alcatelmobile.com\/?page_id=26275"},"modified":"2021-07-07T15:26:20","modified_gmt":"2021-07-07T07:26:20","slug":"cookie-policy","status":"publish","type":"page","link":"https:\/\/www.alcatelmobile.com\/pt\/cookie-policy\/","title":{"rendered":"Pol\u00edtica de Cookies"},"content":{"rendered":"\t\t<div data-elementor-type=\"post\" data-elementor-id=\"26275\" class=\"elementor elementor-26275\" data-elementor-settings=\"[]\">\n\t\t\t<div class=\"elementor-inner\">\n\t\t\t\t<div class=\"elementor-section-wrap\">\n\t\t\t\t\t\t\t<section class=\"elementor-element elementor-element-4862f035 mi-no-height elementor-section-boxed elementor-section-height-default elementor-section-height-default elementor-section elementor-top-section\" data-id=\"4862f035\" data-element_type=\"section\">\n\t\t\t\t\t\t<div class=\"elementor-container elementor-column-gap-no\">\n\t\t\t\t<div class=\"elementor-row\">\n\t\t\t\t<div class=\"elementor-element elementor-element-7a0bfd04 elementor-column elementor-col-100 elementor-top-column\" data-id=\"7a0bfd04\" data-element_type=\"column\">\n\t\t\t<div class=\"elementor-column-wrap  elementor-element-populated\">\n\t\t\t\t\t<div class=\"elementor-widget-wrap\">\n\t\t\t\t<div class=\"elementor-element elementor-element-6765cc07 elementor-widget elementor-widget-html\" data-id=\"6765cc07\" data-element_type=\"widget\" data-widget_type=\"html.default\">\n\t\t\t\t<div class=\"elementor-widget-container\">\n\t\t\t<div id=\"mi-alternative-menu-bottom-border-color\" data-alt-class=\"mi-dark-bottom-border\"><\/div>\t\t<\/div>\n\t\t\t\t<\/div>\n\t\t\t\t\t\t<\/div>\n\t\t\t<\/div>\n\t\t<\/div>\n\t\t\t\t\t\t<\/div>\n\t\t\t<\/div>\n\t\t<\/section>\n\t\t\t\t<section class=\"elementor-element elementor-element-1deda77d elementor-section-boxed elementor-section-height-default elementor-section-height-default elementor-section elementor-top-section\" data-id=\"1deda77d\" data-element_type=\"section\">\n\t\t\t\t\t\t<div class=\"elementor-container elementor-column-gap-no\">\n\t\t\t\t<div class=\"elementor-row\">\n\t\t\t\t<div class=\"elementor-element elementor-element-16052129 elementor-column elementor-col-100 elementor-top-column\" data-id=\"16052129\" data-element_type=\"column\">\n\t\t\t<div class=\"elementor-column-wrap  elementor-element-populated\">\n\t\t\t\t\t<div class=\"elementor-widget-wrap\">\n\t\t\t\t<div class=\"elementor-element elementor-element-133c6fc4 elementor-widget elementor-widget-theme-post-title elementor-page-title elementor-widget-heading\" data-id=\"133c6fc4\" data-element_type=\"widget\" data-widget_type=\"theme-post-title.default\">\n\t\t\t\t<div class=\"elementor-widget-container\">\n\t\t\t<h1 class=\"elementor-heading-title elementor-size-default\">Pol\u00edtica de Cookies<\/h1>\t\t<\/div>\n\t\t\t\t<\/div>\n\t\t\t\t<div class=\"elementor-element elementor-element-75a7ef72 mi-general-text mi-hyperlink-blue elementor-widget elementor-widget-text-editor\" data-id=\"75a7ef72\" data-element_type=\"widget\" data-widget_type=\"text-editor.default\">\n\t\t\t\t<div class=\"elementor-widget-container\">\n\t\t\t\t\t<div class=\"elementor-text-editor elementor-clearfix\"><p>Utilizamos <em>cookies<\/em> e tecnologias Web semelhantes, incluindo <em>pixel tags<\/em> ou Web<em> beacons<\/em> (doravante denominados \u201cFerramentas de Recolha Automatizadas\u201d), para suportar determinadas funcionalidades da conta da Alcatel e de outros <em>sites<\/em> e aplica\u00e7\u00f5es que operamos. Estas ferramentas automatizadas s\u00e3o partes de c\u00f3digo implementadas no dispositivo do utilizador. As Ferramentas de Recolha Automatizadas permitem que o <em>site<\/em> reconhe\u00e7a o seu <em>browser<\/em> ou dispositivo durante a visita ao <em>site<\/em> ou \u00e0 aplica\u00e7\u00e3o da Alcatel ou quando regressa aos mesmos. Utilizamos os seguintes tipos de ferramentas automatizadas:<\/p>\n<p><u>Categoria 1 \u2013 Ferramentas estritamente necess\u00e1rias:<\/u><\/p>\n<p>Utilizamos diversas Ferramentas de Recolha Automatizadas que s\u00e3o essenciais para o funcionamento dos Materiais da Alcatel e que possibilitam a presta\u00e7\u00e3o de servi\u00e7os que o utilizador solicitou especificamente. Estes tipos de Ferramentas de Recolha Automatizadas permitem-nos:<\/p>\n<ul>\n<li>registar que o utilizador iniciou sess\u00e3o na sua conta;<\/li>\n<li>registar quando o utilizador nos d\u00e1 consentimento para utilizarmos as Ferramentas de Recolha Automatizadas, conforme aplic\u00e1vel;<\/li>\n<li>fornecer produtos e servi\u00e7os ao utilizador e gerir transa\u00e7\u00f5es, incluindo ao permitir que os <em>sites<\/em> ou outros Materiais da Alcatel recordem os artigos que adiciona ao seu carrinho de compras ou as informa\u00e7\u00f5es que forneceu em formul\u00e1rios;<\/li>\n<li>apresentar avalia\u00e7\u00f5es de produtos que o utilizador nos envia;<\/li>\n<li>fornecer a seguran\u00e7a necess\u00e1ria que a sua utiliza\u00e7\u00e3o dos Materiais da Alcatel exige, por exemplo, monitorizar o fluxo de tr\u00e1fego e as visitas para ficarmos a par de potenciais amea\u00e7as de seguran\u00e7a (p. ex., em caso de tr\u00e1fego invulgarmente elevado ou r\u00e1pido); e<\/li>\n<li>ajudar a assegurar o carregamento r\u00e1pido do conte\u00fado dos Materiais da Alcatel que o utilizador solicita.<\/li>\n<\/ul>\n<p>Sem estas Ferramentas de Recolha Automatizadas, n\u00e3o \u00e9 poss\u00edvel prestar os servi\u00e7os que o utilizador solicitou.<\/p>\n<p>Queremos que compreenda estas Ferramentas de Recolha Automatizadas essenciais, bem como os motivos pelos quais as utilizamos. No entanto, saiba que n\u00e3o precisamos do seu consentimento para as utilizarmos, uma vez que apenas fazemos uso destas Ferramentas de Recolha Automatizadas para lhe prestar os servi\u00e7os que solicitou.<\/p>\n<p><u>Categoria 2 \u2013 Ferramentas de desempenho:<\/u><\/p>\n<p>Estas Ferramentas de Recolha Automatizadas recolhem informa\u00e7\u00f5es sobre a forma como o utilizador faz uso dos Materiais da Alcatel. Estas permitem-nos compreender:<\/p>\n<ul>\n<li>a partir de que dispositivo e\/ou <em>site<\/em> est\u00e1 a aceder;<\/li>\n<li>quais s\u00e3o os Materiais da Alcatel e as respetivas fun\u00e7\u00f5es que utiliza com mais frequ\u00eancia, para que possamos utilizar estas informa\u00e7\u00f5es para melhorar a funcionalidade;<\/li>\n<li>as suas prefer\u00eancias para assegurar a apresenta\u00e7\u00e3o de conte\u00fado mais relevante para si no <em>site<\/em> ou na aplica\u00e7\u00e3o (incluindo conte\u00fado publicit\u00e1rio); e<\/li>\n<li>situa\u00e7\u00f5es em que receba mensagens de erro.<\/li>\n<\/ul>\n<p>As informa\u00e7\u00f5es reunidas apenas s\u00e3o utilizadas para melhorar o funcionamento dos Materiais da Alcatel.<\/p>\n<p>Al\u00e9m disso, a linguagem de codifica\u00e7\u00e3o em que o <em>site<\/em> da Alcatel se baseia utiliza Ferramentas de Recolha Automatizadas, que s\u00e3o eliminadas sempre que o utilizador fechar a sess\u00e3o do <em>browser<\/em>. Estas ferramentas n\u00e3o guardam informa\u00e7\u00f5es sobre um visitante depois de este fechar o <em>browser<\/em>.<\/p>\n<p>Algumas destas Ferramentas de Recolha Automatizadas s\u00e3o fornecidas pelos seguintes terceiros:<\/p>\n<table width=\"640\">\n<thead>\n<tr>\n<td>\n<p><strong>Nome<\/strong><\/p>\n<\/td>\n<td>\n<p><strong>Fornecedor<\/strong><\/p>\n<\/td>\n<td>\n<p><strong>Finalidade<\/strong><\/p>\n<\/td>\n<td>\n<p><strong>Expira\u00e7\u00e3o<\/strong><\/p>\n<\/td>\n<td>\n<p><strong>Tipo<\/strong><\/p>\n<\/td>\n<\/tr>\n<\/thead>\n<tbody>\n<tr>\n<td>\n<p>no_more_select_country<\/p>\n<\/td>\n<td>\n<p>Alcatel<\/p>\n<\/td>\n<td>\n<p>Saltar a apresenta\u00e7\u00e3o da caixa de di\u00e1logo para selecionar o pa\u00eds.<\/p>\n<\/td>\n<td>\n<p>365 dias<\/p>\n<\/td>\n<td>\n<p>HTML<\/p>\n<\/td>\n<\/tr>\n<tr>\n<td>\n<p>no_show_gdpr<\/p>\n<\/td>\n<td>\n<p>Alcatel<\/p>\n<\/td>\n<td>\n<p>Saltar a apresenta\u00e7\u00e3o da caixa de di\u00e1logo sobre o aviso do RGPD.<\/p>\n<\/td>\n<td>\n<p>365 dias<\/p>\n<\/td>\n<td>\n<p>HTML<\/p>\n<\/td>\n<\/tr>\n<tr>\n<td>\n<p>gdpr_preference<\/p>\n<\/td>\n<td>\n<p>Alcatel<\/p>\n<\/td>\n<td>\n<p>Recordar as prefer\u00eancias do <em>site<\/em>.<\/p>\n<\/td>\n<td>\n<p>365 dias<\/p>\n<\/td>\n<td>\n<p>HTML<\/p>\n<\/td>\n<\/tr>\n<tr>\n<td>\n<p>gdpr_tracking<\/p>\n<\/td>\n<td>\n<p>Alcatel<\/p>\n<\/td>\n<td>\n<p>Recordar que as estat\u00edsticas est\u00e3o ligadas.<\/p>\n<\/td>\n<td>\n<p>365 dias<\/p>\n<\/td>\n<td>\n<p>HTML<\/p>\n<\/td>\n<\/tr>\n<\/tbody>\n<\/table>\n<ul>\n<li>Google Analytics (para obter mais informa\u00e7\u00f5es, consulte a\u00a0<a href=\"https:\/\/policies.google.com\/privacy?hl=en\">pol\u00edtica de privacidade<\/a>\u00a0e o\u00a0<a href=\"https:\/\/developers.google.com\/analytics\/devguides\/collection\/analyticsjs\/cookie-usage\"><em>site<\/em><\/a> da Google)<\/li>\n<\/ul>\n<p>Utilizamos o Google Analytics, que \u00e9 uma ferramenta de an\u00e1lise Web que nos ajuda a compreender a forma como os utilizadores interagem com a conta da Alcatel ou com outros <em>sites<\/em> ou aplica\u00e7\u00f5es da Alcatel. O Google Analytics regista os movimentos do utilizador no nosso <em>site<\/em> (ou seja, as p\u00e1ginas que visualiza e as liga\u00e7\u00f5es em que clica) e ajuda-nos a medir a sua intera\u00e7\u00e3o com o conte\u00fado que fornecemos. Estas informa\u00e7\u00f5es s\u00e3o utilizadas para compilar relat\u00f3rios e para nos ajudar a melhorar a conta da Alcatel ou outros <em>sites<\/em> ou aplica\u00e7\u00f5es da Alcatel. Os relat\u00f3rios comunicam tend\u00eancias do <em>site<\/em> sem identificar os visitantes individualmente. O utilizador pode excluir a utiliza\u00e7\u00e3o do Google Analytics sem afetar a sua utiliza\u00e7\u00e3o do nosso <em>site<\/em>. Para obter mais informa\u00e7\u00f5es sobre a exclus\u00e3o do Google Analytics em todos os <em>sites<\/em> que utiliza, consulte o site da Google em:\u00a0<a href=\"https:\/\/tools.google.com\/dlpage\/gaoptout\">https:\/\/tools.google.com\/dlpage\/gaoptout<\/a>.<\/p>\n<p>Estas ferramentas automatizadas expiram ao fim de 1 ano, a n\u00e3o ser que as elimine atrav\u00e9s das defini\u00e7\u00f5es do seu <em>browser<\/em> ou telem\u00f3vel.<\/p>\n<p><u>Categoria 3 \u2013 Ferramentas de funcionalidade:<\/u><\/p>\n<p>Estas Ferramentas de Recolha Automatizadas permitem que os Materiais da Alcatel recordem as escolhas que o utilizador faz. Permitem-nos recordar o seu nome de utilizador, o seu idioma e as altera\u00e7\u00f5es que fizer em v\u00e1rias outras partes dos nossos servi\u00e7os que s\u00e3o pass\u00edveis de personaliza\u00e7\u00e3o.<\/p>\n<p>O objetivo destas Ferramentas de Recolha Automatizadas \u00e9 proporcionar uma experi\u00eancia mais pessoal ao utilizador para que n\u00e3o tenha de voltar a definir as prefer\u00eancias sempre que nos visitar.<\/p>\n<p>Tamb\u00e9m utilizamos Ferramentas de Recolha Automatizadas de funcionalidade para permitir que o utilizador comente uma discuss\u00e3o num f\u00f3rum ou para fornecermos servi\u00e7os melhorados, como ao mostrarmos um v\u00eddeo no nosso <em>site<\/em>.<\/p>\n<p>Algumas destas Ferramentas de Recolha Automatizadas s\u00e3o fornecidas pelos seguintes terceiros:<\/p>\n<table width=\"640\">\n<thead>\n<tr>\n<td>\n<p><strong>Nome<\/strong><\/p>\n<\/td>\n<td>\n<p><strong>Fornecedor<\/strong><\/p>\n<\/td>\n<td>\n<p><strong>Finalidade<\/strong><\/p>\n<\/td>\n<td>\n<p><strong>Expira\u00e7\u00e3o<\/strong><\/p>\n<\/td>\n<td>\n<p><strong>Tipo<\/strong><\/p>\n<\/td>\n<\/tr>\n<\/thead>\n<tbody>\n<tr>\n<td>\n<p>_ga<\/p>\n<\/td>\n<td>\n<p><a href=\"https:\/\/policies.google.com\/privacy\">Google Tag Manager<\/a><\/p>\n<\/td>\n<td>\n<p>Regista um ID \u00fanico que \u00e9 utilizado para gerar dados estat\u00edsticos sobre a utiliza\u00e7\u00e3o do <em>site<\/em> pelo visitante.<\/p>\n<\/td>\n<td>\n<p>365 dias<\/p>\n<\/td>\n<td>\n<p>HTTP<\/p>\n<\/td>\n<\/tr>\n<tr>\n<td>\n<p>_gat_gtag_UA_107287510_1<\/p>\n<\/td>\n<td>\n<p><a href=\"https:\/\/policies.google.com\/privacy\">Google Tag Manager<\/a><\/p>\n<\/td>\n<td>\n<p>Utilizada pelo Google Analytics para gerir a taxa de pedidos.<\/p>\n<\/td>\n<td>\n<p>1 dia<\/p>\n<\/td>\n<td>\n<p>HTTP<\/p>\n<\/td>\n<\/tr>\n<tr>\n<td>\n<p>_gid<\/p>\n<\/td>\n<td>\n<p><a href=\"https:\/\/policies.google.com\/privacy\">Google Tag Manager<\/a><\/p>\n<\/td>\n<td>\n<p>Regista um ID \u00fanico que \u00e9 utilizado para gerar dados estat\u00edsticos sobre a utiliza\u00e7\u00e3o do <em>site<\/em> pelo visitante.<\/p>\n<\/td>\n<td>\n<p>1 dia<\/p>\n<\/td>\n<td>\n<p>HTTP<\/p>\n<\/td>\n<\/tr>\n<\/tbody>\n<\/table>\n<p>Estas ferramentas automatizadas expiram ao fim de 1 ano, a n\u00e3o ser que as elimine atrav\u00e9s das defini\u00e7\u00f5es do seu <em>browser<\/em> ou telem\u00f3vel.<\/p>\n<p><u>Como gerir as Ferramentas de Recolha Automatizadas<\/u><\/p>\n<p>Se o utilizador n\u00e3o quiser receber <em>cookies<\/em>, pode definir o seu <em>browser<\/em> para os rejeitar ou para o alertar quando um <em>cookie <\/em>for colocado no seu dispositivo. Tamb\u00e9m poder\u00e1 eliminar <em>cookies<\/em> quando sair da conta da Alcatel ou de outros <em>sites<\/em> ou aplica\u00e7\u00f5es da Alcatel. Embora o utilizador n\u00e3o seja obrigado a aceitar <em>cookies<\/em> quando visita a conta da Alcatel, se definir o <em>browser<\/em> para rejeitar <em>cookies<\/em>, n\u00e3o poder\u00e1 utilizar todas as funcionalidades da conta da Alcatel ou de outros <em>sites<\/em> ou aplica\u00e7\u00f5es da Alcatel, nem estes ter\u00e3o um funcionamento correto.<\/p>\n<p>Por exemplo, a sec\u00e7\u00e3o Ajuda da barra de ferramentas da maioria dos <em>browsers<\/em> informar\u00e1 sobre como pode impedir que o <em>browser<\/em> aceite novos <em>cookies<\/em>, como fazer com que o <em>browser<\/em> notifique o utilizador quando receber novas Ferramentas de Recolha Automatizadas e como desativar totalmente essas ferramentas. Relativamente a alguns dos <em>browsers<\/em> mais conhecidos, pode encontrar mais informa\u00e7\u00f5es ao clicar nas liga\u00e7\u00f5es relevantes que se seguem:\u00a0<a href=\"https:\/\/support.google.com\/accounts\/answer\/61416?co=GENIE.Platform%3DDesktop&amp;hl=en\">Google Chrome<\/a>,\u00a0<a href=\"https:\/\/privacy.microsoft.com\/en-us\/windows-10-microsoft-edge-and-privacy\">Microsoft Edge<\/a>,\u00a0<a href=\"https:\/\/support.mozilla.org\/en-US\/kb\/enable-and-disable-cookies-website-preferences\">Mozilla<\/a>\u00a0Firefox,\u00a0<a href=\"https:\/\/support.microsoft.com\/en-gb\/help\/17442\/windows-internet-explorer-delete-manage-cookies\">Microsoft Internet Explorer<\/a>,\u00a0<a href=\"https:\/\/www.opera.com\/help\/tutorials\/security\/privacy\/\">Opera<\/a>\u00a0e\u00a0<a href=\"https:\/\/support.apple.com\/kb\/ph21411?locale=en_US\">Apple Safari<\/a>.<\/p>\n<p>Sempre que tal for exigido por lei, apresentar-lhe-emos um <em>banner<\/em> sobre <em>cookies<\/em> na primeira vez que visitar o nosso <em>site<\/em> ou a nossa aplica\u00e7\u00e3o. Este <em>banner<\/em> explicar\u00e1 o tipo de Ferramentas de Recolha Automatizadas que utilizamos e pedir\u00e1 o seu consentimento para algumas das Ferramentas de Recolha Automatizadas que utilizamos.<\/p>\n<p><u>Dados Pessoais recolhidos atrav\u00e9s de Ferramentas de Recolha Automatizadas<\/u><\/p>\n<p>Utilizamos os Dados Pessoais recolhidos atrav\u00e9s de Ferramentas de Recolha Automatizadas para as finalidades especificadas na nossa Pol\u00edtica de Privacidade\u00a0(<a href=\"https:\/\/www.alcatelmobile.com\/privacy\/\">https:\/\/www.alcatelmobile.com\/privacy\/<\/a>). Relativamente aos <em>cookies <\/em>para os quais pedimos o seu consentimento de forma a implement\u00e1-los, tamb\u00e9m utilizamos esse consentimento como fundamento jur\u00eddico para fazer o tratamento dos Dados Pessoais recolhidos atrav\u00e9s desses <em>cookies<\/em>.<\/p>\n<p><u>Altera\u00e7\u00f5es \u00e0 presente Pol\u00edtica de <em>Cookies<\/em><\/u><\/p>\n<p>Poderemos atualizar a presente Pol\u00edtica de <em>Cookies<\/em> periodicamente. Se houver alguma altera\u00e7\u00e3o substancial da presente Pol\u00edtica de <em>Cookies<\/em>, notificaremos o utilizador atrav\u00e9s da publica\u00e7\u00e3o de um aviso no nosso <em>site<\/em> ou do envio de um aviso por e-mail ou, ainda, de outra forma permitida pela legisla\u00e7\u00e3o aplic\u00e1vel.<\/p>\n<ul>\n<li>registar que o utilizador iniciou sess\u00e3o na sua conta;<\/li>\n<li>registar quando o utilizador nos d\u00e1 consentimento para utilizarmos as Ferramentas de Recolha Automatizadas, conforme aplic\u00e1vel;<\/li>\n<li>fornecer produtos e servi\u00e7os ao utilizador e gerir transa\u00e7\u00f5es, incluindo ao permitir que os <em>sites<\/em> ou outros Materiais da Alcatel recordem os artigos que adiciona ao seu carrinho de compras ou as informa\u00e7\u00f5es que forneceu em formul\u00e1rios;<\/li>\n<li>apresentar avalia\u00e7\u00f5es de produtos que o utilizador nos envia;<\/li>\n<li>fornecer a seguran\u00e7a necess\u00e1ria que a sua utiliza\u00e7\u00e3o dos Materiais da Alcatel exige, por exemplo, monitorizar o fluxo de tr\u00e1fego e as visitas para ficarmos a par de potenciais amea\u00e7as de seguran\u00e7a (p. ex., em caso de tr\u00e1fego invulgarmente elevado ou r\u00e1pido); e<\/li>\n<li>ajudar a assegurar o carregamento r\u00e1pido do conte\u00fado dos Materiais da Alcatel que o utilizador solicita.<\/li>\n<\/ul><\/div>\n\t\t\t\t<\/div>\n\t\t\t\t<\/div>\n\t\t\t\t\t\t<\/div>\n\t\t\t<\/div>\n\t\t<\/div>\n\t\t\t\t\t\t<\/div>\n\t\t\t<\/div>\n\t\t<\/section>\n\t\t\t\t\t\t<\/div>\n\t\t\t<\/div>\n\t\t<\/div>\n\t\t","protected":false},"excerpt":{"rendered":"<p>Utilizamos cookies e tecnologias Web semelhantes, incluindo pixel tags ou Web beacons (doravante denominados \u201cFerramentas de Recolha Automatizadas\u201d), para suportar determinadas funcionalidades da conta da Alcatel e de outros sites e aplica\u00e7\u00f5es que operamos. Estas ferramentas automatizadas s\u00e3o partes de c\u00f3digo implementadas no dispositivo do utilizador. As Ferramentas de Recolha Automatizadas permitem que o site &hellip;<\/p>\n<p class=\"read-more\"> <a class=\"\" href=\"https:\/\/www.alcatelmobile.com\/pt\/cookie-policy\/\"> <span class=\"screen-reader-text\">Pol\u00edtica de Cookies<\/span> Read More &raquo;<\/a><\/p>\n","protected":false},"author":1,"featured_media":0,"parent":0,"menu_order":0,"comment_status":"closed","ping_status":"closed","template":"","meta":[],"_links":{"self":[{"href":"https:\/\/www.alcatelmobile.com\/pt\/content\/wp-json\/wp\/v2\/pages\/26275"}],"collection":[{"href":"https:\/\/www.alcatelmobile.com\/pt\/content\/wp-json\/wp\/v2\/pages"}],"about":[{"href":"https:\/\/www.alcatelmobile.com\/pt\/content\/wp-json\/wp\/v2\/types\/page"}],"author":[{"embeddable":true,"href":"https:\/\/www.alcatelmobile.com\/pt\/content\/wp-json\/wp\/v2\/users\/1"}],"replies":[{"embeddable":true,"href":"https:\/\/www.alcatelmobile.com\/pt\/content\/wp-json\/wp\/v2\/comments?post=26275"}],"version-history":[{"count":4,"href":"https:\/\/www.alcatelmobile.com\/pt\/content\/wp-json\/wp\/v2\/pages\/26275\/revisions"}],"predecessor-version":[{"id":30399,"href":"https:\/\/www.alcatelmobile.com\/pt\/content\/wp-json\/wp\/v2\/pages\/26275\/revisions\/30399"}],"wp:attachment":[{"href":"https:\/\/www.alcatelmobile.com\/pt\/content\/wp-json\/wp\/v2\/media?parent=26275"}],"curies":[{"name":"wp","href":"https:\/\/api.w.org\/{rel}","templated":true}]}}