{"id":27802,"date":"2019-12-01T00:52:21","date_gmt":"2019-11-30T16:52:21","guid":{"rendered":"https:\/\/www.alcatelmobile.com\/pt\/?page_id=27802"},"modified":"2019-12-23T11:17:35","modified_gmt":"2019-12-23T03:17:35","slug":"alcatel-approach","status":"publish","type":"page","link":"https:\/\/www.alcatelmobile.com\/pt\/alcatel-approach\/","title":{"rendered":"A NOSSA ABORDAGEM"},"content":{"rendered":"\t\t<div data-elementor-type=\"post\" data-elementor-id=\"27802\" class=\"elementor elementor-27802\" data-elementor-settings=\"[]\">\n\t\t\t<div class=\"elementor-inner\">\n\t\t\t\t<div class=\"elementor-section-wrap\">\n\t\t\t\t\t\t\t<section class=\"elementor-element elementor-element-121eb16d mi-no-height elementor-section-boxed elementor-section-height-default elementor-section-height-default elementor-section elementor-top-section\" data-id=\"121eb16d\" data-element_type=\"section\">\n\t\t\t\t\t\t<div class=\"elementor-container elementor-column-gap-no\">\n\t\t\t\t<div class=\"elementor-row\">\n\t\t\t\t<div class=\"elementor-element elementor-element-43035024 elementor-column elementor-col-100 elementor-top-column\" data-id=\"43035024\" data-element_type=\"column\">\n\t\t\t<div class=\"elementor-column-wrap  elementor-element-populated\">\n\t\t\t\t\t<div class=\"elementor-widget-wrap\">\n\t\t\t\t<div class=\"elementor-element elementor-element-54ab4bee elementor-widget elementor-widget-html\" data-id=\"54ab4bee\" data-element_type=\"widget\" data-widget_type=\"html.default\">\n\t\t\t\t<div class=\"elementor-widget-container\">\n\t\t\t<div id=\"mi-prevent-header-double-overlay\"><\/div>\t\t<\/div>\n\t\t\t\t<\/div>\n\t\t\t\t\t\t<\/div>\n\t\t\t<\/div>\n\t\t<\/div>\n\t\t\t\t\t\t<\/div>\n\t\t\t<\/div>\n\t\t<\/section>\n\t\t\t\t<section class=\"elementor-element elementor-element-2193a8ae elementor-section-height-min-height elementor-section-content-middle mi-hero-image mi-dynamic-bg mi-force-full-width elementor-section-boxed elementor-section-height-default elementor-section-items-middle elementor-section elementor-top-section\" data-id=\"2193a8ae\" data-element_type=\"section\" data-settings=\"{&quot;background_background&quot;:&quot;classic&quot;}\">\n\t\t\t\t\t\t\t<div class=\"elementor-background-overlay\"><\/div>\n\t\t\t\t\t\t\t<div class=\"elementor-container elementor-column-gap-no\">\n\t\t\t\t<div class=\"elementor-row\">\n\t\t\t\t<div class=\"elementor-element elementor-element-463a3ecc elementor-column elementor-col-100 elementor-top-column\" data-id=\"463a3ecc\" data-element_type=\"column\">\n\t\t\t<div class=\"elementor-column-wrap  elementor-element-populated\">\n\t\t\t\t\t<div class=\"elementor-widget-wrap\">\n\t\t\t\t<div class=\"elementor-element elementor-element-24c96567 elementor-widget elementor-widget-heading\" data-id=\"24c96567\" data-element_type=\"widget\" data-widget_type=\"heading.default\">\n\t\t\t\t<div class=\"elementor-widget-container\">\n\t\t\t<h1 class=\"elementor-heading-title elementor-size-default\">A NOSSA ABORDAGEM<\/h1>\t\t<\/div>\n\t\t\t\t<\/div>\n\t\t\t\t\t\t<\/div>\n\t\t\t<\/div>\n\t\t<\/div>\n\t\t\t\t\t\t<\/div>\n\t\t\t<\/div>\n\t\t<\/section>\n\t\t\t\t<section class=\"elementor-element elementor-element-745bffef elementor-section-stretched elementor-section-boxed elementor-section-height-default elementor-section-height-default elementor-section elementor-top-section\" data-id=\"745bffef\" data-element_type=\"section\" data-settings=\"{&quot;stretch_section&quot;:&quot;section-stretched&quot;,&quot;background_background&quot;:&quot;classic&quot;}\">\n\t\t\t\t\t\t<div class=\"elementor-container elementor-column-gap-no\">\n\t\t\t\t<div class=\"elementor-row\">\n\t\t\t\t<div class=\"elementor-element elementor-element-4fccacc8 elementor-column elementor-col-100 elementor-top-column\" data-id=\"4fccacc8\" data-element_type=\"column\">\n\t\t\t<div class=\"elementor-column-wrap  elementor-element-populated\">\n\t\t\t\t\t<div class=\"elementor-widget-wrap\">\n\t\t\t\t<div class=\"elementor-element elementor-element-1a0a04fd elementor-widget elementor-widget-heading\" data-id=\"1a0a04fd\" data-element_type=\"widget\" data-widget_type=\"heading.default\">\n\t\t\t\t<div class=\"elementor-widget-container\">\n\t\t\t<h2 class=\"elementor-heading-title elementor-size-default\">TCL<\/h2>\t\t<\/div>\n\t\t\t\t<\/div>\n\t\t\t\t<div class=\"elementor-element elementor-element-4d42c1f3 elementor-widget elementor-widget-heading\" data-id=\"4d42c1f3\" data-element_type=\"widget\" data-widget_type=\"heading.default\">\n\t\t\t\t<div class=\"elementor-widget-container\">\n\t\t\t<h2 class=\"elementor-heading-title elementor-size-default\">COMUNICA\u00c7\u00c3O TECNOL\u00d3GICA<\/h2>\t\t<\/div>\n\t\t\t\t<\/div>\n\t\t\t\t<div class=\"elementor-element elementor-element-4d67ad10 mi-general-text mi-hyperlink-blue elementor-widget elementor-widget-text-editor\" data-id=\"4d67ad10\" data-element_type=\"widget\" data-widget_type=\"text-editor.default\">\n\t\t\t\t<div class=\"elementor-widget-container\">\n\t\t\t\t\t<div class=\"elementor-text-editor elementor-clearfix\"><p>Sendo um dos maiores fornecedores a n\u00edvel mundial de produtos de comunica\u00e7\u00f5es e de servi\u00e7os de Internet, a TCL Communication \u00e9 especializada na oferta de produtos inteligentes e servi\u00e7os que proporcionam uma excelente experi\u00eancia ao utilizador. Na defesa da sua miss\u00e3o enquanto empresa, ou seja, criar valor para os clientes, proporcionar oportunidades para os colaboradores, trazer vantagens para as partes interessadas e assumir responsabilidades para com a sociedade, a empresa tem sempre cumprido de forma proativa as suas responsabilidades sociais e, ao mesmo tempo, conseguido expandir a atividade a n\u00edvel internacional.<\/p><\/div>\n\t\t\t\t<\/div>\n\t\t\t\t<\/div>\n\t\t\t\t<div class=\"elementor-element elementor-element-1b909c39 elementor-widget elementor-widget-image\" data-id=\"1b909c39\" data-element_type=\"widget\" data-widget_type=\"image.default\">\n\t\t\t\t<div class=\"elementor-widget-container\">\n\t\t\t\t\t<div class=\"elementor-image\">\n\t\t\t\t\t\t\t\t\t\t<img width=\"1537\" height=\"589\" src=\"https:\/\/www.alcatelmobile.com\/pt\/wp-content\/uploads\/2019\/12\/web_A3_HD_page_web_2-1.jpg\" class=\"attachment-full size-full\" alt=\"\" loading=\"lazy\" srcset=\"https:\/\/www.alcatelmobile.com\/pt\/wp-content\/uploads\/2019\/12\/web_A3_HD_page_web_2-1.jpg 1537w, https:\/\/www.alcatelmobile.com\/pt\/wp-content\/uploads\/2019\/12\/web_A3_HD_page_web_2-1-300x115.jpg 300w, https:\/\/www.alcatelmobile.com\/pt\/wp-content\/uploads\/2019\/12\/web_A3_HD_page_web_2-1-768x294.jpg 768w, https:\/\/www.alcatelmobile.com\/pt\/wp-content\/uploads\/2019\/12\/web_A3_HD_page_web_2-1-1024x392.jpg 1024w, https:\/\/www.alcatelmobile.com\/pt\/wp-content\/uploads\/2019\/12\/web_A3_HD_page_web_2-1-600x230.jpg 600w\" sizes=\"(max-width: 1537px) 100vw, 1537px\" \/>\t\t\t\t\t\t\t\t\t\t\t<\/div>\n\t\t\t\t<\/div>\n\t\t\t\t<\/div>\n\t\t\t\t\t\t<\/div>\n\t\t\t<\/div>\n\t\t<\/div>\n\t\t\t\t\t\t<\/div>\n\t\t\t<\/div>\n\t\t<\/section>\n\t\t\t\t<section class=\"elementor-element elementor-element-17cb2f59 elementor-section-stretched elementor-section-height-min-height elementor-section-items-stretch mi-bg-invis-tab-mob elementor-section-boxed elementor-section-height-default elementor-section elementor-top-section\" data-id=\"17cb2f59\" data-element_type=\"section\" data-settings=\"{&quot;stretch_section&quot;:&quot;section-stretched&quot;,&quot;background_background&quot;:&quot;classic&quot;}\">\n\t\t\t\t\t\t<div class=\"elementor-container elementor-column-gap-no\">\n\t\t\t\t<div class=\"elementor-row\">\n\t\t\t\t<div class=\"elementor-element elementor-element-e22896f elementor-column elementor-col-50 elementor-top-column\" data-id=\"e22896f\" data-element_type=\"column\">\n\t\t\t<div class=\"elementor-column-wrap  elementor-element-populated\">\n\t\t\t\t\t<div class=\"elementor-widget-wrap\">\n\t\t\t\t<div class=\"elementor-element elementor-element-77c0d550 elementor-widget elementor-widget-heading\" data-id=\"77c0d550\" data-element_type=\"widget\" data-widget_type=\"heading.default\">\n\t\t\t\t<div class=\"elementor-widget-container\">\n\t\t\t<h2 class=\"elementor-heading-title elementor-size-default\">\nV\u00cdDEO<\/h2>\t\t<\/div>\n\t\t\t\t<\/div>\n\t\t\t\t<div class=\"elementor-element elementor-element-372ff679 mi-general-text mi-hyperlink-blue mi-text-height-36 elementor-widget elementor-widget-text-editor\" data-id=\"372ff679\" data-element_type=\"widget\" data-widget_type=\"text-editor.default\">\n\t\t\t\t<div class=\"elementor-widget-container\">\n\t\t\t\t\t<div class=\"elementor-text-editor elementor-clearfix\"><p>A apresenta\u00e7\u00e3o da empresa e o nosso compromisso com a responsabilidade social.<\/p><\/div>\n\t\t\t\t<\/div>\n\t\t\t\t<\/div>\n\t\t\t\t<div class=\"elementor-element elementor-element-1058632b elementor-widget__width-auto elementor-widget elementor-widget-button\" data-id=\"1058632b\" data-element_type=\"widget\" data-widget_type=\"button.default\">\n\t\t\t\t<div class=\"elementor-widget-container\">\n\t\t\t\t\t<div class=\"elementor-button-wrapper\">\n\t\t\t<a href=\"https:\/\/youtu.be\/zOEoT-mKVkc\" class=\"elementor-button-link elementor-button elementor-size-sm\" target=\"_blank\" role=\"button\">\n\t\t\t\t\t\t<span class=\"elementor-button-content-wrapper\">\n\t\t\t\t\t\t<span class=\"elementor-button-text\"> Veja o v\u00eddeo  <\/span>\n\t\t<\/span>\n\t\t\t\t\t<\/a>\n\t\t<\/div>\n\t\t\t\t<\/div>\n\t\t\t\t<\/div>\n\t\t\t\t\t\t<\/div>\n\t\t\t<\/div>\n\t\t<\/div>\n\t\t\t\t<div class=\"elementor-element elementor-element-533b546c mi-bg-invis-desktop elementor-column elementor-col-50 elementor-top-column\" data-id=\"533b546c\" data-element_type=\"column\">\n\t\t\t<div class=\"elementor-column-wrap  elementor-element-populated\">\n\t\t\t\t\t<div class=\"elementor-widget-wrap\">\n\t\t\t\t<div class=\"elementor-element elementor-element-1be01eff elementor-widget elementor-widget-spacer\" data-id=\"1be01eff\" data-element_type=\"widget\" data-widget_type=\"spacer.default\">\n\t\t\t\t<div class=\"elementor-widget-container\">\n\t\t\t\t\t<div class=\"elementor-spacer\">\n\t\t\t<div class=\"elementor-spacer-inner\"><\/div>\n\t\t<\/div>\n\t\t\t\t<\/div>\n\t\t\t\t<\/div>\n\t\t\t\t\t\t<\/div>\n\t\t\t<\/div>\n\t\t<\/div>\n\t\t\t\t\t\t<\/div>\n\t\t\t<\/div>\n\t\t<\/section>\n\t\t\t\t<section class=\"elementor-element elementor-element-5f47287 elementor-section-stretched elementor-section-height-min-height elementor-section-items-stretch elementor-reverse-tablet elementor-reverse-mobile mi-bg-invis-tab-mob elementor-section-boxed elementor-section-height-default elementor-section elementor-top-section\" data-id=\"5f47287\" data-element_type=\"section\" data-settings=\"{&quot;stretch_section&quot;:&quot;section-stretched&quot;,&quot;background_background&quot;:&quot;classic&quot;}\">\n\t\t\t\t\t\t<div class=\"elementor-container elementor-column-gap-no\">\n\t\t\t\t<div class=\"elementor-row\">\n\t\t\t\t<div class=\"elementor-element elementor-element-300b0518 mi-bg-invis-desktop elementor-column elementor-col-50 elementor-top-column\" data-id=\"300b0518\" data-element_type=\"column\">\n\t\t\t<div class=\"elementor-column-wrap  elementor-element-populated\">\n\t\t\t\t\t<div class=\"elementor-widget-wrap\">\n\t\t\t\t<div class=\"elementor-element elementor-element-bb8c4fe elementor-widget elementor-widget-spacer\" data-id=\"bb8c4fe\" data-element_type=\"widget\" data-widget_type=\"spacer.default\">\n\t\t\t\t<div class=\"elementor-widget-container\">\n\t\t\t\t\t<div class=\"elementor-spacer\">\n\t\t\t<div class=\"elementor-spacer-inner\"><\/div>\n\t\t<\/div>\n\t\t\t\t<\/div>\n\t\t\t\t<\/div>\n\t\t\t\t\t\t<\/div>\n\t\t\t<\/div>\n\t\t<\/div>\n\t\t\t\t<div class=\"elementor-element elementor-element-7e0f84d elementor-column elementor-col-50 elementor-top-column\" data-id=\"7e0f84d\" data-element_type=\"column\">\n\t\t\t<div class=\"elementor-column-wrap  elementor-element-populated\">\n\t\t\t\t\t<div class=\"elementor-widget-wrap\">\n\t\t\t\t<div class=\"elementor-element elementor-element-ec3998d elementor-widget elementor-widget-heading\" data-id=\"ec3998d\" data-element_type=\"widget\" data-widget_type=\"heading.default\">\n\t\t\t\t<div class=\"elementor-widget-container\">\n\t\t\t<h2 class=\"elementor-heading-title elementor-size-default\">COMUNICADO<\/h2>\t\t<\/div>\n\t\t\t\t<\/div>\n\t\t\t\t<div class=\"elementor-element elementor-element-3bd7eb3 elementor-widget elementor-widget-heading\" data-id=\"3bd7eb3\" data-element_type=\"widget\" data-widget_type=\"heading.default\">\n\t\t\t\t<div class=\"elementor-widget-container\">\n\t\t\t<h2 class=\"elementor-heading-title elementor-size-default\">RELEASE<\/h2>\t\t<\/div>\n\t\t\t\t<\/div>\n\t\t\t\t<div class=\"elementor-element elementor-element-7029dc41 mi-general-text mi-hyperlink-blue mi-text-height-36 elementor-widget elementor-widget-text-editor\" data-id=\"7029dc41\" data-element_type=\"widget\" data-widget_type=\"text-editor.default\">\n\t\t\t\t<div class=\"elementor-widget-container\">\n\t\t\t\t\t<div class=\"elementor-text-editor elementor-clearfix\"><p>A TCL Communication obt\u00e9m a Certifica\u00e7\u00e3o ISO 9001-2015 e TL 9000 a n\u00edvel global<\/p><\/div>\n\t\t\t\t<\/div>\n\t\t\t\t<\/div>\n\t\t\t\t<div class=\"elementor-element elementor-element-1539ac97 elementor-widget__width-auto elementor-widget elementor-widget-button\" data-id=\"1539ac97\" data-element_type=\"widget\" data-widget_type=\"button.default\">\n\t\t\t\t<div class=\"elementor-widget-container\">\n\t\t\t\t\t<div class=\"elementor-button-wrapper\">\n\t\t\t<a href=\"https:\/\/www.alcatelmobile.com\/cz\/wp-content\/uploads\/2019\/11\/TCL_Communication_achieves_global_ISO9001_ALCATEL.pdf\" class=\"elementor-button-link elementor-button elementor-size-sm\" target=\"_blank\" role=\"button\">\n\t\t\t\t\t\t<span class=\"elementor-button-content-wrapper\">\n\t\t\t\t\t\t<span class=\"elementor-button-text\"> Leia aqui  <\/span>\n\t\t<\/span>\n\t\t\t\t\t<\/a>\n\t\t<\/div>\n\t\t\t\t<\/div>\n\t\t\t\t<\/div>\n\t\t\t\t\t\t<\/div>\n\t\t\t<\/div>\n\t\t<\/div>\n\t\t\t\t\t\t<\/div>\n\t\t\t<\/div>\n\t\t<\/section>\n\t\t\t\t<section class=\"elementor-element elementor-element-3442bc8 elementor-section-stretched elementor-section-height-min-height elementor-section-items-stretch mi-bg-invis-tab-mob elementor-section-boxed elementor-section-height-default elementor-section elementor-top-section\" data-id=\"3442bc8\" data-element_type=\"section\" data-settings=\"{&quot;stretch_section&quot;:&quot;section-stretched&quot;,&quot;background_background&quot;:&quot;classic&quot;}\">\n\t\t\t\t\t\t<div class=\"elementor-container elementor-column-gap-no\">\n\t\t\t\t<div class=\"elementor-row\">\n\t\t\t\t<div class=\"elementor-element elementor-element-2f5b4819 elementor-column elementor-col-50 elementor-top-column\" data-id=\"2f5b4819\" data-element_type=\"column\">\n\t\t\t<div class=\"elementor-column-wrap  elementor-element-populated\">\n\t\t\t\t\t<div class=\"elementor-widget-wrap\">\n\t\t\t\t<div class=\"elementor-element elementor-element-dd22b94 elementor-widget elementor-widget-heading\" data-id=\"dd22b94\" data-element_type=\"widget\" data-widget_type=\"heading.default\">\n\t\t\t\t<div class=\"elementor-widget-container\">\n\t\t\t<h2 class=\"elementor-heading-title elementor-size-default\">RELAT\u00d3RIO<\/h2>\t\t<\/div>\n\t\t\t\t<\/div>\n\t\t\t\t<div class=\"elementor-element elementor-element-4c99c916 elementor-widget elementor-widget-heading\" data-id=\"4c99c916\" data-element_type=\"widget\" data-widget_type=\"heading.default\">\n\t\t\t\t<div class=\"elementor-widget-container\">\n\t\t\t<h2 class=\"elementor-heading-title elementor-size-default\">ESG<\/h2>\t\t<\/div>\n\t\t\t\t<\/div>\n\t\t\t\t<div class=\"elementor-element elementor-element-5d15cbf3 mi-general-text mi-hyperlink-blue mi-text-height-36 elementor-widget elementor-widget-text-editor\" data-id=\"5d15cbf3\" data-element_type=\"widget\" data-widget_type=\"text-editor.default\">\n\t\t\t\t<div class=\"elementor-widget-container\">\n\t\t\t\t\t<div class=\"elementor-text-editor elementor-clearfix\"><p>Explore um relat\u00f3rio detalhado acerca das nossas iniciativas na \u00e1rea Ambiental e Social.<\/p><\/div>\n\t\t\t\t<\/div>\n\t\t\t\t<\/div>\n\t\t\t\t<div class=\"elementor-element elementor-element-69384954 elementor-widget__width-auto elementor-widget elementor-widget-button\" data-id=\"69384954\" data-element_type=\"widget\" data-widget_type=\"button.default\">\n\t\t\t\t<div class=\"elementor-widget-container\">\n\t\t\t\t\t<div class=\"elementor-button-wrapper\">\n\t\t\t<a href=\"https:\/\/www.alcatelmobile.com\/cz\/wp-content\/uploads\/2019\/11\/2017_TCL_ESG_Report_ALCATEL.pdf\" class=\"elementor-button-link elementor-button elementor-size-sm\" target=\"_blank\" role=\"button\">\n\t\t\t\t\t\t<span class=\"elementor-button-content-wrapper\">\n\t\t\t\t\t\t<span class=\"elementor-button-text\"> Transferir o relat\u00f3rio <\/span>\n\t\t<\/span>\n\t\t\t\t\t<\/a>\n\t\t<\/div>\n\t\t\t\t<\/div>\n\t\t\t\t<\/div>\n\t\t\t\t\t\t<\/div>\n\t\t\t<\/div>\n\t\t<\/div>\n\t\t\t\t<div class=\"elementor-element elementor-element-d0d38ca mi-bg-invis-desktop elementor-column elementor-col-50 elementor-top-column\" data-id=\"d0d38ca\" data-element_type=\"column\">\n\t\t\t<div class=\"elementor-column-wrap  elementor-element-populated\">\n\t\t\t\t\t<div class=\"elementor-widget-wrap\">\n\t\t\t\t<div class=\"elementor-element elementor-element-5b82aebb elementor-widget elementor-widget-spacer\" data-id=\"5b82aebb\" data-element_type=\"widget\" data-widget_type=\"spacer.default\">\n\t\t\t\t<div class=\"elementor-widget-container\">\n\t\t\t\t\t<div class=\"elementor-spacer\">\n\t\t\t<div class=\"elementor-spacer-inner\"><\/div>\n\t\t<\/div>\n\t\t\t\t<\/div>\n\t\t\t\t<\/div>\n\t\t\t\t\t\t<\/div>\n\t\t\t<\/div>\n\t\t<\/div>\n\t\t\t\t\t\t<\/div>\n\t\t\t<\/div>\n\t\t<\/section>\n\t\t\t\t\t\t<\/div>\n\t\t\t<\/div>\n\t\t<\/div>\n\t\t","protected":false},"excerpt":{"rendered":"<p>TCL COMUNICA\u00c7\u00c3O TECNOL\u00d3GICA Sendo um dos maiores fornecedores a n\u00edvel mundial de produtos de comunica\u00e7\u00f5es e de servi\u00e7os de Internet, a TCL Communication \u00e9 especializada na oferta de produtos inteligentes e servi\u00e7os que proporcionam uma excelente experi\u00eancia ao utilizador. Na defesa da sua miss\u00e3o enquanto empresa, ou seja, criar valor para os clientes, proporcionar oportunidades &hellip;<\/p>\n<p class=\"read-more\"> <a class=\"\" href=\"https:\/\/www.alcatelmobile.com\/pt\/alcatel-approach\/\"> <span class=\"screen-reader-text\">A NOSSA ABORDAGEM<\/span> Read More &raquo;<\/a><\/p>\n","protected":false},"author":1,"featured_media":13132,"parent":0,"menu_order":0,"comment_status":"closed","ping_status":"closed","template":"","meta":[],"_links":{"self":[{"href":"https:\/\/www.alcatelmobile.com\/pt\/content\/wp-json\/wp\/v2\/pages\/27802"}],"collection":[{"href":"https:\/\/www.alcatelmobile.com\/pt\/content\/wp-json\/wp\/v2\/pages"}],"about":[{"href":"https:\/\/www.alcatelmobile.com\/pt\/content\/wp-json\/wp\/v2\/types\/page"}],"author":[{"embeddable":true,"href":"https:\/\/www.alcatelmobile.com\/pt\/content\/wp-json\/wp\/v2\/users\/1"}],"replies":[{"embeddable":true,"href":"https:\/\/www.alcatelmobile.com\/pt\/content\/wp-json\/wp\/v2\/comments?post=27802"}],"version-history":[{"count":9,"href":"https:\/\/www.alcatelmobile.com\/pt\/content\/wp-json\/wp\/v2\/pages\/27802\/revisions"}],"predecessor-version":[{"id":28065,"href":"https:\/\/www.alcatelmobile.com\/pt\/content\/wp-json\/wp\/v2\/pages\/27802\/revisions\/28065"}],"wp:featuredmedia":[{"embeddable":true,"href":"https:\/\/www.alcatelmobile.com\/pt\/content\/wp-json\/wp\/v2\/media\/13132"}],"wp:attachment":[{"href":"https:\/\/www.alcatelmobile.com\/pt\/content\/wp-json\/wp\/v2\/media?parent=27802"}],"curies":[{"name":"wp","href":"https:\/\/api.w.org\/{rel}","templated":true}]}}