{"id":29035,"date":"2021-02-03T15:26:59","date_gmt":"2021-02-03T07:26:59","guid":{"rendered":"https:\/\/www.alcatelmobile.com\/pt\/?page_id=29035"},"modified":"2021-02-03T15:27:57","modified_gmt":"2021-02-03T07:27:57","slug":"garantia","status":"publish","type":"page","link":"https:\/\/www.alcatelmobile.com\/pt\/garantia\/","title":{"rendered":"Garantia"},"content":{"rendered":"\t\t<div data-elementor-type=\"post\" data-elementor-id=\"29035\" class=\"elementor elementor-29035\" data-elementor-settings=\"[]\">\n\t\t\t<div class=\"elementor-inner\">\n\t\t\t\t<div class=\"elementor-section-wrap\">\n\t\t\t\t\t\t\t<section class=\"elementor-element elementor-element-4862f035 mi-no-height elementor-section-boxed elementor-section-height-default elementor-section-height-default elementor-section elementor-top-section\" data-id=\"4862f035\" data-element_type=\"section\">\n\t\t\t\t\t\t<div class=\"elementor-container elementor-column-gap-no\">\n\t\t\t\t<div class=\"elementor-row\">\n\t\t\t\t<div class=\"elementor-element elementor-element-7a0bfd04 elementor-column elementor-col-100 elementor-top-column\" data-id=\"7a0bfd04\" data-element_type=\"column\">\n\t\t\t<div class=\"elementor-column-wrap  elementor-element-populated\">\n\t\t\t\t\t<div class=\"elementor-widget-wrap\">\n\t\t\t\t<div class=\"elementor-element elementor-element-6765cc07 elementor-widget elementor-widget-html\" data-id=\"6765cc07\" data-element_type=\"widget\" data-widget_type=\"html.default\">\n\t\t\t\t<div class=\"elementor-widget-container\">\n\t\t\t<div id=\"mi-alternative-menu-bottom-border-color\" data-alt-class=\"mi-dark-bottom-border\"><\/div>\t\t<\/div>\n\t\t\t\t<\/div>\n\t\t\t\t\t\t<\/div>\n\t\t\t<\/div>\n\t\t<\/div>\n\t\t\t\t\t\t<\/div>\n\t\t\t<\/div>\n\t\t<\/section>\n\t\t\t\t<section class=\"elementor-element elementor-element-1deda77d elementor-section-boxed elementor-section-height-default elementor-section-height-default elementor-section elementor-top-section\" data-id=\"1deda77d\" data-element_type=\"section\">\n\t\t\t\t\t\t<div class=\"elementor-container elementor-column-gap-no\">\n\t\t\t\t<div class=\"elementor-row\">\n\t\t\t\t<div class=\"elementor-element elementor-element-16052129 elementor-column elementor-col-100 elementor-top-column\" data-id=\"16052129\" data-element_type=\"column\">\n\t\t\t<div class=\"elementor-column-wrap  elementor-element-populated\">\n\t\t\t\t\t<div class=\"elementor-widget-wrap\">\n\t\t\t\t<div class=\"elementor-element elementor-element-133c6fc4 elementor-widget elementor-widget-theme-post-title elementor-page-title elementor-widget-heading\" data-id=\"133c6fc4\" data-element_type=\"widget\" data-widget_type=\"theme-post-title.default\">\n\t\t\t\t<div class=\"elementor-widget-container\">\n\t\t\t<h1 class=\"elementor-heading-title elementor-size-default\">Garantia<\/h1>\t\t<\/div>\n\t\t\t\t<\/div>\n\t\t\t\t<div class=\"elementor-element elementor-element-75a7ef72 mi-general-text mi-hyperlink-blue elementor-widget elementor-widget-text-editor\" data-id=\"75a7ef72\" data-element_type=\"widget\" data-widget_type=\"text-editor.default\">\n\t\t\t\t<div class=\"elementor-widget-container\">\n\t\t\t\t\t<div class=\"elementor-text-editor elementor-clearfix\"><p>O seu telefone possui uma garantia contra quaisquer defeitos ou avarias que possam ocorrer em condi\u00e7\u00f5es de utiliza\u00e7\u00e3o normal durante o per\u00edodo de<br \/>garantia de vinte e quatro (24) meses <sup>(1)<\/sup> a partir da data de compra, conforme indicado na fatura original.<br \/>As baterias <sup>(2)<\/sup> e acess\u00f3rios vendidos com o telefone tamb\u00e9m t\u00eam garantia contra qualquer defeito que possa ocorrer durante os primeiros seis (6) meses <sup>(1)<\/sup> a partir da data de compra indicada na fatura original.<br \/>Na eventualidade de qualquer defeito no telefone que impe\u00e7a a utiliza\u00e7\u00e3o normal, deve informar imediatamente o vendedor e apresentar o telephone com a fatura original.<br \/>Caso se confirme o defeito, o seu telefone ou pe\u00e7a ser\u00e1 substitu\u00eddo ou reparado, se adequado. O telefone ou acess\u00f3rio reparado tem garantia de um (1) m\u00eas para o mesmo defeito. A repara\u00e7\u00e3o ou substitui\u00e7\u00e3o pode ser efetuada utilizando componentes recondicionados com a mesma funcionalidade.<br \/>Esta garantia cobre o custo das pe\u00e7as e m\u00e3o-de-obra mas exclui quaisquer outros custos.<br \/>Esta garantia n\u00e3o se aplica a defeitos no seu telefone e\/ou acess\u00f3rios devido a (sem quaisquer limita\u00e7\u00f5es):<br \/>1) N\u00e3o cumprimento das instru\u00e7\u00f5es de utiliza\u00e7\u00e3o e instala\u00e7\u00e3o, ou dos padr\u00f5es t\u00e9cnicos e de seguran\u00e7a aplic\u00e1veis \u00e0 \u00e1rea geogr\u00e1fica onde o telephone \u00e9 utilizado,<br \/>2) Liga\u00e7\u00e3o a qualquer equipamento n\u00e3o fornecido ou n\u00e3o recomendado pela TCL Communication Ltd.<br \/>3) Altera\u00e7\u00e3o ou repara\u00e7\u00e3o efetuada por indiv\u00edduos n\u00e3o autorizados pela TCL Communication Ltd. e respetivos afiliados ou vendedor,<br \/>4) Modifica\u00e7\u00e3o, ajuste ou altera\u00e7\u00e3o de software ou equipamento efetuados por indiv\u00edduos n\u00e3o autorizados pela TCL Communication Ltd.<br \/>5) Condi\u00e7\u00f5es meteorol\u00f3gicas severas, rel\u00e2mpagos, inc\u00eandio, humidade, infiltra\u00e7\u00e3o de l\u00edquidos ou alimentos, produtos qu\u00edmicos, transfer\u00eancia de ficheiros, bloqueio, alta tens\u00e3o, corros\u00e3o, oxida\u00e7\u00e3o, etc.<br \/>O telefone n\u00e3o ser\u00e1 reparado caso as etiquetas ou n\u00fameros de s\u00e9rie (IMEI) tenham sido removidos ou alterados.<br \/>N\u00e3o existem garantias expressas, sejam escritas, orais ou impl\u00edcitas, para al\u00e9m desta garantia limitada impressa ou para al\u00e9m da garantia obrigat\u00f3ria fornecida pelo seu pa\u00eds ou jurisdi\u00e7\u00e3o.<br \/>Em caso algum dever\u00e1 a TCL Communication Ltd., ou qualquer um dos seus afiliados, ser responsabilizada por danos indiretos, acidentais ou consequenciais de qualquer natureza, incluindo, mas n\u00e3o se limitando a, danos ou perdas comerciais ou financeiras, perda de dados ou perda de imagem, na medida em que a responsabilidade por esses danos possa ser renunciada por lei.<br \/>Alguns pa\u00edses\/estados n\u00e3o permitem a exclus\u00e3o ou limita\u00e7\u00e3o de danos indiretos, acidentais ou consequenciais, ou a limita\u00e7\u00e3o da dura\u00e7\u00e3o das garantias<br \/>impl\u00edcitas; nesse caso, as limita\u00e7\u00f5es ou exclus\u00f5es anteriores podem n\u00e3o se aplicar ao seu caso.<\/p>\n<p>\u00a0<\/p>\n<p><sup>(1) <\/sup>O per\u00edodo de garantia pode variar consoante o seu pa\u00eds.<br \/><sup>(2)<\/sup> A vida \u00fatil da bateria recarreg\u00e1vel do telem\u00f3vel em termos de tempo de conversa\u00e7\u00e3o e tempo de espera e a vida \u00fatil total de utiliza\u00e7\u00e3o, dependem das condi\u00e7\u00f5es de utiliza\u00e7\u00e3o e configura\u00e7\u00e3o de rede. Como as baterias s\u00e3o consideradas itens consum\u00edveis, as especifica\u00e7\u00f5es indicam que dever\u00e1 obter o desempenho \u00f3timo do seu telefone durante os primeiros seis meses ap\u00f3s a compra e aproximadamente em mais 200 recargas.<\/p><\/div>\n\t\t\t\t<\/div>\n\t\t\t\t<\/div>\n\t\t\t\t\t\t<\/div>\n\t\t\t<\/div>\n\t\t<\/div>\n\t\t\t\t\t\t<\/div>\n\t\t\t<\/div>\n\t\t<\/section>\n\t\t\t\t\t\t<\/div>\n\t\t\t<\/div>\n\t\t<\/div>\n\t\t","protected":false},"excerpt":{"rendered":"<p>O seu telefone possui uma garantia contra quaisquer defeitos ou avarias que possam ocorrer em condi\u00e7\u00f5es de utiliza\u00e7\u00e3o normal durante o per\u00edodo degarantia de vinte e quatro (24) meses (1) a partir da data de compra, conforme indicado na fatura original.As baterias (2) e acess\u00f3rios vendidos com o telefone tamb\u00e9m t\u00eam garantia contra qualquer defeito &hellip;<\/p>\n<p class=\"read-more\"> <a class=\"\" href=\"https:\/\/www.alcatelmobile.com\/pt\/garantia\/\"> <span class=\"screen-reader-text\">Garantia<\/span> Read More &raquo;<\/a><\/p>\n","protected":false},"author":1,"featured_media":0,"parent":0,"menu_order":0,"comment_status":"closed","ping_status":"closed","template":"","meta":[],"_links":{"self":[{"href":"https:\/\/www.alcatelmobile.com\/pt\/content\/wp-json\/wp\/v2\/pages\/29035"}],"collection":[{"href":"https:\/\/www.alcatelmobile.com\/pt\/content\/wp-json\/wp\/v2\/pages"}],"about":[{"href":"https:\/\/www.alcatelmobile.com\/pt\/content\/wp-json\/wp\/v2\/types\/page"}],"author":[{"embeddable":true,"href":"https:\/\/www.alcatelmobile.com\/pt\/content\/wp-json\/wp\/v2\/users\/1"}],"replies":[{"embeddable":true,"href":"https:\/\/www.alcatelmobile.com\/pt\/content\/wp-json\/wp\/v2\/comments?post=29035"}],"version-history":[{"count":2,"href":"https:\/\/www.alcatelmobile.com\/pt\/content\/wp-json\/wp\/v2\/pages\/29035\/revisions"}],"predecessor-version":[{"id":29037,"href":"https:\/\/www.alcatelmobile.com\/pt\/content\/wp-json\/wp\/v2\/pages\/29035\/revisions\/29037"}],"wp:attachment":[{"href":"https:\/\/www.alcatelmobile.com\/pt\/content\/wp-json\/wp\/v2\/media?parent=29035"}],"curies":[{"name":"wp","href":"https:\/\/api.w.org\/{rel}","templated":true}]}}