{"id":13314,"date":"2019-06-27T17:47:04","date_gmt":"2019-06-27T09:47:04","guid":{"rendered":"https:\/\/www.alcatelmobile.com\/?post_type=product&#038;p=13314"},"modified":"2019-12-23T13:27:51","modified_gmt":"2019-12-23T05:27:51","slug":"alcatel-3c-2019","status":"publish","type":"product","link":"https:\/\/www.alcatelmobile.com\/pt\/product\/smartphone\/alcatel3\/alcatel-3c-2019\/","title":{"rendered":"Alcatel 3C (2019)"},"content":{"rendered":"","protected":false},"excerpt":{"rendered":"<p>V\u00ea filmes num ecr\u00e3 FullView e resolu\u00e7\u00e3o HD de 6.7 polegadas e com dois altifalantes stereo<\/p>\n","protected":false},"featured_media":25800,"template":"","meta":[],"_links":{"self":[{"href":"https:\/\/www.alcatelmobile.com\/pt\/content\/wp-json\/wp\/v2\/product\/13314"}],"collection":[{"href":"https:\/\/www.alcatelmobile.com\/pt\/content\/wp-json\/wp\/v2\/product"}],"about":[{"href":"https:\/\/www.alcatelmobile.com\/pt\/content\/wp-json\/wp\/v2\/types\/product"}],"version-history":[{"count":18,"href":"https:\/\/www.alcatelmobile.com\/pt\/content\/wp-json\/wp\/v2\/product\/13314\/revisions"}],"predecessor-version":[{"id":28082,"href":"https:\/\/www.alcatelmobile.com\/pt\/content\/wp-json\/wp\/v2\/product\/13314\/revisions\/28082"}],"wp:featuredmedia":[{"embeddable":true,"href":"https:\/\/www.alcatelmobile.com\/pt\/content\/wp-json\/wp\/v2\/media\/25800"}],"wp:attachment":[{"href":"https:\/\/www.alcatelmobile.com\/pt\/content\/wp-json\/wp\/v2\/media?parent=13314"}],"curies":[{"name":"wp","href":"https:\/\/api.w.org\/{rel}","templated":true}]}}