{"id":19561,"date":"2019-07-03T13:39:33","date_gmt":"2019-07-03T05:39:33","guid":{"rendered":"https:\/\/www.alcatelmobile.com\/?post_type=product&#038;p=19561"},"modified":"2019-12-23T15:11:35","modified_gmt":"2019-12-23T07:11:35","slug":"alcatel-3025","status":"publish","type":"product","link":"https:\/\/www.alcatelmobile.com\/pt\/product\/feature-phone\/all-feature-phones\/alcatel-3025\/","title":{"rendered":"Alcatel 3025"},"content":{"rendered":"","protected":false},"excerpt":{"rendered":"<p>Telem\u00f3vel elegante com conex\u00e3o 3G e um ecr\u00e3 de 2.8&#8243;<\/p>\n","protected":false},"featured_media":0,"template":"","meta":[],"_links":{"self":[{"href":"https:\/\/www.alcatelmobile.com\/pt\/content\/wp-json\/wp\/v2\/product\/19561"}],"collection":[{"href":"https:\/\/www.alcatelmobile.com\/pt\/content\/wp-json\/wp\/v2\/product"}],"about":[{"href":"https:\/\/www.alcatelmobile.com\/pt\/content\/wp-json\/wp\/v2\/types\/product"}],"version-history":[{"count":6,"href":"https:\/\/www.alcatelmobile.com\/pt\/content\/wp-json\/wp\/v2\/product\/19561\/revisions"}],"predecessor-version":[{"id":28125,"href":"https:\/\/www.alcatelmobile.com\/pt\/content\/wp-json\/wp\/v2\/product\/19561\/revisions\/28125"}],"wp:attachment":[{"href":"https:\/\/www.alcatelmobile.com\/pt\/content\/wp-json\/wp\/v2\/media?parent=19561"}],"curies":[{"name":"wp","href":"https:\/\/api.w.org\/{rel}","templated":true}]}}