{"id":26275,"date":"2019-07-11T10:58:53","date_gmt":"2019-07-11T02:58:53","guid":{"rendered":"https:\/\/www.alcatelmobile.com\/?page_id=26275"},"modified":"2021-07-07T15:37:47","modified_gmt":"2021-07-07T07:37:47","slug":"cookie-policy","status":"publish","type":"page","link":"https:\/\/www.alcatelmobile.com\/rs\/cookie-policy\/","title":{"rendered":"Politika o kola\u010di\u0107ima"},"content":{"rendered":"\t\t<div data-elementor-type=\"post\" data-elementor-id=\"26275\" class=\"elementor elementor-26275\" data-elementor-settings=\"[]\">\n\t\t\t<div class=\"elementor-inner\">\n\t\t\t\t<div class=\"elementor-section-wrap\">\n\t\t\t\t\t\t\t<section class=\"elementor-element elementor-element-4862f035 mi-no-height elementor-section-boxed elementor-section-height-default elementor-section-height-default elementor-section elementor-top-section\" data-id=\"4862f035\" data-element_type=\"section\">\n\t\t\t\t\t\t<div class=\"elementor-container elementor-column-gap-no\">\n\t\t\t\t<div class=\"elementor-row\">\n\t\t\t\t<div class=\"elementor-element elementor-element-7a0bfd04 elementor-column elementor-col-100 elementor-top-column\" data-id=\"7a0bfd04\" data-element_type=\"column\">\n\t\t\t<div class=\"elementor-column-wrap  elementor-element-populated\">\n\t\t\t\t\t<div class=\"elementor-widget-wrap\">\n\t\t\t\t<div class=\"elementor-element elementor-element-6765cc07 elementor-widget elementor-widget-html\" data-id=\"6765cc07\" data-element_type=\"widget\" data-widget_type=\"html.default\">\n\t\t\t\t<div class=\"elementor-widget-container\">\n\t\t\t<div id=\"mi-alternative-menu-bottom-border-color\" data-alt-class=\"mi-dark-bottom-border\"><\/div>\t\t<\/div>\n\t\t\t\t<\/div>\n\t\t\t\t\t\t<\/div>\n\t\t\t<\/div>\n\t\t<\/div>\n\t\t\t\t\t\t<\/div>\n\t\t\t<\/div>\n\t\t<\/section>\n\t\t\t\t<section class=\"elementor-element elementor-element-1deda77d elementor-section-boxed elementor-section-height-default elementor-section-height-default elementor-section elementor-top-section\" data-id=\"1deda77d\" data-element_type=\"section\">\n\t\t\t\t\t\t<div class=\"elementor-container elementor-column-gap-no\">\n\t\t\t\t<div class=\"elementor-row\">\n\t\t\t\t<div class=\"elementor-element elementor-element-16052129 elementor-column elementor-col-100 elementor-top-column\" data-id=\"16052129\" data-element_type=\"column\">\n\t\t\t<div class=\"elementor-column-wrap  elementor-element-populated\">\n\t\t\t\t\t<div class=\"elementor-widget-wrap\">\n\t\t\t\t<div class=\"elementor-element elementor-element-133c6fc4 elementor-widget elementor-widget-theme-post-title elementor-page-title elementor-widget-heading\" data-id=\"133c6fc4\" data-element_type=\"widget\" data-widget_type=\"theme-post-title.default\">\n\t\t\t\t<div class=\"elementor-widget-container\">\n\t\t\t<h1 class=\"elementor-heading-title elementor-size-default\">Politika o kola\u010di\u0107ima<\/h1>\t\t<\/div>\n\t\t\t\t<\/div>\n\t\t\t\t<div class=\"elementor-element elementor-element-75a7ef72 mi-general-text mi-hyperlink-blue elementor-widget elementor-widget-text-editor\" data-id=\"75a7ef72\" data-element_type=\"widget\" data-widget_type=\"text-editor.default\">\n\t\t\t\t<div class=\"elementor-widget-container\">\n\t\t\t\t\t<div class=\"elementor-text-editor elementor-clearfix\"><p>Koristimo kola\u010di\u0107e i sli\u010dne web tehnologije, uklju\u010duju\u0107i piksele za pra\u0107enje odnosno slike za pra\u0107enje (\u201eAlati za automatsko sakupljanje\u201d) kao podr\u0161ku za odre\u0111ene funkcionalnosti Alcatel naloga i drugih veb sajtova i aplikacija kojima upravljamo. Automatski alati su delovi koda primenjeni na va\u0161em ure\u0111aju. Alati za automatsko sakupljanje omogu\u0107avaju stranicama da prepoznaju va\u0161 pregleda\u010d ili ure\u0111aj za vreme va\u0161e posete veb sajtu\/aplikaciji Alcatel ili kad se vratite na veb sajt\/aplikaciju Alcatel. Koristimo slede\u0107e tipove automatskih alata:<\/p>\n<p><u>Kategorija 1 &#8211; strogo neophodni alati:<\/u><\/p>\n<p>Koristimo vi\u0161e Alata za automatsko sakupljanje koji su neophodni za delovanje Alcatel materijala i koji omogu\u0107avaju delovanje usluga koje ste eksplicitno tra\u017eili. Ovi tipovi Alata za automatsko sakupljanje nam omogu\u0107avaju:<\/p>\n<ul>\n<li>da zabele\u017eimo da ste se prijavili na svoj nalog<\/li>\n<li>da zabele\u017eimo kad nam date svoj pristanak da koristimo Alate za automatsko sakupljanje, prema potrebi;<\/li>\n<li>da vam ponudimo proizvode i usluge i da upravljamo transakcijama, na primer da omogu\u0107imo stranicama ili drugim Alcatel materijalima da zapamte koje proizvode ste dodali u korpu za kupovinu ili podatke koje ste naveli u formularima;<\/li>\n<li>da prika\u017eemo ocene proizvoda koje ste nam poslali;<\/li>\n<li>da vam ponudimo neophodnu za\u0161titu potrebnu za kori\u0161\u010denje Alcatel materijala, na primer da pratimo saobra\u0107aj podataka i posete da bismo mogli da otkrijemo potencijalne bezbednosne pretnje (<em>npr<\/em>. u slu\u010daju neobi\u010dno pove\u0107anog ili brzog saobra\u0107aja);<\/li>\n<li>i da bismo se pobrinuli da se sadr\u017eaj Alcatel materijala koje ste zatra\u017eili brzo u\u010ditava.<\/li>\n<\/ul>\n<p>Bez Alata za automatsko sakupljanje ne mo\u017eemo vam ponuditi usluge koje ste tra\u017eili.<\/p>\n<p>\u017delimo da razumete ove neophodne Alate za automatsko sakupljanje i za\u0161to ih koristimo, ali va\u0161 pristanak nije nam neophodan da bismo ih koristili, budu\u0107i da te Alate za automatsko sakupljanje koristimo samo da bismo vam pru\u017eili usluge koje ste zahtevali.<\/p>\n<p><u>Kategorija 2 &#8211; alati za performanse:<\/u><\/p>\n<p>Ovi Alati za automatsko sakupljanje sakupljaju informacije o na\u010dinu na koji koristite Alcatel materijal. Poma\u017eu nam da razumemo:<\/p>\n<ul>\n<li>s kojeg ure\u0111aja i\/ili veb sajta dolazite;<\/li>\n<li>koji od Alcatel materijala i njegovih funkcija naj\u010de\u0161\u0107e koristite, a tu informaciju koristimo za pobolj\u0161anje njegovih funkcionalnosti;<\/li>\n<li>va\u0161e preferencije da bismo bili sigurni da vam prikazujemo relevantnije sadr\u017eaje veb sajta\/aplikacije (uklju\u010duju\u0107i reklamne sadr\u017eaje); i<\/li>\n<li>da li dobijate poruke o gre\u0161kama.<\/li>\n<\/ul>\n<p>Sakupljeni podaci se koriste samo za pobolj\u0161avanje rada Alcatel materijala.<\/p>\n<p>Pored toga, programski jezik u kojem je napisana Alcatel veb sajt koristi Alate za automatsko sakupljanje koji se bri\u0161u nakon \u0161to zatvorite svoju sesiju pregleda\u010da. Bri\u0161u se svaki put kad zatvorite svoj pregleda\u010d. Ovi alati ne \u010duvaju podatke o posetiocu nakon zatvaranja pregleda\u010da.<\/p>\n<p>Neke od ovih Alata za automatsko sakupljanje pru\u017eaju slede\u0107e tre\u0107e strane<\/p>\n<table width=\"640\">\n<thead>\n<tr>\n<td>\n<p><strong>Naziv<\/strong><\/p>\n<\/td>\n<td>\n<p><strong>Dobavlja\u010d<\/strong><\/p>\n<\/td>\n<td>\n<p><strong>Svrha<\/strong><\/p>\n<\/td>\n<td>\n<p><strong>Istek<\/strong><\/p>\n<\/td>\n<td>\n<p><strong>Tip<\/strong><\/p>\n<\/td>\n<\/tr>\n<\/thead>\n<tbody>\n<tr>\n<td>\n<p>no_more_select_country<\/p>\n<\/td>\n<td>\n<p>Alcatel<\/p>\n<\/td>\n<td>\n<p>Presko\u010di prikaz dijaloga za izbor dr\u017eave.<\/p>\n<\/td>\n<td>\n<p>365 dana<\/p>\n<\/td>\n<td>\n<p>html<\/p>\n<\/td>\n<\/tr>\n<tr>\n<td>\n<p>no_show_gdpr<\/p>\n<\/td>\n<td>\n<p>Alcatel<\/p>\n<\/td>\n<td>\n<p>Presko\u010di prikaz dijaloga za obave\u0161tenje o gdpr-u.<\/p>\n<\/td>\n<td>\n<p>365 dana<\/p>\n<\/td>\n<td>\n<p>html<\/p>\n<\/td>\n<\/tr>\n<tr>\n<td>\n<p>gdpr_preference<\/p>\n<\/td>\n<td>\n<p>Alcatel<\/p>\n<\/td>\n<td>\n<p>Zapamti preferencije stranice.<\/p>\n<\/td>\n<td>\n<p>365 dana<\/p>\n<\/td>\n<td>\n<p>html<\/p>\n<\/td>\n<\/tr>\n<tr>\n<td>\n<p>gdpr_tracking<\/p>\n<\/td>\n<td>\n<p>Alcatel<\/p>\n<\/td>\n<td>\n<p>Zapamti da je statistika uklju\u010dena.<\/p>\n<\/td>\n<td>\n<p>365 dana<\/p>\n<\/td>\n<td>\n<p>html<\/p>\n<\/td>\n<\/tr>\n<\/tbody>\n<\/table>\n<ul>\n<li>Google analitika (dodatne informacije mo\u017eete prona\u0107i u Google <a href=\"https:\/\/policies.google.com\/privacy?hl=en\">politici privatnosti<\/a> i na Google <a href=\"https:\/\/developers.google.com\/analytics\/devguides\/collection\/analyticsjs\/cookie-usage\">veb sajtu<\/a>)<\/li>\n<\/ul>\n<p>Koristimo Google analitiku \u2013 analiti\u010dki alat na vebu koji nam poma\u017ee da razumemo kako korisnici koriste Alcatel nalog ili druge Alcatel veb sajtove\/aplikacije. Google analitika prati va\u0161e kretanje kroz na\u0161u stranicu (npr. stranice koje ste videli i veze na koje ste kliknuli) i poma\u017ee nam da izmerimo kakvu interakciju imate sa sadr\u017eajima koje nudimo. Ti podaci se koriste za sastavljanje izve\u0161taja i poma\u017eu nam da pobolj\u0161amo Alcatel nalog ili druge Alcatel veb sajtove\/aplikacije. Izve\u0161taji prikazuju trendove na veb sajtovima bez identifikovanja pojedina\u010dnih posetilaca. Mo\u017eete odbiti saglasnost za Google analitiku i to ne\u0107e imati uticaj na to kako koristite na\u0161u stranicu. Vi\u0161e informacija o odbijanju saglasnosti za Google analitiku na svim veb sajtovima koje koristite mo\u017eete prona\u0107i na Google veb-sajtu na adresi: <a href=\"https:\/\/tools.google.com\/dlpage\/gaoptout\">https:\/\/tools.google.com\/dlpage\/gaoptout<\/a>.<\/p>\n<p>Ovi automatizovani alati isti\u010du nakon 1 godine osim ako ih ne izbri\u0161ete pre kori\u0161\u0107enja u postavkama va\u0161eg pregleda\u010da ili telefona.<\/p>\n<p><u>Kategorija 3 \u2013 funkcionalnost<\/u><\/p>\n<p>Ovi Alati za automatsko sakupljanje omogu\u0107avaju Alcatel materijalima da zapamte va\u0161e izbore. Omogu\u0107avaju nam da zapamtimo va\u0161e korisni\u010dko ime, jezik i izmene koje ste napravili u raznim drugim delovima na\u0161ih usluga koje mo\u017eete da prilagodite.<\/p>\n<p>Cilj ovih Alata za automatsko sakupljanje je da vam ponude personalizovano iskustvo, tako da ne morate da resetujete svoje \u017eeljene opcije svaki put kad nas posetite.<\/p>\n<p>Alate za automatsko sakupljanje koristimo i da vam omogu\u0107imo komentarisanje u raspravama na forumu ili da vam ponudimo pobolj\u0161ane usluge, kao na primer gledanje video snimaka na na\u0161em veb sajtu.<\/p>\n<p>Neke od ovih Alata za automatsko sakupljanje pru\u017eaju slede\u0107i nezavisni partneri:<\/p>\n<table width=\"640\">\n<thead>\n<tr>\n<td>\n<p><strong>Naziv<\/strong><\/p>\n<\/td>\n<td>\n<p><strong>Dobavlja\u010d<\/strong><\/p>\n<\/td>\n<td>\n<p><strong>Svrha<\/strong><\/p>\n<\/td>\n<td>\n<p><strong>Istek<\/strong><\/p>\n<\/td>\n<td>\n<p><strong>Tip<\/strong><\/p>\n<\/td>\n<\/tr>\n<\/thead>\n<tbody>\n<tr>\n<td>\n<p>_ga<\/p>\n<\/td>\n<td>\n<p><a href=\"https:\/\/policies.google.com\/privacy\">Google Tag Manager<\/a><\/p>\n<\/td>\n<td>\n<p>Registruje jedinstveni ID koji se koristi za generisanje statisti\u010dkih podataka o tome kako posetilac koristi veb sajt.<\/p>\n<\/td>\n<td>\n<p>365 dana<\/p>\n<\/td>\n<td>\n<p>http<\/p>\n<\/td>\n<\/tr>\n<tr>\n<td>\n<p>_gat_gtag_UA_107287510_1<\/p>\n<\/td>\n<td>\n<p><a href=\"https:\/\/policies.google.com\/privacy\">Google Tag Manager<\/a><\/p>\n<\/td>\n<td>\n<p>Koristi ga Google analitika za regulisanje koli\u010dine zahteva.<\/p>\n<\/td>\n<td>\n<p>1 dan<\/p>\n<\/td>\n<td>\n<p>http<\/p>\n<\/td>\n<\/tr>\n<tr>\n<td>\n<p>_gid<\/p>\n<\/td>\n<td>\n<p><a href=\"https:\/\/policies.google.com\/privacy\">Google Tag Manager<\/a><\/p>\n<\/td>\n<td>\n<p>Registruje jedinstveni ID koji se koristi za generisanje statisti\u010dkih podataka o tome kako posetilac koristi veb sajt.<\/p>\n<\/td>\n<td>\n<p>1 dan<\/p>\n<\/td>\n<td>\n<p>http<\/p>\n<\/td>\n<\/tr>\n<\/tbody>\n<\/table>\n<p>Ovi automatizovani alati isti\u010du nakon 1 godine osim ako ih ne izbri\u0161ete pre kori\u0161\u0107enja u postavkama va\u0161eg pregleda\u010da ili telefona.<\/p>\n<p><u>Kako se upravlja Alatima za automatsko sakupljanje<\/u><\/p>\n<p>Ako ne \u017eelite da primate kola\u010di\u0107e, mo\u017eete da podesite svoj pregleda\u010d da odbija kola\u010di\u0107e ili da vas obavesti kad se na va\u0161 ure\u0111aj sa\u010duva kola\u010di\u0107. Mo\u017eete i izbrisati kola\u010di\u0107e \u010dim napustite Alcatel nalog ili druge Alcatel veb sajtove\/aplikacije. Iako nije obavezno da prihvatite kola\u010di\u0107e kad posetite Alcatel nalog, ako podesite pregleda\u010d da odbija kola\u010di\u0107e, mo\u017eda ne\u0107ete mo\u0107i da koristite sve funkcionalnosti Alcatel naloga ili drugih Alcatel veb sajtova\/aplikacija.<\/p>\n<p>Na primer, u meniju Pomo\u0107 na alatnoj traci ve\u0107ine pregleda\u010da sazna\u0107ete kako da spre\u010dite pregleda\u010d da prihvata nove kola\u010di\u0107e, kako da vas pregleda\u010d obave\u0161tava kad primite novi Alat za automatsko sakupljanje i kako da u potpunosti isklju\u010dite Alate za automatsko sakupljanje. Na slede\u0107im vezama mo\u017eete da prona\u0111ete dodatne informacije za neke od popularnih pregleda\u010da:\u00a0<a href=\"https:\/\/support.google.com\/accounts\/answer\/61416?co=GENIE.Platform%3DDesktop&amp;hl=en\">Google Chrome<\/a>;\u00a0<a href=\"https:\/\/privacy.microsoft.com\/en-us\/windows-10-microsoft-edge-and-privacy\">Microsoft Edge<\/a>;\u00a0<a href=\"https:\/\/support.mozilla.org\/en-US\/kb\/enable-and-disable-cookies-website-preferences\">Mozilla<\/a>\u00a0Firefox;\u00a0<a href=\"https:\/\/support.microsoft.com\/en-gb\/help\/17442\/windows-internet-explorer-delete-manage-cookies\">Microsoft Internet Explorer<\/a>;\u00a0<a href=\"https:\/\/www.opera.com\/help\/tutorials\/security\/privacy\/\">Opera<\/a>\u00a0i\u00a0<a href=\"https:\/\/support.apple.com\/kb\/ph21411?locale=en_US\">Apple Safari<\/a>.<\/p>\n<p>Kad to zakon zahteva, prikaza\u0107emo vam baner s kola\u010di\u0107ima kad prvi put posetite na\u0161 veb sajt\/aplikaciju, a na njemu je obja\u0161njeno koji tip Alata za automatsko sakupljanje koristimo i na njemu tra\u017eimo va\u0161 pristanak za neke od Alata za automatsko sakupljanje koje koristimo.<\/p>\n<p><u>Li\u010dni podaci sakupljeni pomo\u0107u Alata za automatsko sakupljanje<\/u><\/p>\n<p>Li\u010dne podatke sakupljene pomo\u0107u Alata za automatsko sakupljanje koristimo za svrhe opisane u na\u0161oj Politici privatnosti <em>[<\/em><a href=\"https:\/\/www.alcatelmobile.com\/privacy\/\">https:\/\/www.alcatelmobile.com\/privacy\/<\/a><em>]<\/em>. Za kola\u010di\u0107e za koje tra\u017eimo va\u0161 pristanak da ih primenimo, oslanjamo se na pristanak kao pravnu osnovu za obradu li\u010dnih podataka sakupljenih pomo\u0107u tih kola\u010di\u0107a.<\/p>\n<p><u>Promene ove politike o kola\u010di\u0107ima<\/u><\/p>\n<p>S vremena na vreme mo\u017eemo da a\u017euriramo ovu politiku o kola\u010di\u0107ima. Ako do\u0111e do promena ove politike o kola\u010di\u0107ima, obavesti\u0107emo vas objavom obave\u0161tenja na na\u0161em veb sajtu ili tako \u0161to \u0107emo vam obave\u0161tenje poslati e-po\u0161tom ili na drugi na\u010din dopu\u0161ten zakonima koji se za to primenjuju.<\/p>\n<ul>\n<li>da zabele\u017eimo da ste se prijavili na svoj nalog<\/li>\n<li>da zabele\u017eimo kad nam date svoj pristanak da koristimo Alate za automatsko sakupljanje, prema potrebi;<\/li>\n<li>da vam ponudimo proizvode i usluge i da upravljamo transakcijama, na primer da omogu\u0107imo stranicama ili drugim Alcatel materijalima da zapamte koje proizvode ste dodali u korpu za kupovinu ili podatke koje ste naveli u formularima;<\/li>\n<li>da prika\u017eemo ocene proizvoda koje ste nam poslali;<\/li>\n<li>da vam ponudimo neophodnu za\u0161titu potrebnu za kori\u0161\u010denje Alcatel materijala, na primer da pratimo saobra\u0107aj podataka i posete da bismo mogli da otkrijemo potencijalne bezbednosne pretnje (<em>npr<\/em>. u slu\u010daju neobi\u010dno pove\u0107anog ili brzog saobra\u0107aja);<\/li>\n<li>i da bismo se pobrinuli da se sadr\u017eaj Alcatel materijala koje ste zatra\u017eili brzo u\u010ditava.<\/li>\n<\/ul><\/div>\n\t\t\t\t<\/div>\n\t\t\t\t<\/div>\n\t\t\t\t\t\t<\/div>\n\t\t\t<\/div>\n\t\t<\/div>\n\t\t\t\t\t\t<\/div>\n\t\t\t<\/div>\n\t\t<\/section>\n\t\t\t\t\t\t<\/div>\n\t\t\t<\/div>\n\t\t<\/div>\n\t\t","protected":false},"excerpt":{"rendered":"<p>Koristimo kola\u010di\u0107e i sli\u010dne web tehnologije, uklju\u010duju\u0107i piksele za pra\u0107enje odnosno slike za pra\u0107enje (\u201eAlati za automatsko sakupljanje\u201d) kao podr\u0161ku za odre\u0111ene funkcionalnosti Alcatel naloga i drugih veb sajtova i aplikacija kojima upravljamo. Automatski alati su delovi koda primenjeni na va\u0161em ure\u0111aju. Alati za automatsko sakupljanje omogu\u0107avaju stranicama da prepoznaju va\u0161 pregleda\u010d ili ure\u0111aj za &hellip;<\/p>\n<p class=\"read-more\"> <a class=\"\" href=\"https:\/\/www.alcatelmobile.com\/rs\/cookie-policy\/\"> <span class=\"screen-reader-text\">Politika o kola\u010di\u0107ima<\/span> Read More &raquo;<\/a><\/p>\n","protected":false},"author":1,"featured_media":0,"parent":0,"menu_order":0,"comment_status":"closed","ping_status":"closed","template":"","meta":[],"_links":{"self":[{"href":"https:\/\/www.alcatelmobile.com\/rs\/content\/wp-json\/wp\/v2\/pages\/26275"}],"collection":[{"href":"https:\/\/www.alcatelmobile.com\/rs\/content\/wp-json\/wp\/v2\/pages"}],"about":[{"href":"https:\/\/www.alcatelmobile.com\/rs\/content\/wp-json\/wp\/v2\/types\/page"}],"author":[{"embeddable":true,"href":"https:\/\/www.alcatelmobile.com\/rs\/content\/wp-json\/wp\/v2\/users\/1"}],"replies":[{"embeddable":true,"href":"https:\/\/www.alcatelmobile.com\/rs\/content\/wp-json\/wp\/v2\/comments?post=26275"}],"version-history":[{"count":5,"href":"https:\/\/www.alcatelmobile.com\/rs\/content\/wp-json\/wp\/v2\/pages\/26275\/revisions"}],"predecessor-version":[{"id":29631,"href":"https:\/\/www.alcatelmobile.com\/rs\/content\/wp-json\/wp\/v2\/pages\/26275\/revisions\/29631"}],"wp:attachment":[{"href":"https:\/\/www.alcatelmobile.com\/rs\/content\/wp-json\/wp\/v2\/media?parent=26275"}],"curies":[{"name":"wp","href":"https:\/\/api.w.org\/{rel}","templated":true}]}}