{"id":284,"date":"2019-04-16T14:54:54","date_gmt":"2019-04-16T14:54:54","guid":{"rendered":"https:\/\/www.alcatelmobile.com\/?page_id=284"},"modified":"2020-06-03T19:29:21","modified_gmt":"2020-06-03T11:29:21","slug":"terms-conditions","status":"publish","type":"page","link":"https:\/\/www.alcatelmobile.com\/rs\/terms-conditions\/","title":{"rendered":"Uslovi i odredbe"},"content":{"rendered":"\t\t<div data-elementor-type=\"post\" data-elementor-id=\"284\" class=\"elementor elementor-284\" data-elementor-settings=\"[]\">\n\t\t\t<div class=\"elementor-inner\">\n\t\t\t\t<div class=\"elementor-section-wrap\">\n\t\t\t\t\t\t\t<section class=\"elementor-element elementor-element-5d992c1c mi-no-height elementor-section-boxed elementor-section-height-default elementor-section-height-default elementor-section elementor-top-section\" data-id=\"5d992c1c\" data-element_type=\"section\">\n\t\t\t\t\t\t<div class=\"elementor-container elementor-column-gap-no\">\n\t\t\t\t<div class=\"elementor-row\">\n\t\t\t\t<div class=\"elementor-element elementor-element-3fc3f109 elementor-column elementor-col-100 elementor-top-column\" data-id=\"3fc3f109\" data-element_type=\"column\">\n\t\t\t<div class=\"elementor-column-wrap  elementor-element-populated\">\n\t\t\t\t\t<div class=\"elementor-widget-wrap\">\n\t\t\t\t<div class=\"elementor-element elementor-element-3ef70ce3 elementor-widget elementor-widget-html\" data-id=\"3ef70ce3\" data-element_type=\"widget\" data-widget_type=\"html.default\">\n\t\t\t\t<div class=\"elementor-widget-container\">\n\t\t\t<div id=\"mi-alternative-menu-bottom-border-color\" data-alt-class=\"mi-dark-bottom-border\"><\/div>\t\t<\/div>\n\t\t\t\t<\/div>\n\t\t\t\t\t\t<\/div>\n\t\t\t<\/div>\n\t\t<\/div>\n\t\t\t\t\t\t<\/div>\n\t\t\t<\/div>\n\t\t<\/section>\n\t\t\t\t<section class=\"elementor-element elementor-element-c4a6c6f elementor-section-boxed elementor-section-height-default elementor-section-height-default elementor-section elementor-top-section\" data-id=\"c4a6c6f\" data-element_type=\"section\">\n\t\t\t\t\t\t<div class=\"elementor-container elementor-column-gap-no\">\n\t\t\t\t<div class=\"elementor-row\">\n\t\t\t\t<div class=\"elementor-element elementor-element-400c8ab8 elementor-column elementor-col-100 elementor-top-column\" data-id=\"400c8ab8\" data-element_type=\"column\">\n\t\t\t<div class=\"elementor-column-wrap  elementor-element-populated\">\n\t\t\t\t\t<div class=\"elementor-widget-wrap\">\n\t\t\t\t<div class=\"elementor-element elementor-element-1b88705f elementor-widget elementor-widget-theme-post-title elementor-page-title elementor-widget-heading\" data-id=\"1b88705f\" data-element_type=\"widget\" data-widget_type=\"theme-post-title.default\">\n\t\t\t\t<div class=\"elementor-widget-container\">\n\t\t\t<h1 class=\"elementor-heading-title elementor-size-default\">Uslovi i odredbe<\/h1>\t\t<\/div>\n\t\t\t\t<\/div>\n\t\t\t\t<div class=\"elementor-element elementor-element-318e0821 mi-general-text mi-hyperlink-blue elementor-widget elementor-widget-text-editor\" data-id=\"318e0821\" data-element_type=\"widget\" data-widget_type=\"text-editor.default\">\n\t\t\t\t<div class=\"elementor-widget-container\">\n\t\t\t\t\t<div class=\"elementor-text-editor elementor-clearfix\"><h2 style=\"font-size: 1em; font-style: normal; margin-top: 20px; margin-bottom: 10px; color: #00a0e3; line-height: 1.3em; text-transform: uppercase; font-family: Lato, Helvetica, Arial, sans-serif; text-rendering: optimizelegibility; text-align: center;\"><strong>USLOVI KORI\u0160\u0106ENJA<\/strong><\/h2>\n<p>Dobro do\u0161li na na\u0161 veb-sajt. Ovi Uslovi i odredbe va\u017ee za va\u0161u upotrebu veb-sajta <a href=\"https:\/\/www.alcatelmobile.com\/\">www.alcatelmobile.com<\/a>\u2002(u daljem tekstu \u201eveb-sajt\u201c) i svih povezanih veb-sajtova. Veb-sajt vam obezbe\u0111ujemo u skladu sa ovim Uslovima kori\u0161\u0107enja, na\u0161om Politikom privatnosti i Politikom o kola\u010di\u0107ima (u daljem tekstu \u201eUslovi i odredbe\u201c). Pa\u017eljivo pro\u010ditajte ove Uslove i odredbe. Ovi Uslovi i odredbe predstavljaju ugovor izme\u0111u vas i kompanije TCL Communication Technology Holdings Limited (\u201eTCT\u201c) i mogu se povremeno menjati. Te izmene, kao i dodatni uslovi i odredbe, bi\u0107e vam saop\u0161tene i, ako ih prihvatite, odmah \u0107e po\u010deti da va\u017ee i postati deo ovih Uslova i odredaba. U slu\u010daju da ne prihvatite te promene, treba odmah da prestanete da pristupate veb-sajtu. Ako ne prihvatate Uslove i odredbe, nemojte da koristite veb-sajt. Ako koristite veb-sajt, prihvatate ove Uslove i odredbe. Neki od sadr\u017eaja na ovom veb-sajtu mo\u017eda nisu pogodni za maloletnike. Ako pristupite ovom veb-sajtu, garantujete da niste maloletni i da prema zakonima koji va\u017ee u va\u0161oj zemlji prebivali\u0161ta imate pravo da pristupate ovom veb-sajtu.<\/p>\n<h2 style=\"font-size: 1em; font-style: normal; margin-top: 20px; margin-bottom: 10px; color: #00a0e3; line-height: 1.3em; text-transform: uppercase; font-family: Lato, Helvetica, Arial, sans-serif; text-rendering: optimizelegibility; text-align: center;\"><strong>INTELEKTUALNA SVOJINA<\/strong><\/h2>\n<p>Izuzev sadr\u017eaja koji su generisali korisnici, ako ga ima, ovaj veb-sajt, kao i sva autorska prava, za\u0161titni znaci i druga prava intelektualne svojine na njima, za\u0161ti\u0107eni su pravima intelektualne svojine i u vlasni\u0161tvu su kompanije TCT ili tre\u0107eg lica. Ne smete da reprodukujete, distribuirate, menjate, pravite izvedena dela (uklju\u010duju\u0107i i uokviravanje sadr\u017eaja), niti da koristite u komercijalne svrhe nijedan deo ovog veb-sajta, osim koliko je neophodno za pregledanje njegovog sadr\u017eaja i pravljenje umerenog broja kopija delova tog sadr\u017eaja (bez izmene) za li\u010dnu, nekomercijalnu upotrebu. Ako smatrate da bilo kakav sadr\u017eaj na ovom veb-sajtu kr\u0161i prava intelektualne svojine tre\u0107eg lica, odmah nam se javite. \u010cim od vas dobijemo obave\u0161tenje, mi \u0107emo preduzeti sve potrebne radnje da bi to kr\u0161enje prestalo i ukloni\u0107emo sav nedozvoljeni sadr\u017eaj sa na\u0161eg veb-sajta. Za\u0161titni znaci Alcatel, TCL i Blackberry, povezani logotipi i svi drugi za\u0161titni znaci, za\u0161titni znaci usluga, grafika i logotipi koji se koriste u vezi sa ovim veb-sajtom za\u0161titni su znaci ili registrovani za\u0161titni znaci kompanije TCT ili njenih davalaca licenci. Ostali za\u0161titni znaci, za\u0161titni znaci usluga, grafika i logotipi koji se koriste u vezi sa ovim veb-sajtom mogu biti za\u0161titni znaci njihovih vlasnika. Nemate nikakvo pravo niti licencu na bilo koji od pomenutih za\u0161titnih znakova i kori\u0161\u0107enje tih za\u0161titnih znakova. U slu\u010daju da prekr\u0161ite bilo \u0161ta od gorenavedenog, TCT zadr\u017eava pravo da zatra\u017ei da smesta prekinete sa nezakonitom upotrebom ili da je ispravite ili, ako se nezakonita upotreba i\/ili prekr\u0161aj nastave, TCT zadr\u017eava pravo da podnese tu\u017ebu protiv vas.<\/p>\n<h2 style=\"font-size: 1em; font-style: normal; margin-top: 20px; margin-bottom: 10px; color: #00a0e3; line-height: 1.3em; text-transform: uppercase; font-family: Lato, Helvetica, Arial, sans-serif; text-rendering: optimizelegibility; text-align: center;\"><strong>LICENCE I PRISTUP VEB-SAJTU<\/strong><\/h2>\n<p>Dajemo vam ograni\u010denu licencu za pristup ovom veb-sajtu i li\u010dnu upotrebu. Ovaj veb-sajt ili bilo koji njegov deo ne smeju se reprodukovati, duplirati, kopirati, prodavati, pose\u0107ivati niti na drugi na\u010din koristiti u bilo kakve komercijalne svrhe bez na\u0161e izri\u010dite pismene saglasnosti. Ne smete da uokvirujete nijedan za\u0161titni znak, logotip ni druge vlasni\u010dke informacije (uklju\u010duju\u0107i slike, tekst, izgled ili oblik stranice) niti da koristite tehnike uokviravanja bez na\u0161e izri\u010dite pismene saglasnosti. Ne smete da koristite metaoznake i drugi \u201eskriveni tekst\u201c u kom se koristi na\u0161e ime ili za\u0161titni znaci bez na\u0161e izri\u010dite pismene saglasnosti. Neovla\u0161\u0107ena upotreba automatski dovodi do ukidanja ove privremene licence.<\/p>\n<h2 style=\"font-size: 1em; font-style: normal; margin-top: 20px; margin-bottom: 10px; color: #00a0e3; line-height: 1.3em; text-transform: uppercase; font-family: Lato, Helvetica, Arial, sans-serif; text-rendering: optimizelegibility; text-align: center;\"><strong>ODRICANJE OD GARANCIJE, OGRANI\u010cENJE ODGOVORNOSTI<\/strong><\/h2>\n<p>TCT obezbe\u0111uje ovaj veb-sajt \u201ekakav jeste\u201c. U najve\u0107oj mogu\u0107oj meri dozvoljenoj primenljivim zakonom, ni kompanija TCT ni njeni partneri, dobavlja\u010di i filijale ne daju nikakve izjave niti garancije bilo koje vrste, izri\u010dite ili podrazumevane, u vezi sa radom ovog veb-sajta, njegovim sadr\u017eajem ili bilo kojim informacijama koje su dostupne na ovom veb-sajtu ili preko njega. Pored toga, kompanija TCT i njeni partneri se odri\u010du svih garancija u vezi sa ovim veb-sajtom, izri\u010ditih ili podrazumevanih, uklju\u010duju\u0107i, ali se ne ograni\u010davaju\u0107i na podrazumevane garancije za prodaju, vlasni\u0161tvo, pogodnost za odre\u0111ene svrhe i nekr\u0161enje autorskih prava. Dalje, kompanija TCT ne garantuje da \u0107e upotreba ovog veb-sajta biti bez prekida, mogu\u0107a u svakom trenutku ili sa svake lokacije, bezbedna niti bez gre\u0161aka, da \u0107e nepravilnosti biti ispravljene niti da na ovom veb-sajtu nema virusa ili drugih potencijalno \u0161tetnih komponenti. Vi ste odgovorni za pravljenje rezervnih kopija svog sistema. Kompanija TCT ne daje nikakva druga obe\u0107anja niti garancije za ovaj veb-sajt, a posebno ne garantuje i ne mo\u017ee biti odgovorna ni za kakva potra\u017eivanja koja su rezultat odluke kompanije TCT da ukloni ili odbije da obradi neke informacije ili sadr\u017eaj, da vas upozori, da obustavi ili prekine pristup ovom veb-sajtu, ili da preduzme neku drugu radnju u toku istrage o pretpostavljenom prekr\u0161aju, ili kao rezultat zaklju\u010dka kompanije TCT da se kr\u0161enje ovih Uslova i odredaba dogodilo, ili u slu\u010daju gubitka prihoda, posla ili profita, ili bilo kakvog gubitka podataka ili o\u0161te\u0107enja podataka u vezi sa kori\u0161\u0107enjem aplikacije ili ovog veb-sajta. Ni u kom slu\u010daju kompanija TCT ne\u0107e prihvatiti odgovornost bilo koje vrste, uklju\u010duju\u0107i i odgovornost za nemar (osim za telesnu povredu ili smrt), za bilo kakvu \u0161tetu ili gubitak (uklju\u010duju\u0107i, bez ograni\u010denja, gubitak posla, prihoda, profita ili posledi\u010dni gubitak) koji nastanu iz kori\u0161\u0107enja ili nemogu\u0107nosti da koristite ovaj veb-sajt. Ako prekr\u0161ite ove Uslove i odredbe, bi\u0107ete odgovorni kompaniji TCT, njenim direktorima, slu\u017ebenicima, zaposlenima, filijalama, agentima, izvo\u0111a\u010dima i davaocima licenci za sva potra\u017eivanja koja proizilaze iz va\u0161eg prekr\u0161aja. Bi\u0107ete odgovorni i za svaku radnju koju preduzme kompanija TCT u sklopu istrage pretpostavljenog kr\u0161enja ovih Uslova i odredaba ili kao rezultat otkri\u0107a ili odluke da je do\u0161lo do kr\u0161enja ovih Uslova i odredaba.<\/p>\n<h2 style=\"font-size: 1em; font-style: normal; margin-top: 20px; margin-bottom: 10px; color: #00a0e3; line-height: 1.3em; text-transform: uppercase; font-family: Lato, Helvetica, Arial, sans-serif; text-rendering: optimizelegibility; text-align: center;\"><strong>ZA\u0160TITA PODATAKA I PRIVATNOST<\/strong><\/h2>\n<p>Svi podaci koje nam dostavite a pomo\u0107u kojih vas TCT mo\u017ee identifikovati, \u010duvaju se i obra\u0111uju u sladu sa na\u0161om Politikom privatnosti. U vezi sa va\u0161om upotrebom ovog veb-sajta, mo\u017eda \u0107ete sa nama podeliti svoju e-adresu, radi dalje komunikacije izme\u0111u vas i kompanije TCT. Pre nego \u0161to nam date svoju e-adresu, pro\u010ditajte na\u0161u Politiku privatnosti kako biste razumeli na koji na\u010din prikupljamo i koristimo informacije o vama kada pristupate ovom veb-sajtu, pose\u0107ujete ga ili koristite. Va\u0161e li\u010dne informacije se prikupljaju, \u010duvaju i obra\u0111uju u skladu sa na\u0161om Politikom privatnosti, koju treba da pro\u010ditate i prihvatite pre nego \u0161to nam dostavite svoje li\u010dne informacije tokom kori\u0161\u0107enja ovog veb-sajta.<\/p>\n<h2 style=\"font-size: 1em; font-style: normal; margin-top: 20px; margin-bottom: 10px; color: #00a0e3; line-height: 1.3em; text-transform: uppercase; font-family: Lato, Helvetica, Arial, sans-serif; text-rendering: optimizelegibility; text-align: center;\"><strong>LINKOVI KA VEB-SAJTOVIMA TRE\u0106IH LICA<\/strong><\/h2>\n<p>Ovaj veb-sajt mo\u017eda sadr\u017ei i linkove ka drugim veb-sajtovima koji nisu pod kontrolom kompanije TCT niti ih ona odr\u017eava. Kompanija TCT nije odgovorna za sadr\u017eaj tih veb-sajtova. Kompanija TCT vam samo obezbe\u0111uje ove linkove i ne mora da odobrava materijale na tim veb-sajtovima. Va\u0161a upotreba ovih veb-sajtova tre\u0107ih lica stvara direktan odnos izme\u0111u vas i tre\u0107eg lica. Zato je va\u0161a odgovornost da pro\u010ditate politiku privatnosti i uslove i odredbe tih tre\u0107ih lica koji se odnose na njihove veb-sajtove i da ih se pridr\u017eavate. Sva potra\u017eivanja u vezi sa veb-sajtovima tre\u0107ih lica ili sadr\u017eaja na veb-sajtovima bi\u0107e prosle\u0111ena tim tre\u0107im licima.<\/p>\n<p style=\"text-align: center;\"><span style=\"color: #00a0e3;\"><strong><b>MERODAVNO PRAVO I NADLE\u017dNOST<\/b><\/strong><\/span><\/p>\n<p style=\"text-align: left;\">Ovaj veb-sajt kontroli\u0161u i njime upravljaju slu\u017ebe kompanije TCT sa sedi\u0161tem u Hongkongu. Ako pristupate ovom veb-sajtu, prihvatate da \u0107e se zakoni Hongkonga specijalne administrativne oblasti Narodne Republike Kine primenjivati na pitanja u vezi sa upotrebom ovog veb-sajta, bez obzira na principe sukoba zakona. U slu\u010daju spora ili neslaganja izme\u0111u vas i kompanije TCT koji nastanu iz ili u vezi sa upotrebom ovog veb-sajta, strane \u0107e poku\u0161ati, bez odlaganja i u dobroj nameri, da re\u0161e svaki nastali spor. Ukoliko nismo u mogu\u0107nosti da re\u0161imo taj spor u razumnom roku (ne du\u017eem od trideset (30) dana), tada bilo koja od strana mo\u017ee da pokrene raspravu ili spor pred nadle\u017enim sudovima Hongkonga.<\/p><\/div>\n\t\t\t\t<\/div>\n\t\t\t\t<\/div>\n\t\t\t\t\t\t<\/div>\n\t\t\t<\/div>\n\t\t<\/div>\n\t\t\t\t\t\t<\/div>\n\t\t\t<\/div>\n\t\t<\/section>\n\t\t\t\t\t\t<\/div>\n\t\t\t<\/div>\n\t\t<\/div>\n\t\t","protected":false},"excerpt":{"rendered":"<p>USLOVI KORI\u0160\u0106ENJA Dobro do\u0161li na na\u0161 veb-sajt. Ovi Uslovi i odredbe va\u017ee za va\u0161u upotrebu veb-sajta www.alcatelmobile.com\u2002(u daljem tekstu \u201eveb-sajt\u201c) i svih povezanih veb-sajtova. Veb-sajt vam obezbe\u0111ujemo u skladu sa ovim Uslovima kori\u0161\u0107enja, na\u0161om Politikom privatnosti i Politikom o kola\u010di\u0107ima (u daljem tekstu \u201eUslovi i odredbe\u201c). Pa\u017eljivo pro\u010ditajte ove Uslove i odredbe. Ovi Uslovi i &hellip;<\/p>\n<p class=\"read-more\"> <a class=\"\" href=\"https:\/\/www.alcatelmobile.com\/rs\/terms-conditions\/\"> <span class=\"screen-reader-text\">Uslovi i odredbe<\/span> Read More &raquo;<\/a><\/p>\n","protected":false},"author":1,"featured_media":0,"parent":0,"menu_order":0,"comment_status":"closed","ping_status":"closed","template":"","meta":[],"_links":{"self":[{"href":"https:\/\/www.alcatelmobile.com\/rs\/content\/wp-json\/wp\/v2\/pages\/284"}],"collection":[{"href":"https:\/\/www.alcatelmobile.com\/rs\/content\/wp-json\/wp\/v2\/pages"}],"about":[{"href":"https:\/\/www.alcatelmobile.com\/rs\/content\/wp-json\/wp\/v2\/types\/page"}],"author":[{"embeddable":true,"href":"https:\/\/www.alcatelmobile.com\/rs\/content\/wp-json\/wp\/v2\/users\/1"}],"replies":[{"embeddable":true,"href":"https:\/\/www.alcatelmobile.com\/rs\/content\/wp-json\/wp\/v2\/comments?post=284"}],"version-history":[{"count":13,"href":"https:\/\/www.alcatelmobile.com\/rs\/content\/wp-json\/wp\/v2\/pages\/284\/revisions"}],"predecessor-version":[{"id":29431,"href":"https:\/\/www.alcatelmobile.com\/rs\/content\/wp-json\/wp\/v2\/pages\/284\/revisions\/29431"}],"wp:attachment":[{"href":"https:\/\/www.alcatelmobile.com\/rs\/content\/wp-json\/wp\/v2\/media?parent=284"}],"curies":[{"name":"wp","href":"https:\/\/api.w.org\/{rel}","templated":true}]}}