{"id":26275,"date":"2019-07-11T10:58:53","date_gmt":"2019-07-11T02:58:53","guid":{"rendered":"https:\/\/www.alcatelmobile.com\/?page_id=26275"},"modified":"2021-07-07T15:41:37","modified_gmt":"2021-07-07T07:41:37","slug":"cookie-policy","status":"publish","type":"page","link":"https:\/\/www.alcatelmobile.com\/tr\/cookie-policy\/","title":{"rendered":"\u00c7erez Politikas\u0131"},"content":{"rendered":"\t\t<div data-elementor-type=\"post\" data-elementor-id=\"26275\" class=\"elementor elementor-26275\" data-elementor-settings=\"[]\">\n\t\t\t<div class=\"elementor-inner\">\n\t\t\t\t<div class=\"elementor-section-wrap\">\n\t\t\t\t\t\t\t<section class=\"elementor-element elementor-element-4862f035 mi-no-height elementor-section-boxed elementor-section-height-default elementor-section-height-default elementor-section elementor-top-section\" data-id=\"4862f035\" data-element_type=\"section\">\n\t\t\t\t\t\t<div class=\"elementor-container elementor-column-gap-no\">\n\t\t\t\t<div class=\"elementor-row\">\n\t\t\t\t<div class=\"elementor-element elementor-element-7a0bfd04 elementor-column elementor-col-100 elementor-top-column\" data-id=\"7a0bfd04\" data-element_type=\"column\">\n\t\t\t<div class=\"elementor-column-wrap  elementor-element-populated\">\n\t\t\t\t\t<div class=\"elementor-widget-wrap\">\n\t\t\t\t<div class=\"elementor-element elementor-element-6765cc07 elementor-widget elementor-widget-html\" data-id=\"6765cc07\" data-element_type=\"widget\" data-widget_type=\"html.default\">\n\t\t\t\t<div class=\"elementor-widget-container\">\n\t\t\t<div id=\"mi-alternative-menu-bottom-border-color\" data-alt-class=\"mi-dark-bottom-border\"><\/div>\t\t<\/div>\n\t\t\t\t<\/div>\n\t\t\t\t\t\t<\/div>\n\t\t\t<\/div>\n\t\t<\/div>\n\t\t\t\t\t\t<\/div>\n\t\t\t<\/div>\n\t\t<\/section>\n\t\t\t\t<section class=\"elementor-element elementor-element-1deda77d elementor-section-boxed elementor-section-height-default elementor-section-height-default elementor-section elementor-top-section\" data-id=\"1deda77d\" data-element_type=\"section\">\n\t\t\t\t\t\t<div class=\"elementor-container elementor-column-gap-no\">\n\t\t\t\t<div class=\"elementor-row\">\n\t\t\t\t<div class=\"elementor-element elementor-element-16052129 elementor-column elementor-col-100 elementor-top-column\" data-id=\"16052129\" data-element_type=\"column\">\n\t\t\t<div class=\"elementor-column-wrap  elementor-element-populated\">\n\t\t\t\t\t<div class=\"elementor-widget-wrap\">\n\t\t\t\t<div class=\"elementor-element elementor-element-133c6fc4 elementor-widget elementor-widget-theme-post-title elementor-page-title elementor-widget-heading\" data-id=\"133c6fc4\" data-element_type=\"widget\" data-widget_type=\"theme-post-title.default\">\n\t\t\t\t<div class=\"elementor-widget-container\">\n\t\t\t<h1 class=\"elementor-heading-title elementor-size-default\">\u00c7erez Politikas\u0131<\/h1>\t\t<\/div>\n\t\t\t\t<\/div>\n\t\t\t\t<div class=\"elementor-element elementor-element-75a7ef72 mi-general-text mi-hyperlink-blue elementor-widget elementor-widget-text-editor\" data-id=\"75a7ef72\" data-element_type=\"widget\" data-widget_type=\"text-editor.default\">\n\t\t\t\t<div class=\"elementor-widget-container\">\n\t\t\t\t\t<div class=\"elementor-text-editor elementor-clearfix\"><p>Alcatel hesab\u0131n\u0131n ve taraf\u0131m\u0131zca i\u015fletilen di\u011fer web siteleri ile uygulamalar\u0131n belirli \u00f6zelliklerini desteklemek amac\u0131yla \u201c\u00e7erezler\u201d ve piksel etiketleri veya web i\u015faret\u00e7ilerini i\u00e7eren benzer web teknolojileri (\u201cOtomatik Toplama Ara\u00e7lar\u0131\u201d) kullan\u0131yoruz. Otomatik ara\u00e7lar, cihaz\u0131n\u0131zda da\u011f\u0131t\u0131lm\u0131\u015f kod par\u00e7alar\u0131d\u0131r. Otomatik Toplama Ara\u00e7lar\u0131, Alcatel web sitesini\/uygulamas\u0131n\u0131 ziyaret etti\u011finizde veya Alcatel web sitesine\/uygulamas\u0131na geri d\u00f6nd\u00fc\u011f\u00fcn\u00fczde web sitesinin taray\u0131c\u0131n\u0131z\u0131 veya cihaz\u0131n\u0131z\u0131 tan\u0131mas\u0131n\u0131 sa\u011flar. A\u015fa\u011f\u0131daki otomatik ara\u00e7 t\u00fcrlerini kullan\u0131yoruz:<\/p>\n<p><u>Kategori 1 \u2013 kesinlikle gerekli ara\u00e7lar:<\/u><\/p>\n<p>Alcatel Materyallerinin \u00e7al\u0131\u015ft\u0131r\u0131lmas\u0131 i\u00e7in gerekli olan ve \u00f6zel olarak talep etti\u011finiz hizmetlerin sunulmas\u0131n\u0131 sa\u011flayan bir dizi Otomatik Toplama Arac\u0131 kullan\u0131yoruz. Bu t\u00fcr Otomatik Toplama Ara\u00e7lar\u0131 \u015funlar\u0131 yapmam\u0131z\u0131 sa\u011flar:<\/p>\n<ul>\n<li>Hesab\u0131n\u0131za giri\u015f yapt\u0131\u011f\u0131n\u0131z\u0131 kay\u0131t alt\u0131na almak<\/li>\n<li>Ge\u00e7erli durumlarda, Otomatik Toplama Ara\u00e7lar\u0131n\u0131 kullanmam\u0131za izin verdi\u011finizi kay\u0131t alt\u0131na almak;<\/li>\n<li>Size \u00fcr\u00fcn ve hizmet sunmak ve Web sitelerinin veya di\u011fer Alcatel Materyallerinin al\u0131\u015fveri\u015f sepetinize ekledi\u011finiz \u00fcr\u00fcnleri veya formlarda sa\u011flad\u0131\u011f\u0131n\u0131z bilgileri hat\u0131rlamas\u0131n\u0131 sa\u011flamak da d\u00e2hil i\u015flemleri y\u00f6netmek;<\/li>\n<li>Bize g\u00f6nderdi\u011finiz \u00fcr\u00fcn de\u011ferlendirmelerini g\u00f6r\u00fcnt\u00fclemek;<\/li>\n<li>Potansiyel g\u00fcvenlik tehditleri hakk\u0131nda bilgi sahibi olabilmemiz i\u00e7in trafik ak\u0131\u015f\u0131n\u0131 ve ziyaretleri izlemek (\u00f6r. ola\u011fan d\u0131\u015f\u0131 y\u00fcksek veya h\u0131zl\u0131 trafik durumunda) gibi Alcatel Materyalleri ile ilgili gerekli olan g\u00fcvenli\u011fi sa\u011flamak ve<\/li>\n<li>Talep etti\u011finiz Alcatel Materyallerinin i\u00e7eri\u011finin h\u0131zl\u0131 bir \u015fekilde y\u00fcklenmesini sa\u011flamak.<\/li>\n<\/ul>\n<p>Bu Otomatik Toplama Ara\u00e7lar\u0131 olmadan talep etti\u011finiz hizmetler sa\u011flanamaz.<\/p>\n<p>Bu temel Otomatik Toplama Ara\u00e7lar\u0131n\u0131 ve bunlar\u0131 neden kulland\u0131\u011f\u0131m\u0131z\u0131 anlaman\u0131z\u0131 istiyoruz ancak bu Otomatik Toplama Ara\u00e7lar\u0131n\u0131 yaln\u0131zca talep etti\u011finiz hizmetleri sa\u011flamak amac\u0131yla kulland\u0131\u011f\u0131m\u0131zdan, bunlar\u0131 kullanmak i\u00e7in izniniz gerekmemektedir.<\/p>\n<p><u>Kategori 2 \u2013 performans ara\u00e7lar\u0131:<\/u><\/p>\n<p>Bu Otomatik Toplama Ara\u00e7lar\u0131, Alcatel Materyallerini nas\u0131l kulland\u0131\u011f\u0131n\u0131z hakk\u0131nda bilgiler toplar. \u015eunlar\u0131 anlamam\u0131z\u0131 sa\u011flar:<\/p>\n<ul>\n<li>Hangi cihazdan ve\/veya web sitesinden geldi\u011finiz;<\/li>\n<li>Alcatel Materyallerinden hangisini ve hangi i\u015flevlerini en s\u0131k kulland\u0131\u011f\u0131n\u0131z (b\u00f6ylece bu bilgileri materyallerin i\u015flevlerini geli\u015ftirmek i\u00e7in kullanabiliriz);<\/li>\n<li>Size daha alakal\u0131 web sitesi\/uygulama i\u00e7eri\u011finin (reklam i\u00e7eri\u011fi d\u00e2hil) sunulmas\u0131n\u0131 sa\u011flamak i\u00e7in tercihleriniz ve<\/li>\n<li>Hata mesajlar\u0131 al\u0131p almad\u0131\u011f\u0131n\u0131z.<\/li>\n<\/ul>\n<p>Toplanan bilgiler yaln\u0131zca Alcatel Materyallerinin \u00e7al\u0131\u015fma \u015feklini geli\u015ftirmek amac\u0131yla kullan\u0131l\u0131r.<\/p>\n<p>Ayr\u0131ca, Alcatel web sitesinin yaz\u0131ld\u0131\u011f\u0131 kodlama dili de, taray\u0131c\u0131daki oturumunuzu kapatt\u0131ktan sonra silinen Otomatik Toplama Ara\u00e7lar\u0131n\u0131 kullan\u0131r. Bunlar, taray\u0131c\u0131n\u0131z\u0131 kapatt\u0131\u011f\u0131n\u0131zda silinirler. Bu ara\u00e7lar, taray\u0131c\u0131 kapat\u0131ld\u0131ktan sonra bir ziyaret\u00e7i hakk\u0131nda herhangi bir bilgi saklamaz.<\/p>\n<p>Bu Otomatik Toplama Ara\u00e7lar\u0131ndan baz\u0131lar\u0131 a\u015fa\u011f\u0131daki \u00fc\u00e7\u00fcnc\u00fc taraflarca sa\u011flanmaktad\u0131r<\/p>\n<table width=\"640\">\n<thead>\n<tr>\n<td>\n<p><strong>Ad\u0131<\/strong><\/p>\n<\/td>\n<td>\n<p><strong>Sa\u011flay\u0131c\u0131<\/strong><\/p>\n<\/td>\n<td>\n<p><strong>Ama\u00e7<\/strong><\/p>\n<\/td>\n<td>\n<p><strong>S\u00fcresi<\/strong><\/p>\n<\/td>\n<td>\n<p><strong>T\u00fcr\u00fc<\/strong><\/p>\n<\/td>\n<\/tr>\n<\/thead>\n<tbody>\n<tr>\n<td>\n<p>no_more_select_country<\/p>\n<\/td>\n<td>\n<p>Alcatel<\/p>\n<\/td>\n<td>\n<p>\u00dclke se\u00e7 ileti\u015fim kutusunun g\u00f6r\u00fcnt\u00fclenmesini atlamak.<\/p>\n<\/td>\n<td>\n<p>365 g\u00fcn<\/p>\n<\/td>\n<td>\n<p>html<\/p>\n<\/td>\n<\/tr>\n<tr>\n<td>\n<p>no_show_gdpr<\/p>\n<\/td>\n<td>\n<p>Alcatel<\/p>\n<\/td>\n<td>\n<p>GDPR beyan\u0131 ileti\u015fim kutusunu g\u00f6stermeyi atlamak.<\/p>\n<\/td>\n<td>\n<p>365 g\u00fcn<\/p>\n<\/td>\n<td>\n<p>html<\/p>\n<\/td>\n<\/tr>\n<tr>\n<td>\n<p>gdpr_preference<\/p>\n<\/td>\n<td>\n<p>Alcatel<\/p>\n<\/td>\n<td>\n<p>Site tercihlerini hat\u0131rlamak.<\/p>\n<\/td>\n<td>\n<p>365 g\u00fcn<\/p>\n<\/td>\n<td>\n<p>html<\/p>\n<\/td>\n<\/tr>\n<tr>\n<td>\n<p>gdpr_tracking<\/p>\n<\/td>\n<td>\n<p>Alcatel<\/p>\n<\/td>\n<td>\n<p>\u0130statistiklerin a\u00e7\u0131k oldu\u011funu hat\u0131rlamak.<\/p>\n<\/td>\n<td>\n<p>365 g\u00fcn<\/p>\n<\/td>\n<td>\n<p>html<\/p>\n<\/td>\n<\/tr>\n<\/tbody>\n<\/table>\n<ul>\n<li>Google Analytics (daha fazla bilgi i\u00e7in l\u00fctfen Google <a href=\"https:\/\/policies.google.com\/privacy?hl=en\">gizlilik politikas\u0131n\u0131<\/a> ve <a href=\"https:\/\/developers.google.com\/analytics\/devguides\/collection\/analyticsjs\/cookie-usage\">web sitesini<\/a> ziyaret edin)<\/li>\n<\/ul>\n<p>Kullan\u0131c\u0131lar\u0131n Alcatel Hesab\u0131 veya di\u011fer Alcatel web sitesi\/uygulamas\u0131n\u0131 nas\u0131l kulland\u0131\u011f\u0131n\u0131 anlamam\u0131za yard\u0131mc\u0131 olan bir web analiz arac\u0131 olan Google Analytics&#8217;i kullan\u0131yoruz. Google Analytics, sitemiz (g\u00f6rd\u00fc\u011f\u00fcn\u00fcz sayfalar ve t\u0131klad\u0131\u011f\u0131n\u0131z ba\u011flant\u0131lar) arac\u0131l\u0131\u011f\u0131yla hareketinizi izler ve sundu\u011fumuz i\u00e7erikle nas\u0131l etkile\u015fimde bulundu\u011funuzu \u00f6l\u00e7memize yard\u0131mc\u0131 olur. Bu bilgiler, rapor derlemek ve Alcatel Hesab\u0131n\u0131 veya ba\u015fka Alcatel web sitesini\/uygulamas\u0131n\u0131 geli\u015ftirmemize yard\u0131mc\u0131 olmas\u0131 i\u00e7in kullan\u0131l\u0131r. Raporlar, bireysel ziyaret\u00e7ilerin kimliklerini a\u00e7\u0131\u011fa vurmadan web sitesi e\u011filimlerini a\u00e7\u0131klar. Sitemizdeki kullan\u0131m\u0131n\u0131z etkilenmeden Google Analytics&#8217;ten \u00e7ekilebilirsiniz. Kulland\u0131\u011f\u0131n\u0131z t\u00fcm web sitelerinde Google Analytics&#8217;ten \u00e7ekilme konusunda daha fazla bilgi Google web sitesinde bulunabilir: <a href=\"https:\/\/tools.google.com\/dlpage\/gaoptout\">https:\/\/tools.google.com\/dlpage\/gaoptout<\/a>.<\/p>\n<p>Bu otomatik ara\u00e7lar\u0131n s\u00fcresi, taray\u0131c\u0131n\u0131z\u0131 veya telefon ayarlar\u0131n\u0131z\u0131 kullanarak daha \u00f6nce silmedi\u011finiz s\u00fcrece 1 y\u0131ld\u0131r.<\/p>\n<p><u>Kategori 3 \u2013 i\u015flevsellik<\/u><\/p>\n<p>Bu Otomatik Toplama Ara\u00e7lar\u0131, Alcatel Materyallerinin yapt\u0131\u011f\u0131n\u0131z tercihleri hat\u0131rlamas\u0131n\u0131 sa\u011flar. Kullan\u0131c\u0131 ad\u0131n\u0131z\u0131, dilinizi ve hizmetlerimizin \u00f6zelle\u015ftirebilece\u011finiz di\u011fer \u00e7e\u015fitli b\u00f6l\u00fcmlerinde yapt\u0131\u011f\u0131n\u0131z de\u011fi\u015fiklikleri hat\u0131rlamam\u0131z\u0131 sa\u011flar.<\/p>\n<p>Bu Otomatik Toplama Ara\u00e7lar\u0131n\u0131n amac\u0131, bizi her ziyaret etti\u011finizde tercihlerinizi s\u0131f\u0131rlamak zorunda kalmaman\u0131z\u0131 sa\u011flayarak size daha ki\u015fisel bir deneyim sunmakt\u0131r.<\/p>\n<p>Ayr\u0131ca, bir forumdaki tart\u0131\u015fmaya yorum yapman\u0131z\u0131 veya web sitemizde bir video g\u00f6r\u00fcnt\u00fclemenizi sa\u011flamak gibi geli\u015fmi\u015f hizmetler sunmak \u00fczere Otomatik Toplama Ara\u00e7lar\u0131n\u0131n i\u015flevselli\u011finden faydalan\u0131yoruz.<\/p>\n<p>Bu Otomatik Toplama Ara\u00e7lar\u0131ndan baz\u0131lar\u0131 a\u015fa\u011f\u0131daki \u00fc\u00e7\u00fcnc\u00fc taraflarca sa\u011flanmaktad\u0131r:<\/p>\n<table width=\"640\">\n<thead>\n<tr>\n<td>\n<p><strong>Ad\u0131<\/strong><\/p>\n<\/td>\n<td>\n<p><strong>Sa\u011flay\u0131c\u0131<\/strong><\/p>\n<\/td>\n<td>\n<p><strong>Ama\u00e7<\/strong><\/p>\n<\/td>\n<td>\n<p><strong>S\u00fcresi<\/strong><\/p>\n<\/td>\n<td>\n<p><strong>T\u00fcr\u00fc<\/strong><\/p>\n<\/td>\n<\/tr>\n<\/thead>\n<tbody>\n<tr>\n<td>\n<p>_ga<\/p>\n<\/td>\n<td>\n<p><a href=\"https:\/\/policies.google.com\/privacy\">Google Tag Manager<\/a><\/p>\n<\/td>\n<td>\n<p>Ziyaret\u00e7inin web sitesini nas\u0131l kulland\u0131\u011f\u0131na ili\u015fkin istatistiksel veriler olu\u015fturmak i\u00e7in kullan\u0131lan benzersiz bir kimlik kaydeder.<\/p>\n<\/td>\n<td>\n<p>365 g\u00fcn<\/p>\n<\/td>\n<td>\n<p>http<\/p>\n<\/td>\n<\/tr>\n<tr>\n<td>\n<p>_gat_gtag_UA_107287510_1<\/p>\n<\/td>\n<td>\n<p><a href=\"https:\/\/policies.google.com\/privacy\">Google Tag Manager<\/a><\/p>\n<\/td>\n<td>\n<p>\u0130stek oran\u0131n\u0131 k\u0131smak i\u00e7in Google Analytics taraf\u0131ndan kullan\u0131l\u0131r.<\/p>\n<\/td>\n<td>\n<p>1 g\u00fcn<\/p>\n<\/td>\n<td>\n<p>http<\/p>\n<\/td>\n<\/tr>\n<tr>\n<td>\n<p>_gid<\/p>\n<\/td>\n<td>\n<p><a href=\"https:\/\/policies.google.com\/privacy\">Google Tag Manager<\/a><\/p>\n<\/td>\n<td>\n<p>Ziyaret\u00e7inin web sitesini nas\u0131l kulland\u0131\u011f\u0131na ili\u015fkin istatistiksel veriler olu\u015fturmak i\u00e7in kullan\u0131lan benzersiz bir kimlik kaydeder.<\/p>\n<\/td>\n<td>\n<p>1 g\u00fcn<\/p>\n<\/td>\n<td>\n<p>http<\/p>\n<\/td>\n<\/tr>\n<\/tbody>\n<\/table>\n<p>Bu otomatik ara\u00e7lar\u0131n s\u00fcresi, taray\u0131c\u0131n\u0131z\u0131 veya telefon ayarlar\u0131n\u0131z\u0131 kullanarak daha \u00f6nce silmedi\u011finiz s\u00fcrece 1 y\u0131ld\u0131r.<\/p>\n<p><u>Otomatik Toplama Ara\u00e7lar\u0131 nas\u0131l y\u00f6netilir?<\/u><\/p>\n<p>\u00c7erez almak istemiyorsan\u0131z taray\u0131c\u0131n\u0131z\u0131, \u00e7erezleri reddedecek veya cihaz\u0131n\u0131za bir \u00e7erez yerle\u015ftirildi\u011finde sizi uyaracak \u015fekilde ayarlayabilirsiniz. Ayr\u0131ca \u00c7erezleri Alcatel hesab\u0131ndan veya di\u011fer Alcatel web sitesinden\/uygulamas\u0131ndan ayr\u0131l\u0131r ayr\u0131lmaz silebilirsiniz. Alcatel hesab\u0131n\u0131 ziyaret etti\u011finizde \u00e7erezleri kabul etmeniz gerekmese de, taray\u0131c\u0131n\u0131z\u0131 \u00e7erezleri reddedecek \u015fekilde ayarlarsan\u0131z Alcatel hesab\u0131n\u0131n veya di\u011fer Alcatel web sitesi\/uygulamas\u0131n\u0131n t\u00fcm \u00f6zelliklerini ve i\u015flevlerini kullanamayabilirsiniz.<\/p>\n<p>\u00d6rne\u011fin, \u00e7o\u011fu web taray\u0131c\u0131s\u0131ndaki ara\u00e7 \u00e7ubu\u011funun Yard\u0131m b\u00f6l\u00fcm\u00fc, taray\u0131c\u0131n\u0131z\u0131n yeni \u00e7erez kabul etmesini nas\u0131l engelleyece\u011finizi, yeni bir Otomatik Toplama Ara\u00e7lar\u0131 ald\u0131\u011f\u0131n\u0131zda taray\u0131c\u0131 taraf\u0131ndan nas\u0131l bilgilendirilece\u011finizi ve Otomatik Toplama Ara\u00e7lar\u0131n\u0131 nas\u0131l tamamen devre d\u0131\u015f\u0131 b\u0131rakaca\u011f\u0131n\u0131z\u0131 size s\u00f6yleyecektir. En s\u0131k kullan\u0131lan baz\u0131 taray\u0131c\u0131larla ilgili olarak a\u015fa\u011f\u0131daki ilgili ba\u011flant\u0131lara t\u0131klayarak daha fazla bilgi edinebilirsiniz:\u00a0<a href=\"https:\/\/support.google.com\/accounts\/answer\/61416?co=GENIE.Platform%3DDesktop&amp;hl=en\">Google Chrome<\/a>;\u00a0<a href=\"https:\/\/privacy.microsoft.com\/en-us\/windows-10-microsoft-edge-and-privacy\">Microsoft Edge<\/a>;\u00a0<a href=\"https:\/\/support.mozilla.org\/en-US\/kb\/enable-and-disable-cookies-website-preferences\">Mozilla<\/a>\u00a0Firefox;\u00a0<a href=\"https:\/\/support.microsoft.com\/en-gb\/help\/17442\/windows-internet-explorer-delete-manage-cookies\">Microsoft Internet Explorer<\/a>;\u00a0<a href=\"https:\/\/www.opera.com\/help\/tutorials\/security\/privacy\/\">Opera<\/a>\u00a0ve\u00a0<a href=\"https:\/\/support.apple.com\/kb\/ph21411?locale=en_US\">Apple Safari<\/a>.<\/p>\n<p>Yasalar\u0131n gerektirdi\u011fi durumlarda, web sitemizi\/uygulamam\u0131z\u0131 ilk kez ziyaret etti\u011finizde ne t\u00fcr Otomatik Toplama Ara\u00e7lar\u0131 kulland\u0131\u011f\u0131m\u0131z\u0131 a\u00e7\u0131klayan ve kulland\u0131\u011f\u0131m\u0131z Otomatik Toplama Ara\u00e7lar\u0131ndan baz\u0131lar\u0131 i\u00e7in onay\u0131n\u0131z\u0131 isteyen bir \u00e7erez kapak sayfas\u0131 a\u00e7\u0131lacakt\u0131r.<\/p>\n<p><u>Otomatik Toplama Ara\u00e7lar\u0131 arac\u0131l\u0131\u011f\u0131yla toplanan Ki\u015fisel Veriler<\/u><\/p>\n<p>Otomatik Toplama Ara\u00e7lar\u0131 arac\u0131l\u0131\u011f\u0131yla toplanan Ki\u015fisel Verileri Gizlilik Politikam\u0131zda <em>[<\/em><a href=\"https:\/\/www.alcatelmobile.com\/privacy\/\">https:\/\/www.alcatelmobile.com\/privacy\/<\/a><em>]<\/em> belirtilen ama\u00e7lar do\u011frultusunda kullan\u0131r\u0131z. Yerle\u015ftirmek i\u00e7in onay\u0131n\u0131z\u0131 istedi\u011fimiz \u00e7erezler i\u00e7in verdi\u011finiz onay, ayn\u0131 \u00e7erezler arac\u0131l\u0131\u011f\u0131yla toplanan Ki\u015fisel Verileri i\u015flemek i\u00e7in de yasal dayanak te\u015fkil eder.<\/p>\n<p><u>Bu \u00c7erez Politikas\u0131nda Yap\u0131lacak De\u011fi\u015fiklikler<\/u><\/p>\n<p>Bu \u00c7erez Politikas\u0131n\u0131 zaman zaman g\u00fcncelleyebiliriz. Bu \u00c7erez Politikas\u0131nda esasl\u0131 bir de\u011fi\u015fiklik olmas\u0131 durumunda Web Sitemizde bir bildirim yay\u0131mlayarak veya size e-posta g\u00f6ndererek veya ge\u00e7erli yasalar\u0131n izin verdi\u011fi di\u011fer yollarla sizi bilgilendirece\u011fiz.<\/p>\n<ul>\n<li>Hesab\u0131n\u0131za giri\u015f yapt\u0131\u011f\u0131n\u0131z\u0131 kay\u0131t alt\u0131na almak<\/li>\n<li>Ge\u00e7erli durumlarda, Otomatik Toplama Ara\u00e7lar\u0131n\u0131 kullanmam\u0131za izin verdi\u011finizi kay\u0131t alt\u0131na almak;<\/li>\n<li>Size \u00fcr\u00fcn ve hizmet sunmak ve Web sitelerinin veya di\u011fer Alcatel Materyallerinin al\u0131\u015fveri\u015f sepetinize ekledi\u011finiz \u00fcr\u00fcnleri veya formlarda sa\u011flad\u0131\u011f\u0131n\u0131z bilgileri hat\u0131rlamas\u0131n\u0131 sa\u011flamak da d\u00e2hil i\u015flemleri y\u00f6netmek;<\/li>\n<li>Bize g\u00f6nderdi\u011finiz \u00fcr\u00fcn de\u011ferlendirmelerini g\u00f6r\u00fcnt\u00fclemek;<\/li>\n<li>Potansiyel g\u00fcvenlik tehditleri hakk\u0131nda bilgi sahibi olabilmemiz i\u00e7in trafik ak\u0131\u015f\u0131n\u0131 ve ziyaretleri izlemek (\u00f6r. ola\u011fan d\u0131\u015f\u0131 y\u00fcksek veya h\u0131zl\u0131 trafik durumunda) gibi Alcatel Materyalleri ile ilgili gerekli olan g\u00fcvenli\u011fi sa\u011flamak ve<\/li>\n<li>Talep etti\u011finiz Alcatel Materyallerinin i\u00e7eri\u011finin h\u0131zl\u0131 bir \u015fekilde y\u00fcklenmesini sa\u011flamak.<\/li>\n<\/ul><\/div>\n\t\t\t\t<\/div>\n\t\t\t\t<\/div>\n\t\t\t\t\t\t<\/div>\n\t\t\t<\/div>\n\t\t<\/div>\n\t\t\t\t\t\t<\/div>\n\t\t\t<\/div>\n\t\t<\/section>\n\t\t\t\t\t\t<\/div>\n\t\t\t<\/div>\n\t\t<\/div>\n\t\t","protected":false},"excerpt":{"rendered":"<p>Alcatel hesab\u0131n\u0131n ve taraf\u0131m\u0131zca i\u015fletilen di\u011fer web siteleri ile uygulamalar\u0131n belirli \u00f6zelliklerini desteklemek amac\u0131yla \u201c\u00e7erezler\u201d ve piksel etiketleri veya web i\u015faret\u00e7ilerini i\u00e7eren benzer web teknolojileri (\u201cOtomatik Toplama Ara\u00e7lar\u0131\u201d) kullan\u0131yoruz. Otomatik ara\u00e7lar, cihaz\u0131n\u0131zda da\u011f\u0131t\u0131lm\u0131\u015f kod par\u00e7alar\u0131d\u0131r. Otomatik Toplama Ara\u00e7lar\u0131, Alcatel web sitesini\/uygulamas\u0131n\u0131 ziyaret etti\u011finizde veya Alcatel web sitesine\/uygulamas\u0131na geri d\u00f6nd\u00fc\u011f\u00fcn\u00fczde web sitesinin taray\u0131c\u0131n\u0131z\u0131 veya cihaz\u0131n\u0131z\u0131 tan\u0131mas\u0131n\u0131 &hellip;<\/p>\n<p class=\"read-more\"> <a class=\"\" href=\"https:\/\/www.alcatelmobile.com\/tr\/cookie-policy\/\"> <span class=\"screen-reader-text\">\u00c7erez Politikas\u0131<\/span> Read More &raquo;<\/a><\/p>\n","protected":false},"author":1,"featured_media":0,"parent":0,"menu_order":0,"comment_status":"closed","ping_status":"closed","template":"","meta":[],"_links":{"self":[{"href":"https:\/\/www.alcatelmobile.com\/tr\/content\/wp-json\/wp\/v2\/pages\/26275"}],"collection":[{"href":"https:\/\/www.alcatelmobile.com\/tr\/content\/wp-json\/wp\/v2\/pages"}],"about":[{"href":"https:\/\/www.alcatelmobile.com\/tr\/content\/wp-json\/wp\/v2\/types\/page"}],"author":[{"embeddable":true,"href":"https:\/\/www.alcatelmobile.com\/tr\/content\/wp-json\/wp\/v2\/users\/1"}],"replies":[{"embeddable":true,"href":"https:\/\/www.alcatelmobile.com\/tr\/content\/wp-json\/wp\/v2\/comments?post=26275"}],"version-history":[{"count":4,"href":"https:\/\/www.alcatelmobile.com\/tr\/content\/wp-json\/wp\/v2\/pages\/26275\/revisions"}],"predecessor-version":[{"id":31699,"href":"https:\/\/www.alcatelmobile.com\/tr\/content\/wp-json\/wp\/v2\/pages\/26275\/revisions\/31699"}],"wp:attachment":[{"href":"https:\/\/www.alcatelmobile.com\/tr\/content\/wp-json\/wp\/v2\/media?parent=26275"}],"curies":[{"name":"wp","href":"https:\/\/api.w.org\/{rel}","templated":true}]}}