{"id":13364,"date":"2019-06-27T21:15:03","date_gmt":"2019-06-27T13:15:03","guid":{"rendered":"https:\/\/www.alcatelmobile.com\/?post_type=product&#038;p=13364"},"modified":"2020-04-27T13:42:08","modified_gmt":"2020-04-27T05:42:08","slug":"alcatel-3t-8","status":"publish","type":"product","link":"https:\/\/www.alcatelmobile.com\/tr\/product\/tablet\/alcatel-3-series\/alcatel-3t-8\/","title":{"rendered":"Alcatel 3T 8"},"content":{"rendered":"","protected":false},"excerpt":{"rendered":"<p>Birinci s\u0131n\u0131f ince tasar\u0131m\u0131 ve kusursuz kullan\u0131c\u0131 deneyimi ile harekette kal\u0131n<\/p>\n","protected":false},"featured_media":25986,"template":"","meta":[],"_links":{"self":[{"href":"https:\/\/www.alcatelmobile.com\/tr\/content\/wp-json\/wp\/v2\/product\/13364"}],"collection":[{"href":"https:\/\/www.alcatelmobile.com\/tr\/content\/wp-json\/wp\/v2\/product"}],"about":[{"href":"https:\/\/www.alcatelmobile.com\/tr\/content\/wp-json\/wp\/v2\/types\/product"}],"version-history":[{"count":15,"href":"https:\/\/www.alcatelmobile.com\/tr\/content\/wp-json\/wp\/v2\/product\/13364\/revisions"}],"predecessor-version":[{"id":28059,"href":"https:\/\/www.alcatelmobile.com\/tr\/content\/wp-json\/wp\/v2\/product\/13364\/revisions\/28059"}],"wp:featuredmedia":[{"embeddable":true,"href":"https:\/\/www.alcatelmobile.com\/tr\/content\/wp-json\/wp\/v2\/media\/25986"}],"wp:attachment":[{"href":"https:\/\/www.alcatelmobile.com\/tr\/content\/wp-json\/wp\/v2\/media?parent=13364"}],"curies":[{"name":"wp","href":"https:\/\/api.w.org\/{rel}","templated":true}]}}