{"id":13631,"date":"2019-07-02T11:43:23","date_gmt":"2019-07-02T03:43:23","guid":{"rendered":"https:\/\/www.alcatelmobile.com\/?post_type=product&#038;p=13631"},"modified":"2020-01-21T11:48:24","modified_gmt":"2020-01-21T03:48:24","slug":"movetrack-gps-tracker","status":"publish","type":"product","link":"https:\/\/www.alcatelmobile.com\/tr\/product\/mobile-broadband\/movetrack-series\/movetrack-gps-tracker\/","title":{"rendered":"Movetrack GPS Takip Cihaz\u0131"},"content":{"rendered":"","protected":false},"excerpt":{"rendered":"<p>Sevdiklerinizi do\u011frudan ak\u0131ll\u0131 telefonunuz yoluyla takip edin<\/p>\n","protected":false},"featured_media":13689,"template":"","meta":[],"_links":{"self":[{"href":"https:\/\/www.alcatelmobile.com\/tr\/content\/wp-json\/wp\/v2\/product\/13631"}],"collection":[{"href":"https:\/\/www.alcatelmobile.com\/tr\/content\/wp-json\/wp\/v2\/product"}],"about":[{"href":"https:\/\/www.alcatelmobile.com\/tr\/content\/wp-json\/wp\/v2\/types\/product"}],"version-history":[{"count":5,"href":"https:\/\/www.alcatelmobile.com\/tr\/content\/wp-json\/wp\/v2\/product\/13631\/revisions"}],"predecessor-version":[{"id":27962,"href":"https:\/\/www.alcatelmobile.com\/tr\/content\/wp-json\/wp\/v2\/product\/13631\/revisions\/27962"}],"wp:featuredmedia":[{"embeddable":true,"href":"https:\/\/www.alcatelmobile.com\/tr\/content\/wp-json\/wp\/v2\/media\/13689"}],"wp:attachment":[{"href":"https:\/\/www.alcatelmobile.com\/tr\/content\/wp-json\/wp\/v2\/media?parent=13631"}],"curies":[{"name":"wp","href":"https:\/\/api.w.org\/{rel}","templated":true}]}}