{"id":27120,"date":"2019-09-05T10:00:58","date_gmt":"2019-09-05T02:00:58","guid":{"rendered":"https:\/\/www.alcatelmobile.com\/?post_type=product&#038;p=27120"},"modified":"2021-01-21T10:41:55","modified_gmt":"2021-01-21T02:41:55","slug":"alcatel-smart-tab-7","status":"publish","type":"product","link":"https:\/\/www.alcatelmobile.com\/tr\/product\/tablet\/alcatel-smart-tab\/alcatel-smart-tab-7\/","title":{"rendered":"Alcatel Smart Tab 7"},"content":{"rendered":"","protected":false},"excerpt":{"rendered":"<p>G\u00fc\u00e7l\u00fc \u00e7ift hoparl\u00f6r\u00fc ve ak\u0131ll\u0131 asistan\u0131 ile e\u011flencenin tad\u0131n\u0131 \u00e7\u0131kar\u0131n<\/p>\n<p>&#8211; Yeni nesil tablet<\/p>\n","protected":false},"featured_media":27121,"template":"","meta":[],"_links":{"self":[{"href":"https:\/\/www.alcatelmobile.com\/tr\/content\/wp-json\/wp\/v2\/product\/27120"}],"collection":[{"href":"https:\/\/www.alcatelmobile.com\/tr\/content\/wp-json\/wp\/v2\/product"}],"about":[{"href":"https:\/\/www.alcatelmobile.com\/tr\/content\/wp-json\/wp\/v2\/types\/product"}],"version-history":[{"count":9,"href":"https:\/\/www.alcatelmobile.com\/tr\/content\/wp-json\/wp\/v2\/product\/27120\/revisions"}],"predecessor-version":[{"id":29524,"href":"https:\/\/www.alcatelmobile.com\/tr\/content\/wp-json\/wp\/v2\/product\/27120\/revisions\/29524"}],"wp:featuredmedia":[{"embeddable":true,"href":"https:\/\/www.alcatelmobile.com\/tr\/content\/wp-json\/wp\/v2\/media\/27121"}],"wp:attachment":[{"href":"https:\/\/www.alcatelmobile.com\/tr\/content\/wp-json\/wp\/v2\/media?parent=27120"}],"curies":[{"name":"wp","href":"https:\/\/api.w.org\/{rel}","templated":true}]}}