{"id":27269,"date":"2019-09-06T14:58:14","date_gmt":"2019-09-06T06:58:14","guid":{"rendered":"https:\/\/www.alcatelmobile.com\/?post_type=product&#038;p=27269"},"modified":"2020-09-03T23:59:56","modified_gmt":"2020-09-03T15:59:56","slug":"alcatel-3088","status":"publish","type":"product","link":"https:\/\/www.alcatelmobile.com\/tr\/product\/feature-phone\/all-feature-phones\/alcatel-3088\/","title":{"rendered":"Alcatel 3088"},"content":{"rendered":"","protected":false},"excerpt":{"rendered":"<p>T\u00fcm temel mobil uygulamalar 4G h\u0131z\u0131yla<\/p>\n","protected":false},"featured_media":27892,"template":"","meta":[],"_links":{"self":[{"href":"https:\/\/www.alcatelmobile.com\/tr\/content\/wp-json\/wp\/v2\/product\/27269"}],"collection":[{"href":"https:\/\/www.alcatelmobile.com\/tr\/content\/wp-json\/wp\/v2\/product"}],"about":[{"href":"https:\/\/www.alcatelmobile.com\/tr\/content\/wp-json\/wp\/v2\/types\/product"}],"version-history":[{"count":7,"href":"https:\/\/www.alcatelmobile.com\/tr\/content\/wp-json\/wp\/v2\/product\/27269\/revisions"}],"predecessor-version":[{"id":28178,"href":"https:\/\/www.alcatelmobile.com\/tr\/content\/wp-json\/wp\/v2\/product\/27269\/revisions\/28178"}],"wp:featuredmedia":[{"embeddable":true,"href":"https:\/\/www.alcatelmobile.com\/tr\/content\/wp-json\/wp\/v2\/media\/27892"}],"wp:attachment":[{"href":"https:\/\/www.alcatelmobile.com\/tr\/content\/wp-json\/wp\/v2\/media?parent=27269"}],"curies":[{"name":"wp","href":"https:\/\/api.w.org\/{rel}","templated":true}]}}