{"id":27917,"date":"2019-12-18T11:35:40","date_gmt":"2019-12-18T03:35:40","guid":{"rendered":"https:\/\/www.alcatelmobile.com\/tr\/?post_type=product&#038;p=27917"},"modified":"2020-05-18T13:06:35","modified_gmt":"2020-05-18T05:06:35","slug":"movetime-family-watch-mt40","status":"publish","type":"product","link":"https:\/\/www.alcatelmobile.com\/tr\/product\/smartwatches\/move-time\/movetime-family-watch-mt40\/","title":{"rendered":"Movetime \u00c7ocuk Saati MT40"},"content":{"rendered":"","protected":false},"excerpt":{"rendered":"<p>Nereye giderseniz gidin<br \/>\nailenizi daima yak\u0131n\u0131n\u0131zda tutun<\/p>\n","protected":false},"featured_media":0,"template":"","meta":[],"_links":{"self":[{"href":"https:\/\/www.alcatelmobile.com\/tr\/content\/wp-json\/wp\/v2\/product\/27917"}],"collection":[{"href":"https:\/\/www.alcatelmobile.com\/tr\/content\/wp-json\/wp\/v2\/product"}],"about":[{"href":"https:\/\/www.alcatelmobile.com\/tr\/content\/wp-json\/wp\/v2\/types\/product"}],"version-history":[{"count":5,"href":"https:\/\/www.alcatelmobile.com\/tr\/content\/wp-json\/wp\/v2\/product\/27917\/revisions"}],"predecessor-version":[{"id":28087,"href":"https:\/\/www.alcatelmobile.com\/tr\/content\/wp-json\/wp\/v2\/product\/27917\/revisions\/28087"}],"wp:attachment":[{"href":"https:\/\/www.alcatelmobile.com\/tr\/content\/wp-json\/wp\/v2\/media?parent=27917"}],"curies":[{"name":"wp","href":"https:\/\/api.w.org\/{rel}","templated":true}]}}