{"id":27985,"date":"2020-02-13T16:57:21","date_gmt":"2020-02-13T08:57:21","guid":{"rendered":"https:\/\/www.alcatelmobile.com\/tr\/?post_type=product&#038;p=27985"},"modified":"2020-04-27T13:47:10","modified_gmt":"2020-04-27T05:47:10","slug":"alcatel-1s-2020","status":"publish","type":"product","link":"https:\/\/www.alcatelmobile.com\/tr\/product\/smartphone\/alcatel1\/alcatel-1s-2020\/","title":{"rendered":"Alcatel 1S (2020)"},"content":{"rendered":"","protected":false},"excerpt":{"rendered":"<p>\u00dc\u00e7l\u00fc ak\u0131ll\u0131 kameras\u0131yla foto\u011fraflar\u0131n\u0131z\u0131 daha ak\u0131ll\u0131 \u00e7ekin<\/p>\n","protected":false},"featured_media":27974,"template":"","meta":[],"_links":{"self":[{"href":"https:\/\/www.alcatelmobile.com\/tr\/content\/wp-json\/wp\/v2\/product\/27985"}],"collection":[{"href":"https:\/\/www.alcatelmobile.com\/tr\/content\/wp-json\/wp\/v2\/product"}],"about":[{"href":"https:\/\/www.alcatelmobile.com\/tr\/content\/wp-json\/wp\/v2\/types\/product"}],"version-history":[{"count":2,"href":"https:\/\/www.alcatelmobile.com\/tr\/content\/wp-json\/wp\/v2\/product\/27985\/revisions"}],"predecessor-version":[{"id":28064,"href":"https:\/\/www.alcatelmobile.com\/tr\/content\/wp-json\/wp\/v2\/product\/27985\/revisions\/28064"}],"wp:featuredmedia":[{"embeddable":true,"href":"https:\/\/www.alcatelmobile.com\/tr\/content\/wp-json\/wp\/v2\/media\/27974"}],"wp:attachment":[{"href":"https:\/\/www.alcatelmobile.com\/tr\/content\/wp-json\/wp\/v2\/media?parent=27985"}],"curies":[{"name":"wp","href":"https:\/\/api.w.org\/{rel}","templated":true}]}}