{"id":28126,"date":"2020-06-29T17:36:04","date_gmt":"2020-06-29T09:36:04","guid":{"rendered":"https:\/\/www.alcatelmobile.com\/tr\/product\/uncategorized\/alcatel-1se-2020\/"},"modified":"2020-10-21T17:02:14","modified_gmt":"2020-10-21T09:02:14","slug":"alcatel-1se-2020","status":"publish","type":"product","link":"https:\/\/www.alcatelmobile.com\/tr\/product\/smartphone\/alcatel1\/alcatel-1se-2020\/","title":{"rendered":"Alcatel 1SE (2020)"},"content":{"rendered":"","protected":false},"excerpt":{"rendered":"<p>Yapay zeka \u00fc\u00e7l\u00fc kamera ile foto\u011fraflar\u0131n\u0131z\u0131n performans\u0131n\u0131 artt\u0131r\u0131n<\/p>\n","protected":false},"featured_media":28124,"template":"","meta":[],"_links":{"self":[{"href":"https:\/\/www.alcatelmobile.com\/tr\/content\/wp-json\/wp\/v2\/product\/28126"}],"collection":[{"href":"https:\/\/www.alcatelmobile.com\/tr\/content\/wp-json\/wp\/v2\/product"}],"about":[{"href":"https:\/\/www.alcatelmobile.com\/tr\/content\/wp-json\/wp\/v2\/types\/product"}],"version-history":[{"count":5,"href":"https:\/\/www.alcatelmobile.com\/tr\/content\/wp-json\/wp\/v2\/product\/28126\/revisions"}],"predecessor-version":[{"id":28350,"href":"https:\/\/www.alcatelmobile.com\/tr\/content\/wp-json\/wp\/v2\/product\/28126\/revisions\/28350"}],"wp:featuredmedia":[{"embeddable":true,"href":"https:\/\/www.alcatelmobile.com\/tr\/content\/wp-json\/wp\/v2\/media\/28124"}],"wp:attachment":[{"href":"https:\/\/www.alcatelmobile.com\/tr\/content\/wp-json\/wp\/v2\/media?parent=28126"}],"curies":[{"name":"wp","href":"https:\/\/api.w.org\/{rel}","templated":true}]}}