{"id":28161,"date":"2020-06-29T11:35:26","date_gmt":"2020-06-29T03:35:26","guid":{"rendered":"https:\/\/www.alcatelmobile.com\/tr\/product\/uncategorized\/alcatel-3x-2020\/"},"modified":"2020-10-22T11:00:58","modified_gmt":"2020-10-22T03:00:58","slug":"alcatel-3x-2020","status":"publish","type":"product","link":"https:\/\/www.alcatelmobile.com\/tr\/product\/smartphone\/alcatel3\/alcatel-3x-2020\/","title":{"rendered":"Alcatel 3X (2020)"},"content":{"rendered":"","protected":false},"excerpt":{"rendered":"<p>Son teknoloji yapay zeka d\u00f6rt kameras\u0131 ve geni\u015f ekran\u0131 ile ola\u011fan\u00fcst\u00fc g\u00f6rsel bir deneyim ya\u015fay\u0131n<\/p>\n","protected":false},"featured_media":28133,"template":"","meta":[],"_links":{"self":[{"href":"https:\/\/www.alcatelmobile.com\/tr\/content\/wp-json\/wp\/v2\/product\/28161"}],"collection":[{"href":"https:\/\/www.alcatelmobile.com\/tr\/content\/wp-json\/wp\/v2\/product"}],"about":[{"href":"https:\/\/www.alcatelmobile.com\/tr\/content\/wp-json\/wp\/v2\/types\/product"}],"version-history":[{"count":3,"href":"https:\/\/www.alcatelmobile.com\/tr\/content\/wp-json\/wp\/v2\/product\/28161\/revisions"}],"predecessor-version":[{"id":28186,"href":"https:\/\/www.alcatelmobile.com\/tr\/content\/wp-json\/wp\/v2\/product\/28161\/revisions\/28186"}],"wp:featuredmedia":[{"embeddable":true,"href":"https:\/\/www.alcatelmobile.com\/tr\/content\/wp-json\/wp\/v2\/media\/28133"}],"wp:attachment":[{"href":"https:\/\/www.alcatelmobile.com\/tr\/content\/wp-json\/wp\/v2\/media?parent=28161"}],"curies":[{"name":"wp","href":"https:\/\/api.w.org\/{rel}","templated":true}]}}