{"id":28708,"date":"2020-11-20T16:58:15","date_gmt":"2020-11-20T08:58:15","guid":{"rendered":"https:\/\/www.alcatelmobile.com\/tr\/?post_type=product&#038;p=28708"},"modified":"2021-01-27T15:50:38","modified_gmt":"2021-01-27T07:50:38","slug":"alcatel-1t-10-2020","status":"publish","type":"product","link":"https:\/\/www.alcatelmobile.com\/tr\/product\/tablet\/alcatel-1-series\/alcatel-1t-10-2020\/","title":{"rendered":"Alcatel 1T 10 (2020)"},"content":{"rendered":"","protected":false},"excerpt":{"rendered":"<p>E\u011flencenin ak\u0131ll\u0131 halini her yerde \u00e7\u0131kar\u0131n<\/p>\n","protected":false},"featured_media":28718,"template":"","meta":[],"_links":{"self":[{"href":"https:\/\/www.alcatelmobile.com\/tr\/content\/wp-json\/wp\/v2\/product\/28708"}],"collection":[{"href":"https:\/\/www.alcatelmobile.com\/tr\/content\/wp-json\/wp\/v2\/product"}],"about":[{"href":"https:\/\/www.alcatelmobile.com\/tr\/content\/wp-json\/wp\/v2\/types\/product"}],"version-history":[{"count":2,"href":"https:\/\/www.alcatelmobile.com\/tr\/content\/wp-json\/wp\/v2\/product\/28708\/revisions"}],"predecessor-version":[{"id":29617,"href":"https:\/\/www.alcatelmobile.com\/tr\/content\/wp-json\/wp\/v2\/product\/28708\/revisions\/29617"}],"wp:featuredmedia":[{"embeddable":true,"href":"https:\/\/www.alcatelmobile.com\/tr\/content\/wp-json\/wp\/v2\/media\/28718"}],"wp:attachment":[{"href":"https:\/\/www.alcatelmobile.com\/tr\/content\/wp-json\/wp\/v2\/media?parent=28708"}],"curies":[{"name":"wp","href":"https:\/\/api.w.org\/{rel}","templated":true}]}}