{"id":664,"date":"2019-04-22T17:31:58","date_gmt":"2019-04-22T09:31:58","guid":{"rendered":"https:\/\/www.alcatelmobile.com\/?post_type=product&#038;p=664"},"modified":"2020-04-27T13:43:52","modified_gmt":"2020-04-27T05:43:52","slug":"alcatel-3-2019","status":"publish","type":"product","link":"https:\/\/www.alcatelmobile.com\/tr\/product\/smartphone\/alcatel3\/alcatel-3-2019\/","title":{"rendered":"Alcatel 3 (2019)"},"content":{"rendered":"","protected":false},"excerpt":{"rendered":"<p>S\u00fcper Full View ekran\u0131yla optimum performans\u0131 ya\u015fay\u0131n<\/p>\n","protected":false},"featured_media":1627,"template":"","meta":[],"_links":{"self":[{"href":"https:\/\/www.alcatelmobile.com\/tr\/content\/wp-json\/wp\/v2\/product\/664"}],"collection":[{"href":"https:\/\/www.alcatelmobile.com\/tr\/content\/wp-json\/wp\/v2\/product"}],"about":[{"href":"https:\/\/www.alcatelmobile.com\/tr\/content\/wp-json\/wp\/v2\/types\/product"}],"version-history":[{"count":168,"href":"https:\/\/www.alcatelmobile.com\/tr\/content\/wp-json\/wp\/v2\/product\/664\/revisions"}],"predecessor-version":[{"id":28060,"href":"https:\/\/www.alcatelmobile.com\/tr\/content\/wp-json\/wp\/v2\/product\/664\/revisions\/28060"}],"wp:featuredmedia":[{"embeddable":true,"href":"https:\/\/www.alcatelmobile.com\/tr\/content\/wp-json\/wp\/v2\/media\/1627"}],"wp:attachment":[{"href":"https:\/\/www.alcatelmobile.com\/tr\/content\/wp-json\/wp\/v2\/media?parent=664"}],"curies":[{"name":"wp","href":"https:\/\/api.w.org\/{rel}","templated":true}]}}